{"id":9890,"date":"2023-08-21T22:13:14","date_gmt":"2023-08-21T22:13:14","guid":{"rendered":"https:\/\/prime-distributor.al\/?post_type=product&#038;p=9890"},"modified":"2026-04-23T07:24:15","modified_gmt":"2026-04-23T07:24:15","slug":"natural-moisturizing-factors-ha-for-scalp-hair-60ml","status":"publish","type":"product","link":"https:\/\/prime-distributor.al\/en\/product\/natural-moisturizing-factors-ha-for-scalp-hair-60ml\/","title":{"rendered":"Natural Moisturizing Factors + HA for Scalp (hair) &#8211; 60ml"},"content":{"rendered":"<div class=\"woocommerce-tabs wc-tabs-wrapper\">\n<div id=\"tab-description\" class=\"woocommerce-Tabs-panel woocommerce-Tabs-panel--description panel entry-content wc-tab\" role=\"tabpanel\" aria-labelledby=\"tab-title-description\">\n<h4>Natural Moisturizing Factors + HA for Scalp (hair) &#8211; 60ml<\/h4>\n<div class=\"page\" title=\"Page 13\">\n<div class=\"section\">\n<div class=\"layoutArea\">\n<div class=\"column\">\n<p>Natural Moisturizing Factors + HA For Scalp\u00a0e\u0308shte\u0308 nje\u0308 formule\u0308 e lehte\u0308, qume\u0308shtore e krijuar pe\u0308r te\u0308 mbe\u0308shtetur hidratimin e skalpit dhe pe\u0308r te\u0308 ndihmuar nga shqete\u0308simi i shkaktuar nga thate\u0308sia dhe zbokthi. Duke pe\u0308rdorur nje\u0308 kombinim pe\u0308rbe\u0308re\u0308sish qe\u0308 imitojne\u0308 funksionin e faktore\u0308ve natyrale\u0308 hidratues, se\u0308 bashku me acidin hialuronik dhe squalanin, ky serum hidratues ndihmon ne\u0308 mbe\u0308shtetjen e barriere\u0308s se\u0308 skalpit te\u0308 koke\u0308s pa u ngjitur ne\u0308 floke\u0308t tuaj ose pa i re\u0308nduar ato.<\/p>\n<\/div>\n<\/div>\n<\/div>\n<\/div>\n<h5>Udh\u00ebzimet:<\/h5>\n<ul>\n<li>Shkundni mire\u0308 para pe\u0308rdorimit.<\/li>\n<li>Masazhoni disa pika te\u0308re\u0308sisht ne\u0308 skalpin e paste\u0308r dhe te\u0308 thate\u0308 nje\u0308 here\u0308 ne\u0308 dite\u0308, ne\u0308 me\u0308nyre\u0308 ideale para gjumit.<\/li>\n<li>Mos i lani floke\u0308t ose le\u0308kure\u0308n e koke\u0308s pas aplikimit.K\u00ebshillohet patch-testing p\u00ebrpara p\u00ebrdorimit.<\/li>\n<\/ul>\n<p><em>Funksioni:\u00a0<\/em>Flok\u00ebt<\/p>\n<p><em>P\u00ebrshtatet:\u00a0<\/em>T\u00eb gjitha flok\u00ebve<\/p>\n<p><em>Format:\u00a0<\/em>Emulsion<\/p>\n<p><em><strong>P\u00ebrdorimi: 12 muaj pas hapjes<\/strong><\/em><\/p>\n<\/div>\n<\/div>","protected":false},"excerpt":{"rendered":"<p>Natural Moisturizing Factors + HA For Scalp\u00a0e\u0308shte\u0308 nje\u0308 formule\u0308 e lehte\u0308, qume\u0308shtore e krijuar pe\u0308r te\u0308 mbe\u0308shtetur hidratimin e skalpit dhe pe\u0308r te\u0308 ndihmuar nga shqete\u0308simi i shkaktuar nga thate\u0308sia dhe zbokthi<\/p>","protected":false},"featured_media":9836,"template":"","meta":{"_acf_changed":false,"inline_featured_image":false},"product_brand":[],"product_cat":[974],"product_tag":[],"class_list":{"0":"post-9890","1":"product","2":"type-product","3":"status-publish","4":"has-post-thumbnail","6":"product_cat-the-ordinary","7":"wpisset-post","8":"wpisset-post-featured","10":"first","11":"instock","12":"shipping-taxable","13":"purchasable","14":"product-type-simple"},"acf":[],"_links":{"self":[{"href":"https:\/\/prime-distributor.al\/en\/wp-json\/wp\/v2\/product\/9890","targetHints":{"allow":["GET"]}}],"collection":[{"href":"https:\/\/prime-distributor.al\/en\/wp-json\/wp\/v2\/product"}],"about":[{"href":"https:\/\/prime-distributor.al\/en\/wp-json\/wp\/v2\/types\/product"}],"wp:featuredmedia":[{"embeddable":true,"href":"https:\/\/prime-distributor.al\/en\/wp-json\/wp\/v2\/media\/9836"}],"wp:attachment":[{"href":"https:\/\/prime-distributor.al\/en\/wp-json\/wp\/v2\/media?parent=9890"}],"wp:term":[{"taxonomy":"product_brand","embeddable":true,"href":"https:\/\/prime-distributor.al\/en\/wp-json\/wp\/v2\/product_brand?post=9890"},{"taxonomy":"product_cat","embeddable":true,"href":"https:\/\/prime-distributor.al\/en\/wp-json\/wp\/v2\/product_cat?post=9890"},{"taxonomy":"product_tag","embeddable":true,"href":"https:\/\/prime-distributor.al\/en\/wp-json\/wp\/v2\/product_tag?post=9890"}],"curies":[{"name":"wp","href":"https:\/\/api.w.org\/{rel}","templated":true}]}}