{"id":9884,"date":"2023-08-21T22:02:09","date_gmt":"2023-08-21T22:02:09","guid":{"rendered":"https:\/\/prime-distributor.al\/?post_type=product&#038;p=9884"},"modified":"2026-03-17T10:40:57","modified_gmt":"2026-03-17T10:40:57","slug":"the-bright-set","status":"publish","type":"product","link":"https:\/\/prime-distributor.al\/en\/product\/the-bright-set\/","title":{"rendered":"The Bright Set"},"content":{"rendered":"<p>The Bright Set<\/p>\n<div class=\"page\" title=\"Page 17\">\n<div class=\"layoutArea\">\n<div class=\"column\">\n<p><strong>Squalane Cleanser<\/strong> \u00ebsht\u00eb formuluar p\u00ebr t\u00eb pastruar l\u00ebkur\u00ebn duke hequr grimin dhe papast\u00ebrtit\u00eb.<br \/>\n<strong>Caffeine Solution 5% + EGCG<\/strong> \u00ebsht\u00eb nj\u00eb serum me baz\u00eb uji q\u00eb redukton pamjen e fryrjes dhe rrath\u00ebve t\u00eb zinj n\u00eb konturin e syve.<strong> Ethylated Ascorbic Acid 15% Solution<\/strong> ndihmon n\u00eb reduktimin e duksh\u00ebm t\u00eb shenjave t\u00eb plakjes duke zbardhur dhe balancuar tonin e pabarabart\u00eb t\u00eb l\u00ebkur\u00ebs. Kjo formul\u00eb ka nj\u00eb madh\u00ebsi t\u00eb vog\u00ebl molekulare, duke lejuar rezultate m\u00eb t\u00eb shpejta t\u00eb dukshme me m\u00eb pak potencial acarimi. <strong>Glycolic Acid 7% Toning Solution<\/strong> \u00ebsht\u00eb nj\u00eb eksfoliant q\u00eb ndihmon n\u00eb p\u00ebrmir\u00ebsimin e past\u00ebrtis\u00eb s\u00eb l\u00ebkur\u00ebs, balancimin e tonit t\u00eb pabarabart\u00eb dhe tekstur\u00ebn me kalimin e koh\u00ebs.<\/p>\n<div class=\"page\" title=\"Page 17\">\n<div class=\"layoutArea\">\n<div class=\"column\">\n<p>Funksioni: Shenja plakjeje, pastrim, suport antioksidant, zbardhim, rrath\u00eb t\u00eb zinj, fryrje posht\u00eb syve<\/p>\n<\/div>\n<div class=\"column\">\n<p>Pe\u0308rshtatet: Te\u0308 gjitha le\u0308kurave<\/p>\n<\/div>\n<div class=\"column\">\n<p>Produktet: Squalane Cleanser, Caffeine Solution 5% + EGCG, Ethylated Ascorbic Acid 15% Solution, Glycolic Acid 7% Toning Solution<\/p>\n<\/div>\n<\/div>\n<\/div>\n<\/div>\n<\/div>\n<\/div>","protected":false},"excerpt":{"rendered":"<p id=\"tw-target-text\" class=\"tw-data-text tw-text-large tw-ta\" dir=\"ltr\" data-placeholder=\"P\u00ebrkthimi\" data-ved=\"2ahUKEwj6zJzk4IyDAxVQS_EDHWyZC44Q3ewLegQICRAQ\"><span class=\"Y2IQFc\" lang=\"sq\">Nj\u00eb l\u00ebkur\u00eb me shk\u00eblqim k\u00ebrkon nj\u00eb qasje holistike!<br \/>\nSeti p\u00ebrfshin formula ky\u00e7e p\u00ebr t\u00eb synuar tonin e pabarabart\u00eb t\u00eb l\u00ebkur\u00ebs dhe p\u00ebrmir\u00ebsimin e saj.<\/span><\/p>\n<p>&nbsp;<\/p>","protected":false},"featured_media":9969,"template":"","meta":{"_acf_changed":false,"inline_featured_image":false},"product_brand":[],"product_cat":[974],"product_tag":[],"class_list":{"0":"post-9884","1":"product","2":"type-product","3":"status-publish","4":"has-post-thumbnail","6":"product_cat-the-ordinary","7":"wpisset-post","8":"wpisset-post-featured","10":"first","11":"instock","12":"shipping-taxable","13":"purchasable","14":"product-type-simple"},"acf":[],"_links":{"self":[{"href":"https:\/\/prime-distributor.al\/en\/wp-json\/wp\/v2\/product\/9884","targetHints":{"allow":["GET"]}}],"collection":[{"href":"https:\/\/prime-distributor.al\/en\/wp-json\/wp\/v2\/product"}],"about":[{"href":"https:\/\/prime-distributor.al\/en\/wp-json\/wp\/v2\/types\/product"}],"wp:featuredmedia":[{"embeddable":true,"href":"https:\/\/prime-distributor.al\/en\/wp-json\/wp\/v2\/media\/9969"}],"wp:attachment":[{"href":"https:\/\/prime-distributor.al\/en\/wp-json\/wp\/v2\/media?parent=9884"}],"wp:term":[{"taxonomy":"product_brand","embeddable":true,"href":"https:\/\/prime-distributor.al\/en\/wp-json\/wp\/v2\/product_brand?post=9884"},{"taxonomy":"product_cat","embeddable":true,"href":"https:\/\/prime-distributor.al\/en\/wp-json\/wp\/v2\/product_cat?post=9884"},{"taxonomy":"product_tag","embeddable":true,"href":"https:\/\/prime-distributor.al\/en\/wp-json\/wp\/v2\/product_tag?post=9884"}],"curies":[{"name":"wp","href":"https:\/\/api.w.org\/{rel}","templated":true}]}}