{"id":9865,"date":"2023-08-21T21:32:16","date_gmt":"2023-08-21T21:32:16","guid":{"rendered":"https:\/\/prime-distributor.al\/?post_type=product&#038;p=9865"},"modified":"2026-01-12T13:18:49","modified_gmt":"2026-01-12T13:18:49","slug":"100-organic-cold-pressed-rose-hip-seed-oil-30ml","status":"publish","type":"product","link":"https:\/\/prime-distributor.al\/en\/product\/100-organic-cold-pressed-rose-hip-seed-oil-30ml\/","title":{"rendered":"100% Organic Cold-Pressed Rose Hip Seed Oil &#8211; 30ml"},"content":{"rendered":"<h4>100% Organic Cold-Pressed Rose Hip Seed Oil &#8211; 30ml<\/h4>\n<p>Vaji 100% organik i far\u00ebs s\u00eb tr\u00ebndafilit t\u00eb eg\u00ebr\u00a0i presuar n\u00eb t\u00eb ftoh\u00eb hidraton n\u00eb m\u00ebnyr\u00eb\u00a0natyrale l\u00ebkur\u00ebn p\u00ebr t\u00eb ndihmuar zhdukjen e\u00a0shenjave t\u00eb plakjes, duke zbardhur dhe\u00a0balancuar tonin e pabarabart\u00eb t\u00eb l\u00ebkur\u00ebs, duke\u00a0mb\u00ebshtetur elasticitetin e l\u00ebkur\u00ebs dhe duke\u00a0promovuar l\u00ebkur\u00eb t\u00eb but\u00eb dhe m\u00eb rrezatuese.\u00a0\u00cbsht\u00eb mjaft i p\u00ebrshtatsh\u00ebm p\u00ebr p\u00ebrdorim t\u00eb\u00a0p\u00ebrditsh\u00ebm.\u00a0Vaji yn\u00eb i far\u00ebs s\u00eb tr\u00ebndafilit \u00ebsht\u00eb plot\u00ebsisht i\u00a0parafinuar dhe jep nj\u00eb arom\u00eb natyrale pjes\u00ebrisht\u00a0p\u00ebr shkak t\u00eb p\u00ebrmbajtjes s\u00eb lart\u00eb t\u00eb acideve\u00a0yndyrore omega. Kjo arom\u00eb nuk \u00ebsht\u00eb nj\u00eb\u00a0tregues q\u00eb \u00ebsht\u00eb i prishur.<\/p>\n<h5>Udh\u00ebzimet:<\/h5>\n<p>Aplikoni disa pika n\u00eb fytyr\u00eb nj\u00eb her\u00eb n\u00eb dit\u00eb,\u00a0n\u00eb m\u00ebnyr\u00eb ideale para gjumit.<\/p>\n<p><em>Funksioni:\u00a0<\/em>That\u00ebsi, Pa shk\u00eblqim,\u00a0Shenja t\u00eb plakjes<\/p>\n<p><em>P\u00ebrshtatet:\u00a0<\/em>T\u00eb gjitha l\u00ebkurave<\/p>\n<p><em>Format:\u00a0<\/em>Vajor<\/p>\n<p><em><strong>P\u00ebrdorimi: 6 muaj pas hapjes<\/strong><\/em><\/p>","protected":false},"excerpt":{"rendered":"<p>Vaji 100% organik i far\u00ebs s\u00eb tr\u00ebndafilit t\u00eb eg\u00ebr\u00a0i presuar n\u00eb t\u00eb ftoh\u00eb hidraton n\u00eb m\u00ebnyr\u00eb\u00a0natyrale l\u00ebkur\u00ebn p\u00ebr t\u00eb ndihmuar zhdukjen e\u00a0shenjave t\u00eb plakjes, duke zbardhur dhe\u00a0balancuar tonin e pabarabart\u00eb t\u00eb l\u00ebkur\u00ebs, duke\u00a0mb\u00ebshtetur elasticitetin e l\u00ebkur\u00ebs dhe duke\u00a0promovuar l\u00ebkur\u00eb t\u00eb but\u00eb dhe m\u00eb rrezatuese.<\/p>","protected":false},"featured_media":9798,"template":"","meta":{"_acf_changed":false,"inline_featured_image":false},"product_brand":[],"product_cat":[974],"product_tag":[],"class_list":{"0":"post-9865","1":"product","2":"type-product","3":"status-publish","4":"has-post-thumbnail","6":"product_cat-the-ordinary","7":"wpisset-post","8":"wpisset-post-featured","10":"first","11":"outofstock","12":"shipping-taxable","13":"purchasable","14":"product-type-simple"},"acf":[],"_links":{"self":[{"href":"https:\/\/prime-distributor.al\/en\/wp-json\/wp\/v2\/product\/9865","targetHints":{"allow":["GET"]}}],"collection":[{"href":"https:\/\/prime-distributor.al\/en\/wp-json\/wp\/v2\/product"}],"about":[{"href":"https:\/\/prime-distributor.al\/en\/wp-json\/wp\/v2\/types\/product"}],"wp:featuredmedia":[{"embeddable":true,"href":"https:\/\/prime-distributor.al\/en\/wp-json\/wp\/v2\/media\/9798"}],"wp:attachment":[{"href":"https:\/\/prime-distributor.al\/en\/wp-json\/wp\/v2\/media?parent=9865"}],"wp:term":[{"taxonomy":"product_brand","embeddable":true,"href":"https:\/\/prime-distributor.al\/en\/wp-json\/wp\/v2\/product_brand?post=9865"},{"taxonomy":"product_cat","embeddable":true,"href":"https:\/\/prime-distributor.al\/en\/wp-json\/wp\/v2\/product_cat?post=9865"},{"taxonomy":"product_tag","embeddable":true,"href":"https:\/\/prime-distributor.al\/en\/wp-json\/wp\/v2\/product_tag?post=9865"}],"curies":[{"name":"wp","href":"https:\/\/api.w.org\/{rel}","templated":true}]}}