{"id":9633,"date":"2023-08-06T15:52:16","date_gmt":"2023-08-06T15:52:16","guid":{"rendered":"https:\/\/prime-distributor.al\/?post_type=product&#038;p=9633"},"modified":"2026-04-28T13:16:39","modified_gmt":"2026-04-28T13:16:39","slug":"salicylic-acid-2-solution-30ml","status":"publish","type":"product","link":"https:\/\/prime-distributor.al\/en\/product\/salicylic-acid-2-solution-30ml\/","title":{"rendered":"Salicylic Acid 2% Solution 30ml"},"content":{"rendered":"<h4>Salicylic Acid 2% Solution 30ml<\/h4>\n<div class=\"page\" title=\"Page 7\">\n<div class=\"layoutArea\">\n<div class=\"column\">\n<p>Solucioni i Acidit Salicilik 2% e\u0308shte\u0308 nje\u0308 serum me baze\u0308 uji i be\u0308re\u0308 me nje\u0308 pe\u0308rqendrim optimal te\u0308 acidit salicilik i cili synon parregullsite\u0308 e teksture\u0308s duke hequr qelizat e vdekura te\u0308 le\u0308kure\u0308s qe\u0308 mund te\u0308 bllokojne\u0308 poret. Dhe pe\u0308r shkak se promovon eksfolimin, ky solucion ndihmon ne\u0308 reduktimin e dukshe\u0308m te\u0308 kongjestionit, duke i le\u0308ne\u0308 vendin le\u0308kure\u0308s te\u0308 jet me\u0308 e ndritshme dhe me\u0308 e paste\u0308r. I pe\u0308rshtatshe\u0308m pe\u0308r pe\u0308rdorim edhe nga adoleshente\u0308t me le\u0308kure\u0308 te\u0308 prirur ndaj akneve.<\/p>\n<h5><\/h5>\n<h5>Udhe\u0308zimet:<\/h5>\n<p>Aplikojeni nje\u0308 here\u0308 ne\u0308 dite\u0308 ne\u0308 mbre\u0308mje.<br \/>\nAplikoni nje\u0308 pike\u0308 te\u0308 voge\u0308l ne\u0308 zone\u0308n e synuar ose aplikoni nje\u0308 sasi te\u0308 voge\u0308l ne\u0308 fytyre\u0308 pe\u0308r pe\u0308rdorim te\u0308 pe\u0308rgjithshe\u0308m. Mos e pe\u0308rdorni ne\u0308 le\u0308kure\u0308 te\u0308 ndjeshme, te\u0308 qe\u0308ruar ose te\u0308 de\u0308mtuar. Shmangni konturin e syve dhe kontaktin me syte\u0308. Ke\u0308shillohet patch-testing pe\u0308rpara pe\u0308rdorimit. Aplikojeni produktin sipas udhe\u0308zimeve ne\u0308 nje\u0308 zone\u0308 te\u0308 voge\u0308l nje\u0308 here\u0308 ne\u0308 dite\u0308 pe\u0308r tre dite\u0308 pe\u0308r te\u0308 provuar ne\u0308se jeni te\u0308 ndjeshe\u0308m ndaj ke\u0308tij produkti. Ne\u0308se keni irritim, urtikarie, e\u0308njtje te\u0308 syve dhe goje\u0308s, fshike\u0308za ose ve\u0308shtire\u0308si ne\u0308 fryme\u0308marrje, shpe\u0308lajeni, nde\u0308rprisni pe\u0308rdorimin dhe ke\u0308shillohuni menje\u0308here\u0308 me nje\u0308 mjek.<\/p>\n<\/div>\n<div class=\"column\">\n<p><strong>Kujdes<\/strong>: pe\u0308r djegien nga dielli: Ky produkt pe\u0308rmban nje\u0308 acid beta hidroksi (BHA) qe\u0308 mund te\u0308 rrise\u0308 ndjeshme\u0308rine\u0308 e le\u0308kure\u0308s tuaj ndaj diellit. Pe\u0308rdorni krem kunde\u0308r diellit, vishni veshje mbrojte\u0308se dhe kufizoni ekspozimin ndaj diellit gjate\u0308 pe\u0308rdorimit te\u0308 ke\u0308tij produkti dhe pe\u0308r nje\u0308 jave\u0308 me\u0308 pas<\/p>\n<div class=\"page\" title=\"Page 7\">\n<div class=\"layoutArea\">\n<div class=\"column\">\n<p>Funksioni: Shenja te\u0308 plakjes, pa shke\u0308lqim, suport antioksidant, parregullsi ne\u0308 tonin e le\u0308kure\u0308s<\/p>\n<\/div>\n<div class=\"column\">\n<p>Pe\u0308rshtatet: Te\u0308 gjitha le\u0308kurave<\/p>\n<\/div>\n<div class=\"column\">\n<p>Format: Water-based Serum<\/p>\n<p><em><strong>P\u00ebrdorimi: shikoni dat\u00ebn e skadenc\u00ebs<br \/>\n<\/strong><\/em><\/p>\n<\/div>\n<\/div>\n<\/div>\n<\/div>\n<\/div>\n<\/div>","protected":false},"excerpt":{"rendered":"<div class=\"page\" title=\"Page 7\">\n<div class=\"layoutArea\">\n<div class=\"column\">Solucioni i Acidit Salicilik 2% e\u0308shte\u0308 nje\u0308 serum me baze\u0308 uji i be\u0308re\u0308 me nje\u0308 pe\u0308rqendrim optimal te\u0308 acidit salicilik i cili synon parregullsite\u0308 e teksture\u0308s duke hequr qelizat e vdekura te\u0308 le\u0308kure\u0308s qe\u0308 mund te\u0308 bllokojne\u0308 poret. Dhe pe\u0308r shkak se promovon eksfolimin, ky solucion ndihmon ne\u0308 reduktimin e dukshe\u0308m te\u0308 kongjestionit, duke i le\u0308ne\u0308 vendin le\u0308kure\u0308s te\u0308 jet me\u0308 e ndritshme dhe me\u0308 e paste\u0308r. I pe\u0308rshtatshe\u0308m pe\u0308r pe\u0308rdorim edhe nga adoleshente\u0308t me le\u0308kure\u0308 te\u0308 prirur ndaj akneve.<\/div>\n<\/div>\n<\/div>","protected":false},"featured_media":0,"template":"","meta":{"_acf_changed":false,"inline_featured_image":false},"product_brand":[],"product_cat":[974],"product_tag":[],"class_list":{"0":"post-9633","1":"product","2":"type-product","3":"status-publish","5":"product_cat-the-ordinary","6":"wpisset-post","8":"first","9":"instock","10":"shipping-taxable","11":"purchasable","12":"product-type-simple"},"acf":[],"_links":{"self":[{"href":"https:\/\/prime-distributor.al\/en\/wp-json\/wp\/v2\/product\/9633","targetHints":{"allow":["GET"]}}],"collection":[{"href":"https:\/\/prime-distributor.al\/en\/wp-json\/wp\/v2\/product"}],"about":[{"href":"https:\/\/prime-distributor.al\/en\/wp-json\/wp\/v2\/types\/product"}],"wp:attachment":[{"href":"https:\/\/prime-distributor.al\/en\/wp-json\/wp\/v2\/media?parent=9633"}],"wp:term":[{"taxonomy":"product_brand","embeddable":true,"href":"https:\/\/prime-distributor.al\/en\/wp-json\/wp\/v2\/product_brand?post=9633"},{"taxonomy":"product_cat","embeddable":true,"href":"https:\/\/prime-distributor.al\/en\/wp-json\/wp\/v2\/product_cat?post=9633"},{"taxonomy":"product_tag","embeddable":true,"href":"https:\/\/prime-distributor.al\/en\/wp-json\/wp\/v2\/product_tag?post=9633"}],"curies":[{"name":"wp","href":"https:\/\/api.w.org\/{rel}","templated":true}]}}