{"id":9623,"date":"2023-08-06T15:45:15","date_gmt":"2023-08-06T15:45:15","guid":{"rendered":"https:\/\/prime-distributor.al\/?post_type=product&#038;p=9623"},"modified":"2026-01-27T09:39:34","modified_gmt":"2026-01-27T09:39:34","slug":"multi-peptide-copper-peptides-1-serum-buffet-copper-peptides-1-serum-30ml","status":"publish","type":"product","link":"https:\/\/prime-distributor.al\/en\/product\/multi-peptide-copper-peptides-1-serum-buffet-copper-peptides-1-serum-30ml\/","title":{"rendered":"Multi-Peptide + Copper Peptides 1% Serum (&#8220;Buffet&#8221; + Copper Peptides 1% Serum) &#8211; 30ml"},"content":{"rendered":"<h4>Multi-Peptide + Copper Peptides 1% Serum\u00a0(&#8220;Buffet&#8221; + Copper Peptides 1% Serum) 30 ml<\/h4>\n<p>Multi-Peptide + Copper Peptides 1% (m\u00eb par\u00eb &#8220;Buffet&#8221; + Copper Peptides 1%) \u00ebsht\u00eb\u00a0nj\u00eb formul\u00eb e cila p\u00ebrdor teknologji t\u00eb shumta mb\u00ebshtet\u00ebse t\u00eb l\u00ebkur\u00ebs q\u00eb luftojn\u00eb\u00a0shenjat e shumta t\u00eb plakjes me efektivitet t\u00eb menj\u00ebhersh\u00ebm. Formula p\u00ebrfshin\u00a0pes\u00eb teknologji peptide t\u00eb mir\u00eb-studiuara, aminoacide, dhe acide t\u00eb shumta\u00a0hialuronik. P\u00ebr ata q\u00eb k\u00ebrkojn\u00eb nj\u00eb zgjidhje gjith\u00ebp\u00ebrfshir\u00ebse p\u00ebr kujdesin e l\u00ebkur\u00ebs,\u00a0Multi-Peptide + Peptide Bakri 1% ndihmon n\u00eb p\u00ebrmir\u00ebsimin e pamjes s\u00eb rrudhave t\u00eb\u00a0holla dhe dinamike dhe p\u00ebrmir\u00ebson elasticitetin dhe but\u00ebsin\u00eb. Duke qen\u00eb se ky\u00a0serum i avancuar p\u00ebrmban peptide t\u00eb drejtp\u00ebrdrejta t\u00eb bakrit, ai synon gjithashtu\u00a0shenjat e plakjes q\u00eb zakonisht lidhen me stresin oksidativ, duke rezultuar n\u00eb l\u00ebkur\u00eb\u00a0rrezatuese dhe m\u00eb t\u00eb sh\u00ebndetshme.<\/p>\n<h5>Udh\u00ebzimet:<\/h5>\n<p>Aplikoni disa pika n\u00eb fytyr\u00eb n\u00eb m\u00ebngjes dhe n\u00eb\u00a0mbr\u00ebmje.<\/p>\n<p><em>Funksioni:<\/em>\u00a0Shenja t\u00eb plakjes<\/p>\n<p><em>P\u00ebrshtatet:\u00a0<\/em>T\u00eb gjitha l\u00ebkurave<\/p>\n<p><em>Format:\u00a0<\/em>Water-based Serum<\/p>\n<p><em><strong>P\u00ebrdorimi: 6 muaj pas hapjes<\/strong><\/em><\/p>","protected":false},"excerpt":{"rendered":"<p>Multi-Peptide + Copper Peptides 1% (m\u00eb par\u00eb &#8220;Buffet&#8221; + Copper Peptides 1%) \u00ebsht\u00eb\u00a0nj\u00eb formul\u00eb e cila p\u00ebrdor teknologji t\u00eb shumta mb\u00ebshtet\u00ebse t\u00eb l\u00ebkur\u00ebs q\u00eb luftojn\u00eb\u00a0shenjat e shumta t\u00eb plakjes me efektivitet t\u00eb menj\u00ebhersh\u00ebm.<\/p>","protected":false},"featured_media":9831,"template":"","meta":{"_acf_changed":false,"inline_featured_image":false},"product_brand":[],"product_cat":[974],"product_tag":[],"class_list":{"0":"post-9623","1":"product","2":"type-product","3":"status-publish","4":"has-post-thumbnail","6":"product_cat-the-ordinary","7":"wpisset-post","8":"wpisset-post-featured","10":"first","11":"outofstock","12":"shipping-taxable","13":"purchasable","14":"product-type-simple"},"acf":[],"_links":{"self":[{"href":"https:\/\/prime-distributor.al\/en\/wp-json\/wp\/v2\/product\/9623","targetHints":{"allow":["GET"]}}],"collection":[{"href":"https:\/\/prime-distributor.al\/en\/wp-json\/wp\/v2\/product"}],"about":[{"href":"https:\/\/prime-distributor.al\/en\/wp-json\/wp\/v2\/types\/product"}],"wp:featuredmedia":[{"embeddable":true,"href":"https:\/\/prime-distributor.al\/en\/wp-json\/wp\/v2\/media\/9831"}],"wp:attachment":[{"href":"https:\/\/prime-distributor.al\/en\/wp-json\/wp\/v2\/media?parent=9623"}],"wp:term":[{"taxonomy":"product_brand","embeddable":true,"href":"https:\/\/prime-distributor.al\/en\/wp-json\/wp\/v2\/product_brand?post=9623"},{"taxonomy":"product_cat","embeddable":true,"href":"https:\/\/prime-distributor.al\/en\/wp-json\/wp\/v2\/product_cat?post=9623"},{"taxonomy":"product_tag","embeddable":true,"href":"https:\/\/prime-distributor.al\/en\/wp-json\/wp\/v2\/product_tag?post=9623"}],"curies":[{"name":"wp","href":"https:\/\/api.w.org\/{rel}","templated":true}]}}