{"id":9497,"date":"2023-07-24T10:38:06","date_gmt":"2023-07-24T10:38:06","guid":{"rendered":"https:\/\/prime-distributor.al\/?post_type=product&#038;p=9497"},"modified":"2025-01-07T15:19:03","modified_gmt":"2025-01-07T15:19:03","slug":"leave-in-detangler-conditioner","status":"publish","type":"product","link":"https:\/\/prime-distributor.al\/en\/product\/leave-in-detangler-conditioner\/","title":{"rendered":"Leave-in Detangler Conditioner"},"content":{"rendered":"<p>PSE \u00cbSHT\u00cb KAQ FANTASTIK!<\/p>\n<p>Jack N\u2019 Jill Kids Detangler &amp; Leave-in Conditioner \u00ebsht\u00eb produkti i duhur p\u00ebr t\u2019a b\u00ebr\u00eb koh\u00ebn e banj\u00ebs relaksuese p\u00ebr prind\u00ebrit dhe f\u00ebmij\u00ebt!<br \/>\nMe Jack N\u2019 Jill Leave in Conditioner\/Detangler \u00ebsht\u00eb nj\u00eb sp\u00ebrkatje e thjesht\u00eb pa shp\u00eblarje, duke reduktuar koh\u00ebn e kaluar p\u00ebr t\u00eb negociuar k\u00ebt\u00eb hap t\u00eb fundit t\u00eb kujdesit t\u00eb flok\u00ebve!<\/p>\n<p>Kontrollon ngat\u00ebrresat, elektricitetinstatik dhe flok\u00ebt e gjat\u00eb<br \/>\nUshqen flok\u00ebt<br \/>\nDelikat me flok\u00ebt<br \/>\nPa silikon<br \/>\nVegan<br \/>\nNdihmon n\u00eb reduktimin e kokave dyshe<\/p>\n<p>Udh\u00ebzimet: Tundeni mir\u00eb, m\u00eb pas shp\u00ebrndajeni n\u00eb m\u00ebnyr\u00eb t\u00eb barabart\u00eb n\u00eb flok\u00eb t\u00eb lagur dhe t\u00eb that\u00eb. Krehni dhe shijoni flok\u00ebt e m\u00ebndafsht\u00eb pa asnj\u00eb ngat\u00ebrres\u00eb!<\/p>\n<p>KUJDES: Vet\u00ebm p\u00ebr p\u00ebrdorim t\u00eb jasht\u00ebm. Shmangni kontaktin me syt\u00eb. Ne rekomandojm\u00eb testimin e patch-it p\u00ebrpara p\u00ebrdorimit. N\u00ebse shfaqet ndonj\u00eb reaksion negativ, ndaloni p\u00ebrdorimin dhe kontaktoni mjekun tuaj. P\u00ebrdoreni vet\u00ebm n\u00ebn mbik\u00ebqyrjen e t\u00eb rriturve. Ruani produktin midis 5-28 grad\u00eb Celsius. Ashtu si me shum\u00eb produkte natyrale, mund t\u00eb ndodhin ndryshime n\u00eb ngjyr\u00eb.<\/p>\n<p>\u00c7FAR\u00cb KA N\u00cb T\u00cb?<\/p>\n<p>P\u00cbRB\u00cbR\u00cbSIT: L\u00ebng gjethesh Aloe Barbadensis (Aloe Vera), Glicerin\u00eb, Alkool Cetyl, Klorur Cetrimonium, Alkool Cetearyl dhe Polisorbat 60, Ekstrakt i gjetheve Rosmarinus Officinalis (Rozmarine), Olea Europaea (Gethet e ullirit, ulliri, ulliri i gjetheve) Heptyl Undecylenate, Gliceryl Caprylate, Simmondsia Chinenses (jojoba) Vaj farash, Citronello*, Geraniol*, Linalool*.<\/p>\n<p>*Natyrisht q\u00eb gjendet n\u00eb vajin esencial.<\/p>","protected":false},"excerpt":{"rendered":"<p>Balsam p\u00ebr flok\u00ebt pa shp\u00ebrlarje<\/p>\n<p>Jack N\u2019 Jill Detangler &amp; Leave-in Conditioner \u00ebsht\u00eb pa shp\u00eblarje, ushqyes dhe i p\u00ebrshtatsh\u00ebm p\u00ebr t\u00eb gjitha llojet e flok\u00ebve. Me arom\u00eb delikate me vaj lulesh barbaroz\u00eb tr\u00ebndafili. Formulimi yn\u00eb pa kompromis p\u00ebrdor Aloe Vera, Vaj Jojoba, Rozmarine dhe ekstrakte t\u00eb gjetheve t\u00eb Ullirit p\u00ebr t\u00eb ushqyer edhe flok\u00ebt m\u00eb t\u00eb pabindur!<\/p>","protected":false},"featured_media":10064,"template":"","meta":{"_acf_changed":false,"inline_featured_image":false},"product_brand":[],"product_cat":[50],"product_tag":[508],"class_list":{"0":"post-9497","1":"product","2":"type-product","3":"status-publish","4":"has-post-thumbnail","6":"product_cat-jack-njill","7":"product_tag-jack-njill","8":"wpisset-post","9":"wpisset-post-featured","10":"wpisset-woo-has-gallery","12":"first","13":"outofstock","14":"shipping-taxable","15":"purchasable","16":"product-type-simple"},"acf":[],"_links":{"self":[{"href":"https:\/\/prime-distributor.al\/en\/wp-json\/wp\/v2\/product\/9497","targetHints":{"allow":["GET"]}}],"collection":[{"href":"https:\/\/prime-distributor.al\/en\/wp-json\/wp\/v2\/product"}],"about":[{"href":"https:\/\/prime-distributor.al\/en\/wp-json\/wp\/v2\/types\/product"}],"wp:featuredmedia":[{"embeddable":true,"href":"https:\/\/prime-distributor.al\/en\/wp-json\/wp\/v2\/media\/10064"}],"wp:attachment":[{"href":"https:\/\/prime-distributor.al\/en\/wp-json\/wp\/v2\/media?parent=9497"}],"wp:term":[{"taxonomy":"product_brand","embeddable":true,"href":"https:\/\/prime-distributor.al\/en\/wp-json\/wp\/v2\/product_brand?post=9497"},{"taxonomy":"product_cat","embeddable":true,"href":"https:\/\/prime-distributor.al\/en\/wp-json\/wp\/v2\/product_cat?post=9497"},{"taxonomy":"product_tag","embeddable":true,"href":"https:\/\/prime-distributor.al\/en\/wp-json\/wp\/v2\/product_tag?post=9497"}],"curies":[{"name":"wp","href":"https:\/\/api.w.org\/{rel}","templated":true}]}}