{"id":9243,"date":"2023-07-03T12:41:59","date_gmt":"2023-07-03T12:41:59","guid":{"rendered":"https:\/\/prime-distributor.al\/?post_type=product&#038;p=9243"},"modified":"2026-04-09T12:48:22","modified_gmt":"2026-04-09T12:48:22","slug":"love-a-bowls-10pcs","status":"publish","type":"product","link":"https:\/\/prime-distributor.al\/en\/product\/love-a-bowls-10pcs\/","title":{"rendered":"Love-a-Bowls &#8211; 10pcs"},"content":{"rendered":"<h2>Love-a-Bowls\u2122 &#8211; 10pcs<\/h2>\n<p>Ky set prej kat\u00ebr tasash t\u00eb nd\u00ebrruesh\u00ebm vjen me kat\u00ebr kapak\u00eb dhe dy lug\u00eb me maj\u00eb t\u00eb but\u00eb, duke e b\u00ebr\u00eb k\u00ebt\u00eb setin fillestarin perfekt p\u00ebr dit\u00ebt e para t\u00eb ushqyerjes. I duhuri p\u00ebr \u00e7do gj\u00eb, nga ushqimi p\u00ebr f\u00ebmij\u00eb deri te ushqimet e vogla p\u00ebr t\u00eb vegjlit, k\u00ebto tasa jan\u00eb t\u00eb leht\u00eb p\u00ebr t&#8217;u ruajtur dhe praktik p\u00ebr n\u00ebnat e z\u00ebna p\u00ebr t&#8217;i marr\u00eb n\u00eb l\u00ebvizje.<\/p>\n<h3>Karakteristikat:<\/h3>\n<ul>\n<li>T\u00eb pap\u00ebrshkuesh\u00ebm nga derdhja, rezistente ndaj rrjedhjeve dhe thyerjes<\/li>\n<li>P\u00ebrfshin 4 tasa, 4 kapak dhe 2 lug\u00eb me maj\u00eb t\u00eb but\u00eb<\/li>\n<li>An\u00ebt leht\u00eb p\u00ebr t&#8217;u kapur<\/li>\n<li>Pa BPA<\/li>\n<li>Mund t\u00eb lahen n\u00eb lavastovlje<\/li>\n<li>Mund t\u00eb p\u00ebrdoren n\u00eb mikroval\u00eb<\/li>\n<li><strong>4+ muaj<\/strong><\/li>\n<\/ul>","protected":false},"excerpt":{"rendered":"<p>Ky set prej kat\u00ebr tasash t\u00eb nd\u00ebrruesh\u00ebm vjen me kat\u00ebr kapak\u00eb dhe dy lug\u00eb me maj\u00eb t\u00eb but\u00eb, duke e b\u00ebr\u00eb k\u00ebt\u00eb setin fillestarin perfekt p\u00ebr dit\u00ebt e para t\u00eb ushqyerjes. I duhuri p\u00ebr \u00e7do gj\u00eb dhe praktik p\u00ebr n\u00ebnat e z\u00ebna p\u00ebr t&#8217;i marr\u00eb n\u00eb l\u00ebvizje.<\/p>","protected":false},"featured_media":9180,"template":"","meta":{"_acf_changed":false,"inline_featured_image":false},"product_brand":[],"product_cat":[950],"product_tag":[966,969,967,968],"class_list":{"0":"post-9243","1":"product","2":"type-product","3":"status-publish","4":"has-post-thumbnail","6":"product_cat-munchkin","7":"product_tag-bowls","8":"product_tag-cutlery","9":"product_tag-plates","10":"product_tag-spoons","11":"wpisset-post","12":"wpisset-post-featured","13":"wpisset-woo-has-gallery","15":"first","16":"instock","17":"shipping-taxable","18":"purchasable","19":"product-type-simple"},"acf":[],"_links":{"self":[{"href":"https:\/\/prime-distributor.al\/en\/wp-json\/wp\/v2\/product\/9243","targetHints":{"allow":["GET"]}}],"collection":[{"href":"https:\/\/prime-distributor.al\/en\/wp-json\/wp\/v2\/product"}],"about":[{"href":"https:\/\/prime-distributor.al\/en\/wp-json\/wp\/v2\/types\/product"}],"wp:featuredmedia":[{"embeddable":true,"href":"https:\/\/prime-distributor.al\/en\/wp-json\/wp\/v2\/media\/9180"}],"wp:attachment":[{"href":"https:\/\/prime-distributor.al\/en\/wp-json\/wp\/v2\/media?parent=9243"}],"wp:term":[{"taxonomy":"product_brand","embeddable":true,"href":"https:\/\/prime-distributor.al\/en\/wp-json\/wp\/v2\/product_brand?post=9243"},{"taxonomy":"product_cat","embeddable":true,"href":"https:\/\/prime-distributor.al\/en\/wp-json\/wp\/v2\/product_cat?post=9243"},{"taxonomy":"product_tag","embeddable":true,"href":"https:\/\/prime-distributor.al\/en\/wp-json\/wp\/v2\/product_tag?post=9243"}],"curies":[{"name":"wp","href":"https:\/\/api.w.org\/{rel}","templated":true}]}}