{"id":9233,"date":"2023-07-03T12:26:27","date_gmt":"2023-07-03T12:26:27","guid":{"rendered":"https:\/\/prime-distributor.al\/?post_type=product&#038;p=9233"},"modified":"2026-04-15T12:23:50","modified_gmt":"2026-04-15T12:23:50","slug":"splash-cutlery-3pk","status":"publish","type":"product","link":"https:\/\/prime-distributor.al\/en\/product\/splash-cutlery-3pk\/","title":{"rendered":"Splash Cutlery &#8211; 3pk"},"content":{"rendered":"<h2>Splash Cutlery &#8211; 3pk<\/h2>\n<p>Hapi tjet\u00ebr: ushqyerja e pavarur!<\/p>\n<p>Vet\u00ebushqyerja \u00ebsht\u00eb nj\u00eb moment historik i shum\u00ebansh\u00ebm. Pasi t\u00eb ndihen mjaft rehat p\u00ebr t\u00eb ngr\u00ebn\u00eb vet\u00eb, ata duhet t\u00eb zot\u00ebrojn\u00eb edhe p\u00ebrdorimin e mjeteve t\u00eb ushqimit! Shtyjini ato n\u00eb drejtimin e duhur me pajisjet e sheshta p\u00ebr f\u00ebmij\u00eb Splash\u2122. Set i krijuar posa\u00e7\u00ebrisht p\u00ebr goj\u00ebt dhe duart e vogla. Seti me lug\u00eb, pirun dhe thik\u00eb sjell nj\u00eb nivel t\u00eb vet\u00ebushqyerjes me doreza t\u00eb rehatshme, t\u00eb lehta p\u00ebr t&#8217;u kapur dhe nj\u00eb s\u00ebr\u00eb ngjyrash arg\u00ebtuese p\u00ebr t\u00eb zgjedhur. T\u00eb vegj\u00eblve do t&#8217;ju p\u00eblqej\u00eb t\u00eb han\u00eb si t\u00eb rriturit n\u00eb tryez\u00ebn e dark\u00ebs dhe p\u00ebr shkak se k\u00ebto aksesor\u00eb p\u00ebr f\u00ebmij\u00eb u krijuan duke pasur parasysh sigurin\u00eb dhe madh\u00ebsin\u00eb e tyre, ata do t\u00eb p\u00ebrqafojn\u00eb ushqyerjen e pavarur me leht\u00ebsi.<\/p>\n<p>&nbsp;<\/p>\n<h3>Karakteristikat:<\/h3>\n<ul>\n<li>Komplet aksesor\u00ebsh shum\u00ebngjyr\u00ebsh me madh\u00ebsi t\u00eb vog\u00ebl<\/li>\n<li>Dorezat ergonomike e b\u00ebjn\u00eb kapjen e leht\u00eb<\/li>\n<li>P\u00ebrshtaten n\u00eb m\u00ebnyr\u00eb t\u00eb p\u00ebrsosur me duart e f\u00ebmij\u00ebs suaj<\/li>\n<li>Aksesor\u00ebt e shesht\u00eb mbledhin ushqimin me p\u00ebrpjekje minimale<\/li>\n<li>Tehu i thik\u00ebs \u00ebsht\u00eb i sigurt p\u00ebr f\u00ebmij\u00ebt<\/li>\n<li>Lahen n\u00eb lavastovilje<\/li>\n<li>Pa BPA<\/li>\n<li><strong>18+ muaj<\/strong><\/li>\n<\/ul>","protected":false},"excerpt":{"rendered":"<p>Hapi tjet\u00ebr: ushqyerja e pavarur!<\/p>\n<p>Seti me lug\u00eb, pirun dhe thik\u00eb sjell nj\u00eb nivel t\u00eb vet\u00ebushqyerjes me doreza t\u00eb rehatshme, t\u00eb lehta p\u00ebr t&#8217;u kapur dhe nj\u00eb s\u00ebr\u00eb ngjyrash arg\u00ebtuese p\u00ebr t\u00eb zgjedhur.<\/p>","protected":false},"featured_media":11719,"template":"","meta":{"_acf_changed":false,"inline_featured_image":false},"product_brand":[],"product_cat":[950],"product_tag":[969,968],"class_list":{"0":"post-9233","1":"product","2":"type-product","3":"status-publish","4":"has-post-thumbnail","6":"product_cat-munchkin","7":"product_tag-cutlery","8":"product_tag-spoons","9":"wpisset-post","10":"wpisset-post-featured","11":"wpisset-woo-has-gallery","13":"first","14":"instock","15":"shipping-taxable","16":"purchasable","17":"product-type-variable"},"acf":[],"_links":{"self":[{"href":"https:\/\/prime-distributor.al\/en\/wp-json\/wp\/v2\/product\/9233","targetHints":{"allow":["GET"]}}],"collection":[{"href":"https:\/\/prime-distributor.al\/en\/wp-json\/wp\/v2\/product"}],"about":[{"href":"https:\/\/prime-distributor.al\/en\/wp-json\/wp\/v2\/types\/product"}],"wp:featuredmedia":[{"embeddable":true,"href":"https:\/\/prime-distributor.al\/en\/wp-json\/wp\/v2\/media\/11719"}],"wp:attachment":[{"href":"https:\/\/prime-distributor.al\/en\/wp-json\/wp\/v2\/media?parent=9233"}],"wp:term":[{"taxonomy":"product_brand","embeddable":true,"href":"https:\/\/prime-distributor.al\/en\/wp-json\/wp\/v2\/product_brand?post=9233"},{"taxonomy":"product_cat","embeddable":true,"href":"https:\/\/prime-distributor.al\/en\/wp-json\/wp\/v2\/product_cat?post=9233"},{"taxonomy":"product_tag","embeddable":true,"href":"https:\/\/prime-distributor.al\/en\/wp-json\/wp\/v2\/product_tag?post=9233"}],"curies":[{"name":"wp","href":"https:\/\/api.w.org\/{rel}","templated":true}]}}