{"id":9232,"date":"2023-07-03T12:21:27","date_gmt":"2023-07-03T12:21:27","guid":{"rendered":"https:\/\/prime-distributor.al\/?post_type=product&#038;p=9232"},"modified":"2026-04-15T12:23:48","modified_gmt":"2026-04-15T12:23:48","slug":"multi-forks-and-spoons-6pk","status":"publish","type":"product","link":"https:\/\/prime-distributor.al\/en\/product\/multi-forks-and-spoons-6pk\/","title":{"rendered":"Multi Forks and Spoons &#8211; 6pk"},"content":{"rendered":"<h2>Multi Forks and Spoons &#8211; 6pk<\/h2>\n<p>F\u00ebmij\u00ebve t\u00eb vegj\u00ebl u p\u00eblqen t\u00eb imitojn\u00eb mamin dhe babin dhe me setin Munchkin&#8217;s Multi Forks and Spoons, ata mund t\u00eb jen\u00eb tamam si t\u00eb rriturit e tyre t\u00eb preferuar n\u00eb tryez\u00ebn e dark\u00ebs. Seti p\u00ebrfshin 3 pirunj dhe 3 lug\u00eb q\u00eb jan\u00eb krijuar p\u00ebr t\u00eb ndihmuar vet\u00eb-ushqyerjen. Dorezat e m\u00ebdha t\u00eb lakuara jan\u00eb krijuar p\u00ebr ta b\u00ebr\u00eb m\u00eb t\u00eb leht\u00eb kapjen e ushqimit.<\/p>\n<p>&nbsp;<\/p>\n<h3>Karakteristikat:<\/h3>\n<ul>\n<li>Seti p\u00ebrfshin 3 pirunj dhe 3 lug\u00eb<\/li>\n<li>Projektuar p\u00ebr t\u00eb ndihmuar vet\u00eb-ushqyerjen<\/li>\n<li>Lug\u00eb t\u00eb thella p\u00ebr t\u00eb mbajtur m\u00eb shum\u00eb ushqim dhe p\u00ebr ta b\u00ebr\u00eb m\u00eb t\u00eb leht\u00eb kapjen e ushqimit<\/li>\n<li>Pirunjt e lakuar jan\u00eb krijuar p\u00ebr t\u00eb ndihmuar kalimin tek mjetet e ushqimit t\u00eb t\u00eb rriturve<\/li>\n<li>Pa BPA<\/li>\n<li>Lahen n\u00eb lavastovilje<\/li>\n<li><strong>12+ muaj<\/strong><\/li>\n<\/ul>","protected":false},"excerpt":{"rendered":"<p>F\u00ebmij\u00ebve t\u00eb vegj\u00ebl u p\u00eblqen t\u00eb imitojn\u00eb mamin dhe babin dhe me setin Munchkin&#8217;s Multi Forks and Spoons, ata mund t\u00eb jen\u00eb tamam si t\u00eb rriturit e tyre t\u00eb preferuar n\u00eb tryez\u00ebn e dark\u00ebs.<\/p>","protected":false},"featured_media":9178,"template":"","meta":{"_acf_changed":false,"inline_featured_image":false},"product_brand":[],"product_cat":[950],"product_tag":[968],"class_list":{"0":"post-9232","1":"product","2":"type-product","3":"status-publish","4":"has-post-thumbnail","6":"product_cat-munchkin","7":"product_tag-spoons","8":"wpisset-post","9":"wpisset-post-featured","10":"wpisset-woo-has-gallery","12":"first","13":"instock","14":"shipping-taxable","15":"purchasable","16":"product-type-simple"},"acf":[],"_links":{"self":[{"href":"https:\/\/prime-distributor.al\/en\/wp-json\/wp\/v2\/product\/9232","targetHints":{"allow":["GET"]}}],"collection":[{"href":"https:\/\/prime-distributor.al\/en\/wp-json\/wp\/v2\/product"}],"about":[{"href":"https:\/\/prime-distributor.al\/en\/wp-json\/wp\/v2\/types\/product"}],"wp:featuredmedia":[{"embeddable":true,"href":"https:\/\/prime-distributor.al\/en\/wp-json\/wp\/v2\/media\/9178"}],"wp:attachment":[{"href":"https:\/\/prime-distributor.al\/en\/wp-json\/wp\/v2\/media?parent=9232"}],"wp:term":[{"taxonomy":"product_brand","embeddable":true,"href":"https:\/\/prime-distributor.al\/en\/wp-json\/wp\/v2\/product_brand?post=9232"},{"taxonomy":"product_cat","embeddable":true,"href":"https:\/\/prime-distributor.al\/en\/wp-json\/wp\/v2\/product_cat?post=9232"},{"taxonomy":"product_tag","embeddable":true,"href":"https:\/\/prime-distributor.al\/en\/wp-json\/wp\/v2\/product_tag?post=9232"}],"curies":[{"name":"wp","href":"https:\/\/api.w.org\/{rel}","templated":true}]}}