{"id":9230,"date":"2023-07-03T12:17:41","date_gmt":"2023-07-03T12:17:41","guid":{"rendered":"https:\/\/prime-distributor.al\/?post_type=product&#038;p=9230"},"modified":"2026-04-21T19:52:10","modified_gmt":"2026-04-21T19:52:10","slug":"soft-tip-infant-spoons-6pk","status":"publish","type":"product","link":"https:\/\/prime-distributor.al\/en\/product\/soft-tip-infant-spoons-6pk\/","title":{"rendered":"Soft Tip Infant Spoons &#8211; 6pk"},"content":{"rendered":"<h2>Soft Tip\u2122 Infant Spoons &#8211; 6pk<\/h2>\n<p>Lug\u00ebt p\u00ebr foshnjat e Munchkin&#8217;s\u00a0Soft Tip\u2122 Infant Spoons\u00a0jan\u00eb krijuar posa\u00e7\u00ebrisht p\u00ebr t&#8217;ju ndihmuar me ushqyerjen e par\u00eb t\u00eb foshnj\u00ebs. Maja dhe forma e rrumbullakos jan\u00eb t\u00eb buta me mishrat e dh\u00ebmb\u00ebve dhe thell\u00ebsia e lug\u00ebs e b\u00ebn t\u00eb leht\u00eb p\u00ebr t\u00eb ushqyer f\u00ebmij\u00ebn tuaj t\u00eb vog\u00ebl. Lug\u00ebt jan\u00eb b\u00ebr\u00eb gjithashtu duke pasur parasysh n\u00ebn\u00ebn &#8211; doreza e ve\u00e7ant\u00eb \u00ebsht\u00eb projektuar n\u00eb m\u00ebnyr\u00eb ergonomike p\u00ebr nj\u00eb mbajtje t\u00eb rehatshme dhe gjat\u00ebsin\u00eb e duhur p\u00ebr t\u00eb arritur n\u00eb fund t\u00eb kavanoz\u00ebve t\u00eb ushqimit p\u00ebr f\u00ebmij\u00eb. Gati, vendos dhe ushqehu me leht\u00ebsi!<\/p>\n<h3>Karakteristikat:<\/h3>\n<ul>\n<li>Kupat e lug\u00ebve t\u00eb rrumbullakosura dhe t\u00eb buta p\u00ebr mishrat e dh\u00ebmb\u00ebve t\u00eb foshnj\u00ebs<\/li>\n<li>Doreza e projektuar n\u00eb m\u00ebnyr\u00eb ergonomike \u00ebsht\u00eb e rehatshme p\u00ebr tu mbajtur<\/li>\n<li>Mund t\u00eb lahen n\u00eb lavastovlje<\/li>\n<li>Pa BPA dhe Ftalate<\/li>\n<li>P\u00ebrfshin 6 lug\u00eb<\/li>\n<\/ul>","protected":false},"excerpt":{"rendered":"<p>Gati, vendos dhe ushqehu me leht\u00ebsi!<\/p>\n<p>Lug\u00ebt p\u00ebr foshnjat e Munchkin&#8217;s\u00a0Soft Tip\u2122 Infant Spoons\u00a0jan\u00eb krijuar posa\u00e7\u00ebrisht p\u00ebr t&#8217;ju ndihmuar me ushqyerjen e par\u00eb t\u00eb foshnj\u00ebs.<\/p>","protected":false},"featured_media":9179,"template":"","meta":{"_acf_changed":false,"inline_featured_image":false},"product_brand":[],"product_cat":[950],"product_tag":[968],"class_list":{"0":"post-9230","1":"product","2":"type-product","3":"status-publish","4":"has-post-thumbnail","6":"product_cat-munchkin","7":"product_tag-spoons","8":"wpisset-post","9":"wpisset-post-featured","10":"wpisset-woo-has-gallery","12":"first","13":"instock","14":"shipping-taxable","15":"purchasable","16":"product-type-simple"},"acf":[],"_links":{"self":[{"href":"https:\/\/prime-distributor.al\/en\/wp-json\/wp\/v2\/product\/9230","targetHints":{"allow":["GET"]}}],"collection":[{"href":"https:\/\/prime-distributor.al\/en\/wp-json\/wp\/v2\/product"}],"about":[{"href":"https:\/\/prime-distributor.al\/en\/wp-json\/wp\/v2\/types\/product"}],"wp:featuredmedia":[{"embeddable":true,"href":"https:\/\/prime-distributor.al\/en\/wp-json\/wp\/v2\/media\/9179"}],"wp:attachment":[{"href":"https:\/\/prime-distributor.al\/en\/wp-json\/wp\/v2\/media?parent=9230"}],"wp:term":[{"taxonomy":"product_brand","embeddable":true,"href":"https:\/\/prime-distributor.al\/en\/wp-json\/wp\/v2\/product_brand?post=9230"},{"taxonomy":"product_cat","embeddable":true,"href":"https:\/\/prime-distributor.al\/en\/wp-json\/wp\/v2\/product_cat?post=9230"},{"taxonomy":"product_tag","embeddable":true,"href":"https:\/\/prime-distributor.al\/en\/wp-json\/wp\/v2\/product_tag?post=9230"}],"curies":[{"name":"wp","href":"https:\/\/api.w.org\/{rel}","templated":true}]}}