{"id":9216,"date":"2023-07-02T16:16:41","date_gmt":"2023-07-02T16:16:41","guid":{"rendered":"https:\/\/prime-distributor.al\/?post_type=product&#038;p=9216"},"modified":"2026-04-22T11:14:05","modified_gmt":"2026-04-22T11:14:05","slug":"baby-food-feeder","status":"publish","type":"product","link":"https:\/\/prime-distributor.al\/en\/product\/baby-food-feeder\/","title":{"rendered":"Baby Food Feeder"},"content":{"rendered":"<h2>Baby Food Feeder<\/h2>\n<p>Po ju ofrojm\u00eb nj\u00eb m\u00ebnyr\u00eb t\u00eb sigurt dhe t\u00eb leht\u00eb p\u00ebr t\u00eb ushqyer puret\u00eb e bebeve, qofshin kavanoza t\u00eb blera n\u00eb dyqan apo ushqim p\u00ebr f\u00ebmij\u00eb t\u00eb b\u00ebr\u00eb vet\u00eb. Ka nj\u00eb vrim\u00eb t\u00eb vog\u00ebl n\u00eb fund, e cila lejon ushqimin t\u00eb kaloj\u00eb n\u00eb sasi t\u00eb tretshme dhe nj\u00eb kapak, i p\u00ebrsosur p\u00ebr udh\u00ebtime ose p\u00ebr t\u00eb ruajtur puret\u00eb n\u00eb frigorifer. Qesja e but\u00eb silikoni lejon ushqimin e leht\u00eb t\u00eb frutave t\u00eb grira, perimeve dhe m\u00eb shum\u00eb.<\/p>\n<h3>Karakteristikat:<\/h3>\n<ul>\n<li>Silikon I but\u00eb p\u00ebr ushqyerjen e leht\u00eb t\u00eb ushqimit p\u00ebr f\u00ebmij\u00eb t\u00eb b\u00ebr\u00eb n\u00eb sht\u00ebpi ose t\u00eb bler\u00eb n\u00eb dyqan<\/li>\n<li>Vrima e vog\u00ebl n\u00eb fund ju lejon t\u00eb ushqeni pure p\u00ebr foshnjat e vogla<\/li>\n<li>E shk\u00eblqyeshme p\u00ebr udh\u00ebtime &#8211; vjen me kapak<\/li>\n<li>Mbyllje e ngusht\u00eb<\/li>\n<li><strong>4+ muaj<\/strong><\/li>\n<li>Pa BPA<\/li>\n<li>Mund t\u00eb lahet n\u00eb lavastovilje<\/li>\n<\/ul>","protected":false},"excerpt":{"rendered":"<p>Jeni gani p\u00ebr eksplorim?<\/p>\n<p>Po ju ofrojm\u00eb nj\u00eb m\u00ebnyr\u00eb t\u00eb sigurt dhe t\u00eb leht\u00eb p\u00ebr t\u00eb ushqyer puret\u00eb e bebeve, qofshin kavanoza t\u00eb blera n\u00eb dyqan apo ushqim p\u00ebr f\u00ebmij\u00eb t\u00eb b\u00ebr\u00eb vet\u00eb.<\/p>","protected":false},"featured_media":9171,"template":"","meta":{"_acf_changed":false,"inline_featured_image":false},"product_brand":[],"product_cat":[950],"product_tag":[],"class_list":{"0":"post-9216","1":"product","2":"type-product","3":"status-publish","4":"has-post-thumbnail","6":"product_cat-munchkin","7":"wpisset-post","8":"wpisset-post-featured","9":"wpisset-woo-has-gallery","11":"first","12":"outofstock","13":"shipping-taxable","14":"purchasable","15":"product-type-variable"},"acf":[],"_links":{"self":[{"href":"https:\/\/prime-distributor.al\/en\/wp-json\/wp\/v2\/product\/9216","targetHints":{"allow":["GET"]}}],"collection":[{"href":"https:\/\/prime-distributor.al\/en\/wp-json\/wp\/v2\/product"}],"about":[{"href":"https:\/\/prime-distributor.al\/en\/wp-json\/wp\/v2\/types\/product"}],"wp:featuredmedia":[{"embeddable":true,"href":"https:\/\/prime-distributor.al\/en\/wp-json\/wp\/v2\/media\/9171"}],"wp:attachment":[{"href":"https:\/\/prime-distributor.al\/en\/wp-json\/wp\/v2\/media?parent=9216"}],"wp:term":[{"taxonomy":"product_brand","embeddable":true,"href":"https:\/\/prime-distributor.al\/en\/wp-json\/wp\/v2\/product_brand?post=9216"},{"taxonomy":"product_cat","embeddable":true,"href":"https:\/\/prime-distributor.al\/en\/wp-json\/wp\/v2\/product_cat?post=9216"},{"taxonomy":"product_tag","embeddable":true,"href":"https:\/\/prime-distributor.al\/en\/wp-json\/wp\/v2\/product_tag?post=9216"}],"curies":[{"name":"wp","href":"https:\/\/api.w.org\/{rel}","templated":true}]}}