{"id":9215,"date":"2023-07-02T16:11:33","date_gmt":"2023-07-02T16:11:33","guid":{"rendered":"https:\/\/prime-distributor.al\/?post_type=product&#038;p=9215"},"modified":"2025-12-05T08:38:02","modified_gmt":"2025-12-05T08:38:02","slug":"multi-plates-4pk","status":"publish","type":"product","link":"https:\/\/prime-distributor.al\/en\/product\/multi-plates-4pk\/","title":{"rendered":"Multi Plates &#8211; 4pk"},"content":{"rendered":"<h2>Multi Plates &#8211; 4pk<\/h2>\n<p>Gati, vendos, ushqehu!<\/p>\n<p>Nuk duket t\u00eb ket\u00eb kurr\u00eb mjaftuesh\u00ebm pjata n\u00eb dollap p\u00ebr f\u00ebmij\u00ebn tuaj. M\u00ebngjesi, dreka, darka, snacks &#8211; nj\u00eb pjat\u00eb \u00ebsht\u00eb e nevojshme p\u00ebr pothuajse \u00e7do vakt. A \u00ebsht\u00eb ky nj\u00eb problem i njohur? Ju mund t\u00eb filloni t\u00eb nd\u00ebrtoni koleksionin tuaj t\u00eb pjatave p\u00ebr f\u00ebmij\u00eb me k\u00ebt\u00eb set. Ato jan\u00eb t\u00eb madh\u00ebsis\u00eb s\u00eb p\u00ebrkryer p\u00ebr vaktet e t\u00eb vegj\u00eblve dhe p\u00ebrshtaten shk\u00eblqyesh\u00ebm me \u00e7do sip\u00ebrfaqe.<\/p>\n<p>&nbsp;<\/p>\n<h3>Karakteristikat:<\/h3>\n<ul>\n<li>Set me 4 pjata shum\u00ebngjyr\u00ebshe<\/li>\n<li>Pjata me madh\u00ebsi perfekte p\u00ebr vaktet e t\u00eb vegj\u00eblve<\/li>\n<li>Skajet e ngritura p\u00ebr pastrim t\u00eb leht\u00eb<\/li>\n<li>Plot\u00ebsoni setin e ngr\u00ebnies p\u00ebr f\u00ebmij\u00ebn tuaj me <a href=\"https:\/\/prime-distributor.al\/en\/product\/multi-bowls-4pk\/\">tasa<\/a> dhe <a href=\"https:\/\/prime-distributor.al\/en\/product\/multi-cups-237ml-4pk\/\">gota<\/a> q\u00eb p\u00ebrputhen (shiten ve\u00e7mas)<\/li>\n<li>Lahen n\u00eb lavastovilje<\/li>\n<li>T\u00eb sigurta p\u00ebr mikroval\u00eb<\/li>\n<li>Pa BPA<\/li>\n<li><strong>6+ muaj<\/strong><\/li>\n<\/ul>","protected":false},"excerpt":{"rendered":"<p>Gati, vendos, ushqehu!<\/p>\n<p>Nuk duket t\u00eb ket\u00eb kurr\u00eb mjaftuesh\u00ebm pjata n\u00eb dollap p\u00ebr f\u00ebmij\u00ebn tuaj. M\u00ebngjesi, dreka, darka, snacks &#8211; nj\u00eb pjat\u00eb \u00ebsht\u00eb e nevojshme p\u00ebr pothuajse \u00e7do vakt. Ju mund t\u00eb filloni t\u00eb nd\u00ebrtoni koleksionin tuaj t\u00eb pjatave p\u00ebr f\u00ebmij\u00eb me k\u00ebt\u00eb set. Ato jan\u00eb t\u00eb madh\u00ebsis\u00eb s\u00eb p\u00ebrkryer p\u00ebr vaktet e t\u00eb vegj\u00eblve dhe p\u00ebrshtaten shk\u00eblqyesh\u00ebm me \u00e7do sip\u00ebrfaqe.<\/p>","protected":false},"featured_media":9177,"template":"","meta":{"_acf_changed":false,"inline_featured_image":false},"product_brand":[],"product_cat":[950],"product_tag":[967],"class_list":{"0":"post-9215","1":"product","2":"type-product","3":"status-publish","4":"has-post-thumbnail","6":"product_cat-munchkin","7":"product_tag-plates","8":"wpisset-post","9":"wpisset-post-featured","10":"wpisset-woo-has-gallery","12":"first","13":"instock","14":"shipping-taxable","15":"purchasable","16":"product-type-simple"},"acf":[],"_links":{"self":[{"href":"https:\/\/prime-distributor.al\/en\/wp-json\/wp\/v2\/product\/9215","targetHints":{"allow":["GET"]}}],"collection":[{"href":"https:\/\/prime-distributor.al\/en\/wp-json\/wp\/v2\/product"}],"about":[{"href":"https:\/\/prime-distributor.al\/en\/wp-json\/wp\/v2\/types\/product"}],"wp:featuredmedia":[{"embeddable":true,"href":"https:\/\/prime-distributor.al\/en\/wp-json\/wp\/v2\/media\/9177"}],"wp:attachment":[{"href":"https:\/\/prime-distributor.al\/en\/wp-json\/wp\/v2\/media?parent=9215"}],"wp:term":[{"taxonomy":"product_brand","embeddable":true,"href":"https:\/\/prime-distributor.al\/en\/wp-json\/wp\/v2\/product_brand?post=9215"},{"taxonomy":"product_cat","embeddable":true,"href":"https:\/\/prime-distributor.al\/en\/wp-json\/wp\/v2\/product_cat?post=9215"},{"taxonomy":"product_tag","embeddable":true,"href":"https:\/\/prime-distributor.al\/en\/wp-json\/wp\/v2\/product_tag?post=9215"}],"curies":[{"name":"wp","href":"https:\/\/api.w.org\/{rel}","templated":true}]}}