{"id":9212,"date":"2023-07-02T16:01:09","date_gmt":"2023-07-02T16:01:09","guid":{"rendered":"https:\/\/prime-distributor.al\/?post_type=product&#038;p=9212"},"modified":"2026-02-23T13:12:14","modified_gmt":"2026-02-23T13:12:14","slug":"multi-cups-237ml-4pk","status":"publish","type":"product","link":"https:\/\/prime-distributor.al\/en\/product\/multi-cups-237ml-4pk\/","title":{"rendered":"Multi Cups &#8211; 237ml &#8211; 4pk"},"content":{"rendered":"<h2>Multi Cups &#8211; 237ml &#8211; 4pk<\/h2>\n<p>Gati, mbushe, pije!<\/p>\n<p>Po k\u00ebrkoni nj\u00eb got\u00eb t\u00eb madhe p\u00ebr f\u00ebmij\u00eb me p\u00ebrmasa t\u00eb p\u00ebrsosura p\u00ebr t\u00eb z\u00ebvend\u00ebsuar koleksionin e gotave t\u00eb vogla ? Multi Cups jan\u00eb p\u00ebrgjigjja juaj. P\u00ebrmasat e duhura p\u00ebr duart e vogla, k\u00ebto gota tranzicioni kan\u00eb nj\u00eb baz\u00eb t\u00eb gjer\u00eb p\u00ebr t\u00eb ofruar stabilitet shtes\u00eb.<\/p>\n<p>&nbsp;<\/p>\n<h3>Karakteristikat:<\/h3>\n<ul>\n<li>Set me 4 gota me ngjyra, t\u00eb p\u00ebrshtatshme p\u00ebr f\u00ebmij\u00eb<\/li>\n<li>T\u00eb p\u00ebrkryera p\u00ebr kalimin e t\u00eb vegj\u00eblve n\u00eb pirje me got\u00eb t\u00eb zakonshme<\/li>\n<li>Baza e gjer\u00eb p\u00ebr stabilitet shtes\u00eb<\/li>\n<li>Plot\u00ebsoni setin e ngr\u00ebnies s\u00eb f\u00ebmij\u00ebs suaj me <a href=\"https:\/\/prime-distributor.al\/en\/product\/multi-plates-4pk\/\">pjata<\/a> dhe <a href=\"https:\/\/prime-distributor.al\/en\/product\/multi-bowls-4pk\/\">tasa<\/a> q\u00eb p\u00ebrputhen (shiten ve\u00e7mas)<\/li>\n<li>Lahen n\u00eb lavastovilje<\/li>\n<li>T\u00eb sigurta p\u00ebr mikroval\u00eb<\/li>\n<li>Pa BPA<\/li>\n<li>Kapaciteti 237ml p\u00ebr uj\u00eb, qum\u00ebsht ose l\u00ebng<\/li>\n<li>18+ muaj<\/li>\n<\/ul>","protected":false},"excerpt":{"rendered":"<p>Gati, mbushe, pije!<\/p>\n<p>Po k\u00ebrkoni nj\u00eb got\u00eb t\u00eb madhe p\u00ebr f\u00ebmij\u00eb me p\u00ebrmasa t\u00eb p\u00ebrsosura p\u00ebr t\u00eb z\u00ebvend\u00ebsuar koleksionin e gotave t\u00eb vogla ? Multi Cups jan\u00eb p\u00ebrgjigjja juaj. P\u00ebrmasat e duhura p\u00ebr duart e vogla, k\u00ebto gota tranzicioni kan\u00eb nj\u00eb baz\u00eb t\u00eb gjer\u00eb p\u00ebr t\u00eb ofruar stabilitet shtes\u00eb.<\/p>\n<p>&nbsp;<\/p>","protected":false},"featured_media":9176,"template":"","meta":{"_acf_changed":false,"inline_featured_image":false},"product_brand":[],"product_cat":[950],"product_tag":[965],"class_list":{"0":"post-9212","1":"product","2":"type-product","3":"status-publish","4":"has-post-thumbnail","6":"product_cat-munchkin","7":"product_tag-cups","8":"wpisset-post","9":"wpisset-post-featured","10":"wpisset-woo-has-gallery","12":"first","13":"instock","14":"shipping-taxable","15":"purchasable","16":"product-type-simple"},"acf":[],"_links":{"self":[{"href":"https:\/\/prime-distributor.al\/en\/wp-json\/wp\/v2\/product\/9212","targetHints":{"allow":["GET"]}}],"collection":[{"href":"https:\/\/prime-distributor.al\/en\/wp-json\/wp\/v2\/product"}],"about":[{"href":"https:\/\/prime-distributor.al\/en\/wp-json\/wp\/v2\/types\/product"}],"wp:featuredmedia":[{"embeddable":true,"href":"https:\/\/prime-distributor.al\/en\/wp-json\/wp\/v2\/media\/9176"}],"wp:attachment":[{"href":"https:\/\/prime-distributor.al\/en\/wp-json\/wp\/v2\/media?parent=9212"}],"wp:term":[{"taxonomy":"product_brand","embeddable":true,"href":"https:\/\/prime-distributor.al\/en\/wp-json\/wp\/v2\/product_brand?post=9212"},{"taxonomy":"product_cat","embeddable":true,"href":"https:\/\/prime-distributor.al\/en\/wp-json\/wp\/v2\/product_cat?post=9212"},{"taxonomy":"product_tag","embeddable":true,"href":"https:\/\/prime-distributor.al\/en\/wp-json\/wp\/v2\/product_tag?post=9212"}],"curies":[{"name":"wp","href":"https:\/\/api.w.org\/{rel}","templated":true}]}}