{"id":9207,"date":"2023-07-02T15:56:45","date_gmt":"2023-07-02T15:56:45","guid":{"rendered":"https:\/\/prime-distributor.al\/?post_type=product&#038;p=9207"},"modified":"2026-04-15T13:02:07","modified_gmt":"2026-04-15T13:02:07","slug":"gentle-transition-cup-118ml","status":"publish","type":"product","link":"https:\/\/prime-distributor.al\/en\/product\/gentle-transition-cup-118ml\/","title":{"rendered":"Gentle Transition Cup &#8211; 118ml"},"content":{"rendered":"<h2>Gentle Transition Cup &#8211; 118ml<\/h2>\n<p>Mirupafshim, biberon!<\/p>\n<p>Kalimi n\u00eb nj\u00eb got\u00eb \u00ebsht\u00eb nj\u00eb hap i par\u00eb emocionues drejt pavar\u00ebsis\u00eb s\u00eb pirjes, por mund t\u00eb jet\u00eb konfuze p\u00ebr foshnjat q\u00eb ushqehen me biberon. B\u00ebni ndryshimin m\u00eb t\u00eb leht\u00eb me got\u00ebn Gentle\u2122 e rezistueshme ndaj derdhjeve! Dizajni i but\u00eb dhe i patentuar i gryk\u00ebs \u00ebsht\u00eb jasht\u00ebzakonisht fleksib\u00ebl dhe i but\u00eb p\u00ebr mishrat e ndjeshme t\u00eb foshnjave dhe dorezat e l\u00ebvizshme e b\u00ebjn\u00eb t\u00eb leht\u00eb q\u00eb ata t\u00eb marrin drejtimin. Kur \u00ebsht\u00eb koha p\u00ebr t\u00eb l\u00ebn\u00eb biberonin pas, ky &#8220;trainer&#8221; i pap\u00ebrshkuesh\u00ebm nga derdhja \u00ebsht\u00eb gota e par\u00eb e p\u00ebrsosur p\u00ebr t&#8217;u prezantuar.<\/p>\n<h3>Karakteristikat:<\/h3>\n<ul>\n<li>Gota fillestare q\u00eb ndihmon n\u00eb largimin nga biberoni<\/li>\n<li>Gryka e but\u00eb prej silikoni \u00ebsht\u00eb delikate p\u00ebr mishrat e dh\u00ebmb\u00ebve t\u00eb foshnj\u00ebs<\/li>\n<li>Gryka ultra fleksib\u00ebl l\u00ebviz me f\u00ebmij\u00ebn<\/li>\n<li>Dorezat e l\u00ebvizshme jan\u00eb t\u00eb buta dhe t\u00eb lehta p\u00ebr t&#8217;u mbajtur<\/li>\n<li>Mbulesat e kapak\u00ebve dalin kur jeni n\u0113 l\u00ebvizje<\/li>\n<li>Kapaciteti 118ml p\u00ebr uj\u00eb, qum\u00ebsht ose l\u00ebng<\/li>\n<li><strong>4+ muaj<\/strong><\/li>\n<li>Pa BPA<\/li>\n<li>Lahet n\u0113 lavastovilje<\/li>\n<\/ul>","protected":false},"excerpt":{"rendered":"<p>Mirupafshim, biberon!<\/p>\n<p>Kalimi n\u00eb nj\u00eb got\u00eb \u00ebsht\u00eb nj\u00eb hap i par\u00eb emocionues drejt pavar\u00ebsis\u00eb s\u00eb pirjes, por mund t\u00eb jet\u00eb konfuze p\u00ebr foshnjat q\u00eb ushqehen me biberon. B\u00ebni ndryshimin m\u00eb t\u00eb leht\u00eb me got\u00ebn Gentle\u2122 e rezistueshme ndaj derdhjeve!<\/p>","protected":false},"featured_media":9165,"template":"","meta":{"_acf_changed":false,"inline_featured_image":false},"product_brand":[],"product_cat":[950],"product_tag":[965],"class_list":{"0":"post-9207","1":"product","2":"type-product","3":"status-publish","4":"has-post-thumbnail","6":"product_cat-munchkin","7":"product_tag-cups","8":"wpisset-post","9":"wpisset-post-featured","10":"wpisset-woo-has-gallery","12":"first","13":"instock","14":"shipping-taxable","15":"purchasable","16":"product-type-variable"},"acf":[],"_links":{"self":[{"href":"https:\/\/prime-distributor.al\/en\/wp-json\/wp\/v2\/product\/9207","targetHints":{"allow":["GET"]}}],"collection":[{"href":"https:\/\/prime-distributor.al\/en\/wp-json\/wp\/v2\/product"}],"about":[{"href":"https:\/\/prime-distributor.al\/en\/wp-json\/wp\/v2\/types\/product"}],"wp:featuredmedia":[{"embeddable":true,"href":"https:\/\/prime-distributor.al\/en\/wp-json\/wp\/v2\/media\/9165"}],"wp:attachment":[{"href":"https:\/\/prime-distributor.al\/en\/wp-json\/wp\/v2\/media?parent=9207"}],"wp:term":[{"taxonomy":"product_brand","embeddable":true,"href":"https:\/\/prime-distributor.al\/en\/wp-json\/wp\/v2\/product_brand?post=9207"},{"taxonomy":"product_cat","embeddable":true,"href":"https:\/\/prime-distributor.al\/en\/wp-json\/wp\/v2\/product_cat?post=9207"},{"taxonomy":"product_tag","embeddable":true,"href":"https:\/\/prime-distributor.al\/en\/wp-json\/wp\/v2\/product_tag?post=9207"}],"curies":[{"name":"wp","href":"https:\/\/api.w.org\/{rel}","templated":true}]}}