{"id":9199,"date":"2023-07-02T15:46:27","date_gmt":"2023-07-02T15:46:27","guid":{"rendered":"https:\/\/prime-distributor.al\/?post_type=product&#038;p=9199"},"modified":"2026-03-04T10:08:44","modified_gmt":"2026-03-04T10:08:44","slug":"simple-clean-straw-cup-295ml","status":"publish","type":"product","link":"https:\/\/prime-distributor.al\/en\/product\/simple-clean-straw-cup-295ml\/","title":{"rendered":"Simple Clean Straw Cup &#8211; 295ml"},"content":{"rendered":"<h2>Simple Clean Straw Cup &#8211; 295ml<\/h2>\n<p>Aty ku shkojn\u00eb t\u00eb vegjlit, pashmangshm\u00ebrisht pasojn\u00eb rr\u00ebmujat \u2013 por jo me got\u00ebn e thjesht\u00eb transparente me pip\u00ebz! Gota p\u00ebrmban nj\u00eb pip\u00ebz unike q\u00eb hapet p\u00ebr pastrim t\u00eb leht\u00eb dhe t\u00eb plot\u00eb dhe futet mir\u00eb n\u00eb kapak p\u00ebr p\u00ebrdorim pa mikrobe kur jeni n\u00eb l\u00ebvizje. Valvula me nj\u00eb drejtim parandalon gjithashtu rrjedhjet dhe derdhjet (vet\u00ebm sigurohuni q\u00eb ta aktivizoni si fillim!). Kjo got\u00eb jo vet\u00ebm q\u00eb \u00ebsht\u00eb e past\u00ebr kur b\u00ebhet fjal\u00eb p\u00ebr derdhjen, por \u00ebsht\u00eb gjithashtu e past\u00ebr n\u00eb dizajnin e saj me nj\u00eb ngjyr\u00eb. E p\u00ebrkryer p\u00ebr t&#8217;u futur n\u00eb \u00e7ant\u00eb, gota Simple Clean Straw \u00ebsht\u00eb praktike, elegante dhe e p\u00ebrshtatshme p\u00ebr f\u00ebmij\u00ebt.<\/p>\n<p>&nbsp;<\/p>\n<h3>Karakteristikat:<\/h3>\n<ul>\n<li>Me vet\u00ebm tre pjes\u00eb: pip\u00ebz silikoni, kapak dhe got\u00eb<\/li>\n<li>Gota Simple Clean \u00ebsht\u00eb e leht\u00eb p\u00ebr t&#8217;u pastruar dhe montuar<\/li>\n<li>Got\u00eb me pip\u00ebz p\u00ebr f\u00ebmij\u00eb me kapacitet 295ml p\u00ebr uj\u00eb, qum\u00ebsht ose l\u00ebng<\/li>\n<li>Sigurohuni q\u00eb buza e kapakut t\u00eb jet\u00eb shtyr\u00eb deri n\u00eb fund (nga kreshta e got\u00ebs) p\u00ebrpara se t&#8217;ia jepni f\u00ebmij\u00ebs<\/li>\n<li>P\u00ebrfshin valvul me nj\u00eb drejtim p\u00ebr t\u00eb parandaluar derdhjet<\/li>\n<li>Pa BPA<\/li>\n<li>Lahet n\u0113 lavastovilje<\/li>\n<li><strong>12+ muaj<\/strong><\/li>\n<\/ul>","protected":false},"excerpt":{"rendered":"<p>Thuaj po p\u00ebr got\u00ebn &#8211; dhe jo p\u00ebr rrjedhjet!<\/p>\n<p>Kjo got\u00eb jo vet\u00ebm q\u00eb \u00ebsht\u00eb e past\u00ebr kur b\u00ebhet fjal\u00eb p\u00ebr derdhjen, por \u00ebsht\u00eb gjithashtu e past\u00ebr n\u00eb dizajnin e saj me nj\u00eb ngjyr\u00eb. E p\u00ebrkryer p\u00ebr t&#8217;u futur n\u00eb \u00e7ant\u00eb, gota Simple Clean Straw \u00ebsht\u00eb praktike, elegante dhe e p\u00ebrshtatshme p\u00ebr f\u00ebmij\u00ebt.<\/p>","protected":false},"featured_media":9170,"template":"","meta":{"_acf_changed":false,"inline_featured_image":false},"product_brand":[],"product_cat":[950],"product_tag":[965],"class_list":{"0":"post-9199","1":"product","2":"type-product","3":"status-publish","4":"has-post-thumbnail","6":"product_cat-munchkin","7":"product_tag-cups","8":"wpisset-post","9":"wpisset-post-featured","10":"wpisset-woo-has-gallery","12":"first","13":"instock","14":"shipping-taxable","15":"purchasable","16":"product-type-variable"},"acf":[],"_links":{"self":[{"href":"https:\/\/prime-distributor.al\/en\/wp-json\/wp\/v2\/product\/9199","targetHints":{"allow":["GET"]}}],"collection":[{"href":"https:\/\/prime-distributor.al\/en\/wp-json\/wp\/v2\/product"}],"about":[{"href":"https:\/\/prime-distributor.al\/en\/wp-json\/wp\/v2\/types\/product"}],"wp:featuredmedia":[{"embeddable":true,"href":"https:\/\/prime-distributor.al\/en\/wp-json\/wp\/v2\/media\/9170"}],"wp:attachment":[{"href":"https:\/\/prime-distributor.al\/en\/wp-json\/wp\/v2\/media?parent=9199"}],"wp:term":[{"taxonomy":"product_brand","embeddable":true,"href":"https:\/\/prime-distributor.al\/en\/wp-json\/wp\/v2\/product_brand?post=9199"},{"taxonomy":"product_cat","embeddable":true,"href":"https:\/\/prime-distributor.al\/en\/wp-json\/wp\/v2\/product_cat?post=9199"},{"taxonomy":"product_tag","embeddable":true,"href":"https:\/\/prime-distributor.al\/en\/wp-json\/wp\/v2\/product_tag?post=9199"}],"curies":[{"name":"wp","href":"https:\/\/api.w.org\/{rel}","templated":true}]}}