{"id":9075,"date":"2023-07-02T12:58:08","date_gmt":"2023-07-02T12:58:08","guid":{"rendered":"https:\/\/prime-distributor.al\/?post_type=product&#038;p=9075"},"modified":"2026-04-15T07:28:26","modified_gmt":"2026-04-15T07:28:26","slug":"miracle-trainer-cup-207ml","status":"publish","type":"product","link":"https:\/\/prime-distributor.al\/en\/product\/miracle-trainer-cup-207ml\/","title":{"rendered":"Miracle Trainer Cup &#8211; 207ml"},"content":{"rendered":"<h2>Miracle Trainer Cup &#8211; 207ml<\/h2>\n<p>Jo, nuk \u00ebsht\u00eb nj\u00eb mrekulli &#8211; \u00ebsht\u00eb Munchkin&#8217;s Miracle\u00ae 360\u00b0 Cup. Gota e par\u00eb sippy e shpikur me prind\u00ebrit dhe f\u00ebmij\u00ebt n\u00eb mendje, Miracle\u00ae 360\u00b0 eliminon rr\u00ebmuj\u00ebn dhe mb\u00ebshtet sh\u00ebndetin e dh\u00ebmb\u00ebve t\u00eb f\u00ebmij\u00ebve menj\u00ebher\u00eb. Pirja nga kudo rreth buz\u00ebs, si nj\u00eb got\u00eb e rregullt, ndihmon n\u00eb mb\u00ebshtetjen e zhvillimit normal t\u00eb muskujve n\u00eb goj\u00ebn e nj\u00eb f\u00ebmije. Dhe pa gryk\u00eb, pip\u00ebz apo aksesor\u00eb shtes\u00eb, gota Miracle\u00ae 360\u00b0 \u00ebsht\u00eb e leht\u00eb p\u00ebr t&#8217;u p\u00ebrdorur dhe madje edhe m\u00eb e leht\u00eb p\u00ebr t&#8217;u pastruar.<\/p>\n<h3>Karakteristikat:<\/h3>\n<ul>\n<li>Gota p\u00ebr f\u00ebmij\u00eb me dizajn pa gryk\u00eb e rekomanduar nga dentist\u00ebt<\/li>\n<li>Buza 360\u00b0 ju lejon t\u00eb pini nga \u00e7do an\u00eb e got\u00ebs &#8211; thjesht anoni got\u00ebn dhe thithni buz\u00ebn e valvul\u00ebs<\/li>\n<li>Shpejt\u00ebsia e rrjedh\u00ebs e krijuar p\u00ebr mosha dhe faza t\u00eb ndryshme<\/li>\n<li>Gota mbyllet automatikisht kur f\u00ebmija ndalon s\u00eb piri p\u00ebr t\u00eb eliminuar derdhjet<\/li>\n<li>Kapaciteti 207ml p\u00ebr qum\u00ebsht, l\u00ebng dhe uj\u00eb<\/li>\n<li>Leht\u00eb p\u00ebr t&#8217;u pastruar<\/li>\n<li>Pa BPA<\/li>\n<li>\u00a0Lahet n\u0113 lavastovilje<\/li>\n<li><strong>6+ muaj<\/strong><\/li>\n<\/ul>","protected":false},"excerpt":{"rendered":"<p>Mrekullit\u00eb ndodhin!<\/p>\n<p>Le ta pranojm\u00eb: t\u00eb vegjlit jan\u00eb nj\u00eb grup i \u00e7rregullt, ve\u00e7an\u00ebrisht kur eksplorojn\u00eb p\u00ebr her\u00eb t\u00eb par\u00eb gotat. Tani imagjinoni nj\u00eb bot\u00eb n\u00eb t\u00eb cil\u00ebn pijet nuk derdhen fare &#8211; as n\u00eb \u00e7ant\u00ebn tuaj t\u00eb pelenave, as n\u00eb komodin\u00ebn tuaj dhe as mbi f\u00ebmij\u00ebn tuaj t\u00eb etur p\u00ebr t\u00eb m\u00ebsuar.<\/p>","protected":false},"featured_media":9167,"template":"","meta":{"_acf_changed":false,"inline_featured_image":false},"product_brand":[],"product_cat":[950],"product_tag":[965],"class_list":{"0":"post-9075","1":"product","2":"type-product","3":"status-publish","4":"has-post-thumbnail","6":"product_cat-munchkin","7":"product_tag-cups","8":"wpisset-post","9":"wpisset-post-featured","10":"wpisset-woo-has-gallery","12":"first","13":"instock","14":"shipping-taxable","15":"purchasable","16":"product-type-variable"},"acf":[],"_links":{"self":[{"href":"https:\/\/prime-distributor.al\/en\/wp-json\/wp\/v2\/product\/9075","targetHints":{"allow":["GET"]}}],"collection":[{"href":"https:\/\/prime-distributor.al\/en\/wp-json\/wp\/v2\/product"}],"about":[{"href":"https:\/\/prime-distributor.al\/en\/wp-json\/wp\/v2\/types\/product"}],"wp:featuredmedia":[{"embeddable":true,"href":"https:\/\/prime-distributor.al\/en\/wp-json\/wp\/v2\/media\/9167"}],"wp:attachment":[{"href":"https:\/\/prime-distributor.al\/en\/wp-json\/wp\/v2\/media?parent=9075"}],"wp:term":[{"taxonomy":"product_brand","embeddable":true,"href":"https:\/\/prime-distributor.al\/en\/wp-json\/wp\/v2\/product_brand?post=9075"},{"taxonomy":"product_cat","embeddable":true,"href":"https:\/\/prime-distributor.al\/en\/wp-json\/wp\/v2\/product_cat?post=9075"},{"taxonomy":"product_tag","embeddable":true,"href":"https:\/\/prime-distributor.al\/en\/wp-json\/wp\/v2\/product_tag?post=9075"}],"curies":[{"name":"wp","href":"https:\/\/api.w.org\/{rel}","templated":true}]}}