{"id":823,"date":"2022-03-17T13:11:22","date_gmt":"2022-03-17T13:11:22","guid":{"rendered":"https:\/\/prime-distributor.al\/?post_type=product&#038;p=823"},"modified":"2026-01-03T15:19:47","modified_gmt":"2026-01-03T15:19:47","slug":"kokoso-set-coconut-bathtime","status":"publish","type":"product","link":"https:\/\/prime-distributor.al\/en\/product\/kokoso-set-coconut-bathtime\/","title":{"rendered":"Kokoso Set &#8211; Coconut Bathtime"},"content":{"rendered":"<h2>Kokoso Baby\u00ae \u2013 Set Coconut Bathtime<\/h2>\n<p>P\u00ebrmban tre produkte natyrale ushqyese n\u00eb nj\u00eb kuti dhurat\u00eb t\u00eb dizajnuar bukur. T\u00eb krijuara me dashuri me vaj organik hidratues t\u00eb kokosit dhe me arom\u00eb delikate me kokos 100% natyral pa alergjen. K\u00ebto produkte me shum\u00eb \u00e7mime t\u00eb fituara, e l\u00ebn\u00eb l\u00ebkur\u00ebn e foshnj\u00ebs t\u00eb fresk\u00ebt, t\u00eb but\u00eb dhe me arom\u00eb hyjnore.<\/p>\n<h5>Karakteristikat:<\/h5>\n<ul>\n<li>T\u00eb testuara dermatologjikisht<\/li>\n<li>T\u00eb p\u00ebrshtatshme p\u00ebr t\u00eb porsalindur dhe lart<\/li>\n<li>T\u00eb p\u00ebrshtatshme p\u00ebr l\u00ebkur\u00eb t\u00eb ndjeshme dhe t\u00eb prirur ndaj ekzem\u00ebs<\/li>\n<li>Vegan dhe pamizori n\u00eb kafsh\u00eb<\/li>\n<li>Shishe t\u00eb ricikluara dhe plot\u00ebsisht t\u00eb riciklueshme pas konsumit<\/li>\n<\/ul>\n<h5>\u00c7far\u00eb ka brenda:<\/h5>\n<h5><a href=\"https:\/\/prime-distributor.al\/en\/product\/shampo-per-floket-dhe-trupin-lavender\/\">Shampo p\u00ebr flok\u00ebt dhe trupin me arom\u00eb<\/a>\u00a0kokosi\u2013 200ml<\/h5>\n<p>Shampo e flok\u00ebve dhe trupit p\u00ebrmban nj\u00eb vaj t\u00eb fuqish\u00ebm organik 10% hidratues t\u00eb kokosit, t\u00eb p\u00ebrzier me aloe vera qet\u00ebsuese dhe flluska me baz\u00eb kokosi. Formula e but\u00eb krem \u200b\u200bpastron but\u00ebsisht l\u00ebkur\u00ebn delikate, qet\u00ebson l\u00ebkur\u00ebn e kok\u00ebs dhe ushqen flok\u00ebt nga rr\u00ebnja deri n\u00eb maj\u00eb.<\/p>\n<h5><a href=\"https:\/\/prime-distributor.al\/en\/product\/locion-hidratues-frangranced\/\">Locion hidratues p\u00ebr f\u00ebmij\u00eb me arom\u00eb<\/a> kokosi \u00a0\u2013 190ml<\/h5>\n<p>Locioni yn\u00eb p\u00ebr f\u00ebmij\u00eb me vaj kokosi sjell hidratim t\u00eb menj\u00ebhershme, qet\u00ebsim t\u00eb l\u00ebkur\u00ebs s\u00eb foshnj\u00ebs suaj me p\u00ebrb\u00ebr\u00ebs t\u00eb past\u00ebr dhe t\u00eb but\u00eb me baz\u00eb bimore. Vajrat organik\u00eb t\u00eb kokosit dhe bajameve t\u00eb \u00ebmbla zbusin dhe ushqejn\u00eb, nd\u00ebrsa sheqernat bimore natyrale forcojn\u00eb n\u00eb m\u00ebnyr\u00eb aktive barrier\u00ebn mbrojt\u00ebse t\u00eb l\u00ebkur\u00ebs p\u00ebr t\u00eb bllokuar m\u00eb shum\u00eb lag\u00ebshti dhe ngadal\u00ebsuar avullimin e ujit nga l\u00ebkura.<\/p>\n<h5><a href=\"https:\/\/prime-distributor.al\/en\/product\/natural-baby-bath-sponge\/\">Sfungjeri natyral p\u00ebr foshnje<\/a> 100% Konjac<\/h5>\n<p>Sfungjeri natyral p\u00ebr foshnje \u00ebsht\u00eb b\u00ebr\u00eb nga 100% Konjac i past\u00ebr. Fijet bimore tep\u00ebr t\u00eb buta, t\u00eb biodegradueshme e l\u00ebn\u00eb l\u00ebkur\u00ebn delikate t\u00eb past\u00ebr, t\u00eb lumtur dhe t\u00eb fresk\u00ebt.<\/p>\n<h5>Si ta p\u00ebrdorni:<\/h5>\n<p>Pomponi shampon ton\u00eb natyrale t\u00eb flok\u00ebve dhe trupit n\u00eb sfungjerin ton\u00eb natyral p\u00ebr t\u00eb krijuar nj\u00eb shkum\u00eb t\u00eb but\u00eb pastruese dhe p\u00ebr t&#8217;i b\u00ebr\u00eb flluskat m\u00eb arg\u00ebtuese. Pas larjes, p\u00ebrdorni locionin ton\u00eb t\u00eb past\u00ebr p\u00ebr f\u00ebmij\u00eb me vaj kokosi p\u00ebr t\u00eb bllokuar lag\u00ebshtin\u00eb dhe p\u00ebr t\u00eb parandaluar tharjen e l\u00ebkur\u00ebs delikate.<\/p>","protected":false},"excerpt":{"rendered":"<p>Arr\u00eb kokosi e past\u00ebr dhe e \u00ebmb\u00ebl!<\/p>\n<p>Seti Coconut Bathtime p\u00ebrmban\u00a0tre produkte natyrale ushqyese n\u00eb nj\u00eb kuti dhurat\u00eb t\u00eb dizajnuar bukur. T\u00eb krijuara me dashuri me vaj organik hidratues t\u00eb kokosit dhe me arom\u00eb delikate me kokos 100% natyral pa alergjen, e l\u00ebn\u00eb l\u00ebkur\u00ebn e foshnj\u00ebs t\u00eb fresk\u00ebt, t\u00eb but\u00eb dhe me arom\u00eb hyjnore.<\/p>","protected":false},"featured_media":6628,"template":"","meta":{"_acf_changed":false,"inline_featured_image":false},"product_brand":[],"product_cat":[43],"product_tag":[58],"class_list":{"0":"post-823","1":"product","2":"type-product","3":"status-publish","4":"has-post-thumbnail","6":"product_cat-kokoso-baby","7":"product_tag-kokoso","8":"wpisset-post","9":"wpisset-post-featured","10":"wpisset-woo-has-gallery","12":"first","13":"outofstock","14":"shipping-taxable","15":"purchasable","16":"product-type-simple"},"acf":[],"_links":{"self":[{"href":"https:\/\/prime-distributor.al\/en\/wp-json\/wp\/v2\/product\/823","targetHints":{"allow":["GET"]}}],"collection":[{"href":"https:\/\/prime-distributor.al\/en\/wp-json\/wp\/v2\/product"}],"about":[{"href":"https:\/\/prime-distributor.al\/en\/wp-json\/wp\/v2\/types\/product"}],"wp:featuredmedia":[{"embeddable":true,"href":"https:\/\/prime-distributor.al\/en\/wp-json\/wp\/v2\/media\/6628"}],"wp:attachment":[{"href":"https:\/\/prime-distributor.al\/en\/wp-json\/wp\/v2\/media?parent=823"}],"wp:term":[{"taxonomy":"product_brand","embeddable":true,"href":"https:\/\/prime-distributor.al\/en\/wp-json\/wp\/v2\/product_brand?post=823"},{"taxonomy":"product_cat","embeddable":true,"href":"https:\/\/prime-distributor.al\/en\/wp-json\/wp\/v2\/product_cat?post=823"},{"taxonomy":"product_tag","embeddable":true,"href":"https:\/\/prime-distributor.al\/en\/wp-json\/wp\/v2\/product_tag?post=823"}],"curies":[{"name":"wp","href":"https:\/\/api.w.org\/{rel}","templated":true}]}}