{"id":820,"date":"2022-03-17T13:11:15","date_gmt":"2022-03-17T13:11:15","guid":{"rendered":"https:\/\/prime-distributor.al\/?post_type=product&#038;p=820"},"modified":"2026-04-20T08:48:12","modified_gmt":"2026-04-20T08:48:12","slug":"kokoso-set-sensitive-scalp","status":"publish","type":"product","link":"https:\/\/prime-distributor.al\/en\/product\/kokoso-set-sensitive-scalp\/","title":{"rendered":"Kokoso Set &#8211; Sensitive Scalp"},"content":{"rendered":"<h2>Kokoso Baby\u00ae \u2013 Set Sensitive Scalp<\/h2>\n<p>Ky set fantastik p\u00ebrmban tre produkte natyrale t\u00eb vler\u00ebsuara me \u00e7mime &amp; t\u00eb dizajnuara p\u00ebr t\u00eb balancuar mikroflor\u00ebn e kok\u00ebs s\u00eb foshnj\u00ebs me p\u00ebrb\u00ebr\u00ebs delikat. Vaji organik i kokosit rikthen hidtratimin, aloe vera organike qet\u00ebson acarimin dhe ekstrakti natyrisht aktiv i far\u00ebs s\u00eb selinos zvog\u00eblon prodhimin e sebumit.\u00a0T\u00eb krijuara me dashuri me vaj organik hidratues t\u00eb kokosit dhe me arom\u00ebn delikate t\u00eb kokosit 100% natyral pa alergjen, k\u00ebto produkte e l\u00ebn\u00eb l\u00ebkur\u00ebn e foshnj\u00ebs t\u00eb fresk\u00ebt, t\u00eb but\u00eb dhe me arom\u00eb hyjnore.<\/p>\n<h5>Karakteristikat:<\/h5>\n<ul>\n<li>T\u00eb testuara dermatologjikisht<\/li>\n<li>T\u00eb p\u00ebrshtatshme p\u00ebr t\u00eb porsalindur dhe lart<\/li>\n<li>T\u00eb p\u00ebrshtatshme p\u00ebr l\u00ebkur\u00eb t\u00eb ndjeshme dhe t\u00eb prirur ndaj ekzem\u00ebs<\/li>\n<li>Shishe t\u00eb riciklueshme dhe plot\u00ebsisht t\u00eb riciklueshme pas konsumit<\/li>\n<\/ul>\n<h3>\u00c7far\u00eb ka brenda:<\/h3>\n<h5>Vaj Organik \u2013 70g<\/h5>\n<p>Mbajeni l\u00ebkur\u00ebn delikate t\u00eb but\u00eb me Kokoso Baby\u00ae, t\u00eb mbushur me l\u00ebnd\u00eb ushqyese, qet\u00ebsuese, natyrore dhe acide yndyrore q\u00eb e duan l\u00ebkur\u00ebn, ky vaj \u00e7udib\u00ebr\u00ebs me shum\u00eb funksione do t\u00eb kujdeset dhe mbroj\u00eb l\u00ebkur\u00ebn e familjes suaj n\u00eb shum\u00eb m\u00ebnyra t\u00eb ndryshme.<\/p>\n<h5>Happy Scalp \u2122 (50ml)<\/h5>\n<p>Kremi me baz\u00eb bimore \u00ebsht\u00eb i formuluar posa\u00e7\u00ebrisht p\u00ebr t\u00eb qet\u00ebsuar dhe zbutur l\u00ebkur\u00ebn e kok\u00ebs s\u00eb foshnj\u00ebs. Formula natyrale aktive ekuilibron mikroflor\u00ebn e kok\u00ebs p\u00ebr t\u00eb rivendosur nj\u00eb skalp me pamje m\u00eb t\u00eb sh\u00ebndetshme me vaj organik ushqyes t\u00eb kokosit, duke e qet\u00ebsuar me aloe vera organike dhe duke pastruar me ekstraktin e far\u00ebs s\u00eb selinos.<\/p>\n<h5>Fur\u00e7\u00eb Natyrale<\/h5>\n<p>P\u00ebr foshnjat dhe f\u00ebmij\u00ebt e vegj\u00ebl, fur\u00e7a natyrale \u00ebsht\u00eb b\u00ebr\u00eb nga druri i ahut me cil\u00ebsi t\u00eb lart\u00eb dhe nga burim I q\u00ebndruesh\u00ebm. Ajo vjen me nj\u00eb \u00e7ant\u00eb mbrojt\u00ebse super t\u00eb lezetshme p\u00ebr t\u00eb mbajtur larg pluhurin, t\u00eb b\u00ebr\u00eb nga fibra natyrale t\u00eb jut\u00ebs.<\/p>\n<h5>Si ta p\u00ebrdorni:<\/h5>\n<p>Ju mund t&#8217;i p\u00ebrdorni produktet n\u00eb setin ton\u00eb t\u00eb skalpit s\u00eb bashku ose ve\u00e7mas p\u00ebr t&#8217;u kujdesur p\u00ebr skalpin e foshnj\u00ebs suaj. Vaji yn\u00eb i past\u00ebr organik i kokosit \u00ebsht\u00eb i p\u00ebrsosur p\u00ebr t\u00eb p\u00ebrk\u00ebdhelur t\u00eb voglin tuaj me nj\u00eb masazh t\u00eb rregullt t\u00eb kok\u00ebs. Fur\u00e7a jon\u00eb natyrale p\u00ebr f\u00ebmij\u00eb \u00ebsht\u00eb ideale p\u00ebr masazhimin e but\u00eb dhe heqjen e but\u00eb t\u00eb l\u00ebkurave t\u00eb thata nga skalpi i foshnj\u00ebs. Kur \u00ebsht\u00eb e nevojshme, aplikoni kremin ton\u00eb Happy Scalp\u2122 dy her\u00eb n\u00eb dit\u00eb p\u00ebr t\u00eb ruajtur nj\u00eb mikroflor\u00eb t\u00eb ekuilibruar t\u00eb kok\u00ebs dhe nj\u00eb pamje m\u00eb t\u00eb sh\u00ebndetshme t\u00eb kok\u00ebs.<\/p>","protected":false},"excerpt":{"rendered":"<h4>Keni probleme me skalpin?<\/h4>\n<p>Njihuni me setin e krijuar posa\u00e7\u00ebrisht p\u00ebr t\u00eb mbajtur kok\u00ebn e vog\u00ebl t\u00eb but\u00eb dhe t\u00eb past\u00ebr. Skalpi i foshnj\u00ebs \u00ebsht\u00eb nj\u00eb nga zonat m\u00eb t\u00eb ndjeshme t\u00eb l\u00ebkur\u00ebs s\u00eb tyre delikate, por shpesh neglizhohet derisa acarimi ose that\u00ebsia p\u00ebrkeq\u00ebsohet.<\/p>","protected":false},"featured_media":6625,"template":"","meta":{"_acf_changed":false,"inline_featured_image":false},"product_brand":[],"product_cat":[43],"product_tag":[58],"class_list":{"0":"post-820","1":"product","2":"type-product","3":"status-publish","4":"has-post-thumbnail","6":"product_cat-kokoso-baby","7":"product_tag-kokoso","8":"wpisset-post","9":"wpisset-post-featured","10":"wpisset-woo-has-gallery","12":"first","13":"instock","14":"shipping-taxable","15":"purchasable","16":"product-type-simple"},"acf":[],"_links":{"self":[{"href":"https:\/\/prime-distributor.al\/en\/wp-json\/wp\/v2\/product\/820","targetHints":{"allow":["GET"]}}],"collection":[{"href":"https:\/\/prime-distributor.al\/en\/wp-json\/wp\/v2\/product"}],"about":[{"href":"https:\/\/prime-distributor.al\/en\/wp-json\/wp\/v2\/types\/product"}],"wp:featuredmedia":[{"embeddable":true,"href":"https:\/\/prime-distributor.al\/en\/wp-json\/wp\/v2\/media\/6625"}],"wp:attachment":[{"href":"https:\/\/prime-distributor.al\/en\/wp-json\/wp\/v2\/media?parent=820"}],"wp:term":[{"taxonomy":"product_brand","embeddable":true,"href":"https:\/\/prime-distributor.al\/en\/wp-json\/wp\/v2\/product_brand?post=820"},{"taxonomy":"product_cat","embeddable":true,"href":"https:\/\/prime-distributor.al\/en\/wp-json\/wp\/v2\/product_cat?post=820"},{"taxonomy":"product_tag","embeddable":true,"href":"https:\/\/prime-distributor.al\/en\/wp-json\/wp\/v2\/product_tag?post=820"}],"curies":[{"name":"wp","href":"https:\/\/api.w.org\/{rel}","templated":true}]}}