{"id":814,"date":"2022-03-17T13:11:07","date_gmt":"2022-03-17T13:11:07","guid":{"rendered":"https:\/\/prime-distributor.al\/?post_type=product&#038;p=814"},"modified":"2026-04-30T09:23:42","modified_gmt":"2026-04-30T09:23:42","slug":"furce-per-floket","status":"publish","type":"product","link":"https:\/\/prime-distributor.al\/en\/product\/furce-per-floket\/","title":{"rendered":"Fur\u00e7\u00eb DRURI p\u00ebr Flok\u00ebt"},"content":{"rendered":"<h2>Kokoso Baby\u00ae \u2013 Fur\u00e7\u00eb p\u00ebr Flok\u00ebt<\/h2>\n<p>Fijet natyrale shp\u00ebrndajn\u00eb n\u00eb m\u00ebnyr\u00eb t\u00eb barabart\u00eb vajin natyral t\u00eb flok\u00ebve.<br \/>\nLarja e but\u00eb e flok\u00ebve dhe kok\u00ebs mund t\u00eb ndihmoj\u00eb n\u00eb relaksimin e foshnj\u00ebs para gjumit.<br \/>\nLarja e rregullt ndihmon n\u00eb p\u00ebrgatitjen e f\u00ebmij\u00ebve p\u00ebr nj\u00eb rutin\u00eb t\u00eb mir\u00eb t\u00eb kujdesit p\u00ebr flok\u00ebt m\u00eb von\u00eb<br \/>\nMund t\u00eb jet\u00eb nj\u00eb dhurat\u00eb e bukur p\u00ebr dik\u00eb n\u00eb pritje t\u00eb \u00ebmb\u00ebl<\/p>\n<h4>Si ta p\u00ebrdorni:<\/h4>\n<p>\u2022 P\u00ebrdorni fur\u00e7\u00ebn ton\u00eb natyrale t\u00eb foshnj\u00ebs p\u00ebr t\u00eb pastruar but\u00ebsisht flok\u00ebt dhe masazhoni but\u00ebsisht skalpet delikate, duke ndihmuar n\u00eb heqjen e l\u00ebkur\u00ebs s\u00eb that\u00eb n\u00eb m\u00ebnyr\u00ebn natyrale.<br \/>\n\u2022 P\u00ebr masazhin p\u00ebrfundimtar t\u00eb kok\u00ebs, aplikoni Kokoso Baby\u00ae Organic Coconut Oil p\u00ebrpara se t\u00eb pastroni but\u00ebsisht l\u00ebkur\u00ebn e kok\u00ebs me l\u00ebvizje rrethore.<br \/>\n\u2022 Ruajeni n\u00eb \u00e7ant\u00ebs e saj p\u00ebr ta mbajtur fur\u00e7\u00ebn e foshnj\u00ebs suaj pa pluhur.<\/p>","protected":false},"excerpt":{"rendered":"<div class=\"col-md-12 col-xs-6 break\">\n<div class=\"woocommerce-product-details__short-description\">\n<p>P\u00ebr foshnjat dhe f\u00ebmij\u00ebt e vegj\u00ebl, fur\u00e7a natyrale \u00ebsht\u00eb b\u00ebr\u00eb nga druri i ahut me cil\u00ebsi t\u00eb lart\u00eb dhe nga burim I q\u00ebndruesh\u00ebm. Ajo vjen me nj\u00eb \u00e7ant\u00eb mbrojt\u00ebse super t\u00eb lezetshme p\u00ebr t\u00eb mbajtur larg pluhurin, t\u00eb b\u00ebr\u00eb nga fibra natyrale t\u00eb jut\u00ebs.<\/p>\n<\/div>\n<\/div>","protected":false},"featured_media":1014,"template":"","meta":{"_acf_changed":false,"inline_featured_image":false},"product_brand":[],"product_cat":[43],"product_tag":[58],"class_list":{"0":"post-814","1":"product","2":"type-product","3":"status-publish","4":"has-post-thumbnail","6":"product_cat-kokoso-baby","7":"product_tag-kokoso","8":"wpisset-post","9":"wpisset-post-featured","10":"wpisset-woo-has-gallery","12":"first","13":"instock","14":"shipping-taxable","15":"purchasable","16":"product-type-simple"},"acf":[],"_links":{"self":[{"href":"https:\/\/prime-distributor.al\/en\/wp-json\/wp\/v2\/product\/814","targetHints":{"allow":["GET"]}}],"collection":[{"href":"https:\/\/prime-distributor.al\/en\/wp-json\/wp\/v2\/product"}],"about":[{"href":"https:\/\/prime-distributor.al\/en\/wp-json\/wp\/v2\/types\/product"}],"wp:featuredmedia":[{"embeddable":true,"href":"https:\/\/prime-distributor.al\/en\/wp-json\/wp\/v2\/media\/1014"}],"wp:attachment":[{"href":"https:\/\/prime-distributor.al\/en\/wp-json\/wp\/v2\/media?parent=814"}],"wp:term":[{"taxonomy":"product_brand","embeddable":true,"href":"https:\/\/prime-distributor.al\/en\/wp-json\/wp\/v2\/product_brand?post=814"},{"taxonomy":"product_cat","embeddable":true,"href":"https:\/\/prime-distributor.al\/en\/wp-json\/wp\/v2\/product_cat?post=814"},{"taxonomy":"product_tag","embeddable":true,"href":"https:\/\/prime-distributor.al\/en\/wp-json\/wp\/v2\/product_tag?post=814"}],"curies":[{"name":"wp","href":"https:\/\/api.w.org\/{rel}","templated":true}]}}