{"id":8020,"date":"2023-04-25T11:16:44","date_gmt":"2023-04-25T11:16:44","guid":{"rendered":"https:\/\/prime-distributor.al\/?post_type=product&#038;p=8020"},"modified":"2026-04-30T09:23:43","modified_gmt":"2026-04-30T09:23:43","slug":"furce-silikoni","status":"publish","type":"product","link":"https:\/\/prime-distributor.al\/en\/product\/furce-silikoni\/","title":{"rendered":"Fur\u00e7\u00eb Silikoni"},"content":{"rendered":"<h2>Kokoso Baby\u00ae \u2013 Fur\u00e7\u00eb siliconi p\u00ebr flok\u00ebt dhe skalpin<\/h2>\n<p>Kjo fur\u00e7\u00eb super e but\u00eb p\u00ebr f\u00ebmij\u00eb \u00ebsht\u00eb b\u00ebr\u00eb nga silikon i cil\u00ebsis\u00eb s\u00eb lart\u00eb dhe miq\u00ebsor ndaj mjedisit p\u00ebr t\u00eb masazhuar but\u00ebsisht kok\u00ebn e foshnj\u00ebs dhe eksfolion leht\u00ebsisht skalpin duke larguar qelizat e vdekura nd\u00ebrsa lani flok\u00ebt e tyre.<\/p>\n<h4>Karakteristikat:<\/h4>\n<ul>\n<li>E but\u00eb dhe qet\u00ebsuese n\u00eb l\u00ebkur\u00ebn e kok\u00ebs s\u00eb foshnj\u00ebs<\/li>\n<li>Ndihmon n\u00eb largimin e qelizave t\u00eb vdekura<\/li>\n<li>Stimulon qarkullimin e gjakut<\/li>\n<li>P\u00ebrshtatet leht\u00ebsisht n\u00eb dor\u00ebn tuaj<\/li>\n<li>E p\u00ebrshtatshme p\u00ebr \u00e7do mosh\u00eb, jo vet\u00ebm p\u00ebr bebe<\/li>\n<li>Antibakteriale dhe e leht\u00eb p\u00ebr t&#8217;u pastruar<\/li>\n<li>Pa BPA dhe hipoallergjike<\/li>\n<\/ul>\n<h5>Si ta p\u00ebrdorni:<\/h5>\n<p>Mbajeni fur\u00e7\u00ebn n\u00eb p\u00ebll\u00ebmb\u00ebn tuaj me dorez\u00ebn n\u00eb pjes\u00ebn e pasme t\u00eb dor\u00ebs. N\u00eb l\u00ebvizje rrethore,<br \/>\nmasazhoni but\u00ebsisht kok\u00ebn e foshnj\u00ebs. P\u00ebrdorni shampon ton\u00eb t\u00eb but\u00eb p\u00ebr flok\u00ebt dhe trupin p\u00ebr t\u00eb krijuar shkum\u00eb. Mund t\u00eb p\u00ebrdoret edhe p\u00ebr masazh n\u00eb t\u00eb gjith\u00eb trupin gjat\u00eb dushit!<\/p>","protected":false},"excerpt":{"rendered":"<p>Kjo fur\u00e7\u00eb super e but\u00eb p\u00ebr f\u00ebmij\u00eb \u00ebsht\u00eb b\u00ebr\u00eb nga silikon i cil\u00ebsis\u00eb s\u00eb lart\u00eb dhe miq\u00ebsor ndaj mjedisit p\u00ebr t\u00eb masazhuar but\u00ebsisht kok\u00ebn e foshnj\u00ebs dhe eksfolion leht\u00ebsisht skalpin duke larguar qelizat e vdekura nd\u00ebrsa lani flok\u00ebt e tyre.<\/p>","protected":false},"featured_media":8689,"template":"","meta":{"_acf_changed":false,"inline_featured_image":false},"product_brand":[],"product_cat":[43],"product_tag":[58],"class_list":{"0":"post-8020","1":"product","2":"type-product","3":"status-publish","4":"has-post-thumbnail","6":"product_cat-kokoso-baby","7":"product_tag-kokoso","8":"wpisset-post","9":"wpisset-post-featured","10":"wpisset-woo-has-gallery","12":"first","13":"instock","14":"shipping-taxable","15":"purchasable","16":"product-type-simple"},"acf":[],"_links":{"self":[{"href":"https:\/\/prime-distributor.al\/en\/wp-json\/wp\/v2\/product\/8020","targetHints":{"allow":["GET"]}}],"collection":[{"href":"https:\/\/prime-distributor.al\/en\/wp-json\/wp\/v2\/product"}],"about":[{"href":"https:\/\/prime-distributor.al\/en\/wp-json\/wp\/v2\/types\/product"}],"wp:featuredmedia":[{"embeddable":true,"href":"https:\/\/prime-distributor.al\/en\/wp-json\/wp\/v2\/media\/8689"}],"wp:attachment":[{"href":"https:\/\/prime-distributor.al\/en\/wp-json\/wp\/v2\/media?parent=8020"}],"wp:term":[{"taxonomy":"product_brand","embeddable":true,"href":"https:\/\/prime-distributor.al\/en\/wp-json\/wp\/v2\/product_brand?post=8020"},{"taxonomy":"product_cat","embeddable":true,"href":"https:\/\/prime-distributor.al\/en\/wp-json\/wp\/v2\/product_cat?post=8020"},{"taxonomy":"product_tag","embeddable":true,"href":"https:\/\/prime-distributor.al\/en\/wp-json\/wp\/v2\/product_tag?post=8020"}],"curies":[{"name":"wp","href":"https:\/\/api.w.org\/{rel}","templated":true}]}}