{"id":8007,"date":"2023-04-24T17:10:21","date_gmt":"2023-04-24T17:10:21","guid":{"rendered":"https:\/\/prime-distributor.al\/?post_type=product&#038;p=8007"},"modified":"2026-04-16T08:17:38","modified_gmt":"2026-04-16T08:17:38","slug":"waterwipes-48-peceta","status":"publish","type":"product","link":"https:\/\/prime-distributor.al\/en\/product\/waterwipes-48-peceta\/","title":{"rendered":"WaterWipes &#8211; 48 peceta"},"content":{"rendered":"<h2>Krijuar nga nj\u00eb baba p\u00ebr vajz\u00ebn e tij.<\/h2>\n<p>Letra e lagur \u00ebsht\u00eb nj\u00eb nd\u00ebr produktet kryesore kur lind nj\u00eb bebe, zgjidhni me kujdes p\u00ebr l\u00ebkur\u00ebn m\u00eb t\u00eb but\u00eb q\u00eb ekziston&#8230;ajo e bebit tuaj.\u00a0E dashur nga prind\u00ebrit dhe e miratuar nga Profesionist\u00ebt e Kujdesit Sh\u00ebndet\u00ebsor n\u00eb t\u00eb gjith\u00eb bot\u00ebn, fal\u00eb ngjashm\u00ebris\u00eb me pambukun dhe ujin. Dhe sikur kjo t\u00eb mos mjaftonte, 97% e mamive besojn\u00eb se WaterWipes jan\u00eb t\u00eb p\u00ebrshtatshme n\u00eb l\u00ebkur\u00ebn e foshnjeve t\u00eb porsalindura.<\/p>\n<p>\u00c7do pako ka 48 peceta t\u00eb lagura.<\/p>\n<p>*Nj\u00eb koli p\u00ebrmban 12 pako.<\/p>\n<h4>Kujdesemi p\u00ebr natyr\u00ebn<\/h4>\n<p>Pecetat e lagura WaterWipes tani jan\u00eb gjithashtu t\u00eb BIODEGRADUESHME dhe pa plastik\u00eb.<br \/>\nAsgj\u00eb tjet\u00ebr nuk ka ndryshuar. Jan\u00eb ende pecetat m\u00eb t\u00eb pastra n\u00eb bot\u00eb, por tani jan\u00eb m\u00eb t\u00eb mira edhe p\u00ebr planetin ton\u00eb.<\/p>\n<h4>P\u00ebrb\u00ebr\u00ebsit:<\/h4>\n<p>&#8211; Uji (Aqua) 99.9%<\/p>\n<p>&#8211; Ekstrakt i far\u00ebs Citrus Grandis (grapefruit)<\/p>","protected":false},"excerpt":{"rendered":"<h3>99,9% uj\u00eb dhe nj\u00eb pik\u00eb ekstrakt frutash.<\/h3>\n<p>Pecetat WaterWipes jan\u00eb m\u00eb t\u00eb pastra se pambuku dhe uji.<\/p>","protected":false},"featured_media":12752,"template":"","meta":{"_acf_changed":false,"inline_featured_image":false},"product_brand":[],"product_cat":[501],"product_tag":[609],"class_list":{"0":"post-8007","1":"product","2":"type-product","3":"status-publish","4":"has-post-thumbnail","6":"product_cat-waterwipes","7":"product_tag-waterwipes","8":"wpisset-post","9":"wpisset-post-featured","11":"first","12":"outofstock","13":"shipping-taxable","14":"purchasable","15":"product-type-simple"},"acf":[],"_links":{"self":[{"href":"https:\/\/prime-distributor.al\/en\/wp-json\/wp\/v2\/product\/8007","targetHints":{"allow":["GET"]}}],"collection":[{"href":"https:\/\/prime-distributor.al\/en\/wp-json\/wp\/v2\/product"}],"about":[{"href":"https:\/\/prime-distributor.al\/en\/wp-json\/wp\/v2\/types\/product"}],"wp:featuredmedia":[{"embeddable":true,"href":"https:\/\/prime-distributor.al\/en\/wp-json\/wp\/v2\/media\/12752"}],"wp:attachment":[{"href":"https:\/\/prime-distributor.al\/en\/wp-json\/wp\/v2\/media?parent=8007"}],"wp:term":[{"taxonomy":"product_brand","embeddable":true,"href":"https:\/\/prime-distributor.al\/en\/wp-json\/wp\/v2\/product_brand?post=8007"},{"taxonomy":"product_cat","embeddable":true,"href":"https:\/\/prime-distributor.al\/en\/wp-json\/wp\/v2\/product_cat?post=8007"},{"taxonomy":"product_tag","embeddable":true,"href":"https:\/\/prime-distributor.al\/en\/wp-json\/wp\/v2\/product_tag?post=8007"}],"curies":[{"name":"wp","href":"https:\/\/api.w.org\/{rel}","templated":true}]}}