{"id":785,"date":"2022-03-16T11:38:03","date_gmt":"2022-03-16T11:38:03","guid":{"rendered":"https:\/\/prime-distributor.al\/?post_type=product&#038;p=785"},"modified":"2026-04-15T10:33:07","modified_gmt":"2026-04-15T10:33:07","slug":"balm-per-fytyren-unfragranced","status":"publish","type":"product","link":"https:\/\/prime-distributor.al\/en\/product\/balm-per-fytyren-unfragranced\/","title":{"rendered":"Balm p\u00ebr Fytyr\u00ebn &#8211; Unfragranced"},"content":{"rendered":"<h2>Kokoso Baby\u00ae \u2013 Balm p\u00ebr Fytyr\u00ebn &#8211; Unfragranced<\/h2>\n<p>Baby-Soft Balm Stick ofron hidratim dhe mbrojtje natyrale p\u00ebr l\u00ebkur\u00ebn e familjes suaj n\u00eb aplikuesin ton\u00eb super t\u00eb dobish\u00ebm. I b\u00ebr\u00eb me p\u00ebrb\u00ebr\u00ebs 100% natyral dhe organik, ky balsam magjik me shum\u00eb q\u00ebllime krijon nj\u00eb barrier\u00eb mbrojt\u00ebse kund\u00ebr element\u00ebve, ushqen l\u00ebkur\u00ebn e that\u00eb dhe qet\u00ebson irritimin nga ftohjet, ndryshimi i temperaturave, jarg\u00ebt ose daljen e dh\u00ebmb\u00ebve.<\/p>\n<h4>Karakteristikat:<\/h4>\n<ul>\n<li>Tub rrotullues i ri dhe i p\u00ebrmir\u00ebsuar<\/li>\n<li>Rr\u00ebshqet leht\u00ebsisht n\u00eb l\u00ebkur\u00eb<\/li>\n<li>Mund t\u00eb aplikohet kudo n\u00eb trup<\/li>\n<li>E \u00e7ertifikuar nga Ecocert<\/li>\n<li>Formon nj\u00eb barrier\u00eb mbrojt\u00ebse n\u00eb fytyrat delikate ndaj motit dhe mjedisit<\/li>\n<li>Mbron mjekr\u00ebn nga jarg\u00ebt dhe qet\u00ebson skuqjen e krijuar prej tyre<\/li>\n<li>Mund t\u00eb p\u00ebrdoret si balsam p\u00ebr pelena (p\u00ebrdorni nj\u00eb stik ekskluzivisht p\u00ebr k\u00ebt\u00eb q\u00ebllim!)<\/li>\n<li>I shk\u00eblqyesh\u00ebm p\u00ebr duart e thata, buz\u00ebt e l\u00ebnduara, hund\u00ebt q\u00eb rrjedhin dhe faqet e acarlara<\/li>\n<li>Mbajeni n\u00eb \u00e7ant\u00ebn tuaj p\u00ebr goditje dhe mavijosje<\/li>\n<li>I testuar dermatologjikisht<\/li>\n<li>I p\u00ebrshtatsh\u00ebm p\u00ebr l\u00ebkur\u00eb t\u00eb ndjeshme dhe t\u00eb prirur ndaj ekzem\u00ebs<\/li>\n<li>Aplikim i leht\u00eb &#8211; pa rr\u00ebmuj\u00eb<\/li>\n<li>I em\u00ebruar <em><strong>&#8220;Multi-tasker m\u00eb i mir\u00eb p\u00ebr \u00e7ant\u00ebn e n\u00ebn\u00ebs&#8221;<\/strong><\/em> nga Beauty Shortlist<\/li>\n<\/ul>\n<p>Ne rekomandojm\u00eb produktet tona pa arom\u00eb p\u00ebr t\u00eb sapolindurit dhe l\u00ebkur\u00eb shum\u00eb t\u00eb ndjeshme.<\/p>\n<h5>Si ta p\u00ebrdorni:<\/h5>\n<p id=\"tw-target-text\" class=\"tw-data-text tw-text-large tw-ta\" dir=\"ltr\" data-placeholder=\"Translation\"><span class=\"Y2IQFc\" lang=\"sq\">Hiqni kapakun dhe rrotulloni kapakun e brendsh\u00ebm p\u00ebr t\u00eb zgjatur balsamin. <\/span><\/p>\n<ul>\n<li class=\"tw-data-text tw-text-large tw-ta\" dir=\"ltr\" data-placeholder=\"Translation\"><span class=\"Y2IQFc\" lang=\"sq\">P\u00ebrdredhni vet\u00ebm aq balsam sa ju nevojitet<\/span><\/li>\n<li class=\"tw-data-text tw-text-large tw-ta\" dir=\"ltr\" data-placeholder=\"Translation\">Ne kemi l\u00ebn\u00eb hap\u00ebsir\u00eb \u200b\u200bbrenda pasi t\u00eb jet\u00eb vendosur pjesa e sip\u00ebrme p\u00ebr t\u00eb l\u00ebn\u00eb balsamim t\u00eb zgjatur<\/li>\n<li class=\"tw-data-text tw-text-large tw-ta\" dir=\"ltr\" data-placeholder=\"Translation\">Aplikojeni n\u00eb l\u00ebkur\u00eb kudo q\u00eb ju nevojitet<\/li>\n<li class=\"tw-data-text tw-text-large tw-ta\" dir=\"ltr\" data-placeholder=\"Translation\">P\u00ebr nj\u00eb aplikim m\u00eb t\u00eb trash\u00eb, aplikoni disa shtresa<\/li>\n<\/ul>\n<h5>P\u00ebrb\u00ebr\u00ebsit:<\/h5>\n<p>Pa arom\u00eb:<br \/>\n\u2022 100% natyral\u00a0dhe organik,\u00a0Vaji Olea Europaea (Ulliri), Vaji Cocos Nucifera (kokosi), Cera Alba (Dylli i blet\u00ebs), Dylli Copernicia Cerifera (Carnauba), Butyrospermum Parkii (Gjalpi Shea).<\/p>","protected":false},"excerpt":{"rendered":"<p>I b\u00ebr\u00eb me p\u00ebrb\u00ebr\u00ebs 100% natyral dhe organik, ky balsam magjik me shum\u00eb funksione krijon nj\u00eb barrier\u00eb ushqyese kund\u00ebr elementeve, hidraton l\u00ebkur\u00ebn e that\u00eb dhe qet\u00ebson acarimin e l\u00ebkur\u00ebs nga ftohjet ose nga dalja e dh\u00ebmb\u00ebve.<\/p>","protected":false},"featured_media":936,"template":"","meta":{"_acf_changed":false,"inline_featured_image":false},"product_brand":[],"product_cat":[43],"product_tag":[58],"class_list":{"0":"post-785","1":"product","2":"type-product","3":"status-publish","4":"has-post-thumbnail","6":"product_cat-kokoso-baby","7":"product_tag-kokoso","8":"wpisset-post","9":"wpisset-post-featured","10":"wpisset-woo-has-gallery","12":"first","13":"instock","14":"shipping-taxable","15":"purchasable","16":"product-type-simple"},"acf":[],"_links":{"self":[{"href":"https:\/\/prime-distributor.al\/en\/wp-json\/wp\/v2\/product\/785","targetHints":{"allow":["GET"]}}],"collection":[{"href":"https:\/\/prime-distributor.al\/en\/wp-json\/wp\/v2\/product"}],"about":[{"href":"https:\/\/prime-distributor.al\/en\/wp-json\/wp\/v2\/types\/product"}],"wp:featuredmedia":[{"embeddable":true,"href":"https:\/\/prime-distributor.al\/en\/wp-json\/wp\/v2\/media\/936"}],"wp:attachment":[{"href":"https:\/\/prime-distributor.al\/en\/wp-json\/wp\/v2\/media?parent=785"}],"wp:term":[{"taxonomy":"product_brand","embeddable":true,"href":"https:\/\/prime-distributor.al\/en\/wp-json\/wp\/v2\/product_brand?post=785"},{"taxonomy":"product_cat","embeddable":true,"href":"https:\/\/prime-distributor.al\/en\/wp-json\/wp\/v2\/product_cat?post=785"},{"taxonomy":"product_tag","embeddable":true,"href":"https:\/\/prime-distributor.al\/en\/wp-json\/wp\/v2\/product_tag?post=785"}],"curies":[{"name":"wp","href":"https:\/\/api.w.org\/{rel}","templated":true}]}}