{"id":7762,"date":"2023-04-04T18:38:40","date_gmt":"2023-04-04T18:38:40","guid":{"rendered":"https:\/\/prime-distributor.al\/?post_type=product&#038;p=7762"},"modified":"2026-04-17T07:21:55","modified_gmt":"2026-04-17T07:21:55","slug":"sonisk-pulse-toothbrush-dusty-pink","status":"publish","type":"product","link":"https:\/\/prime-distributor.al\/en\/product\/sonisk-pulse-toothbrush-dusty-pink\/","title":{"rendered":"Sonisk Pulse Toothbrush &#8211; Dusty Pink"},"content":{"rendered":"<ul>\n<li>Kompakt dhe i leht\u00eb p\u00ebr t&#8217;u futur n\u00eb nj\u00eb \u00e7ant\u00eb udh\u00ebtimi ose \u00e7ant\u00eb dore<\/li>\n<li>Mbrojtje antimikrobike dhe teknologji sonike p\u00ebr t\u00eb ruajtur sip\u00ebrfaqen e dh\u00ebmb\u00ebve dhe p\u00ebr t\u00eb parandaluar prishjen<\/li>\n<li>Kapak udh\u00ebtimi p\u00ebr t\u00eb mbajtur kok\u00ebn e fur\u00e7\u00ebs pa papast\u00ebrti<\/li>\n<li>Prekje e l\u00ebmuar dhe ngjyra bashk\u00ebkohore<\/li>\n<li>Koka t\u00eb ndryshueshme<\/li>\n<li>Plot\u00ebsisht i pap\u00ebrshkuesh\u00ebm nga uji<span class=\"Apple-converted-space\">\u00a0<\/span><\/li>\n<\/ul>\n<p>Specifikimet<\/p>\n<ul>\n<li>E p\u00ebrshtatshme nga 12+ vje\u00e7<\/li>\n<li>Jet\u00ebgjat\u00ebsia e bateris\u00eb 90 dit\u00eb<\/li>\n<li>Fur\u00e7\u00eb anti-bakteriale\/anti-mikrobiale<\/li>\n<li>31,000 goditje zanore n\u00eb minut\u00eb<\/li>\n<li>Me bateri AAA (me bateri)<\/li>\n<li>P\u00ebrfshihet koka rezerv\u00eb e fur\u00e7\u00ebs s\u00eb dh\u00ebmb\u00ebve<\/li>\n<\/ul>\n<p><em>Pastrim zanor p\u00ebr dh\u00ebmb\u00eb q\u00eb shk\u00eblqejn\u00eb dhe mishra t\u00eb sh\u00ebndetsh\u00ebm<\/em><\/p>\n<p style=\"text-align: left;\"><em>Rekomanduar nga dentist\u00ebt dhe e provuar klinikisht<\/em><\/p>\n<p>Me bateri AAA <strong>(e perfshir\u00eb)<\/strong><br \/>\nP\u00ebrfshihet <strong>koka rezerv\u00eb<\/strong> e fur\u00e7\u00ebs s\u00eb dh\u00ebmb\u00ebve<\/p>\n<p>Udh\u00ebzim p\u00ebrdorimi: Shtypni butonin e ndezjes derisa te filloj\u00eb dridhja. Lani dhemb\u00ebt si\u00e7 rekomandohet nga dentisti juaj. P\u00ebr te fikur fur\u00e7\u00ebn e dh\u00ebmb\u00ebve Pulse, shtypni fort butonin e ndezjes derisa dridhja t\u00eb ndaloj\u00eb.<\/p>\n<p><img decoding=\"async\" class=\"alignnone wp-image-7778\" src=\"https:\/\/prime-distributor.al\/wp-content\/uploads\/2023\/04\/Prime-Distributor-Sonisk-Lifestyle-Photo-4_700x700-300x300.jpg\" alt=\"\" width=\"400\" height=\"400\" srcset=\"https:\/\/prime-distributor.al\/wp-content\/uploads\/2023\/04\/Prime-Distributor-Sonisk-Lifestyle-Photo-4_700x700-300x300.jpg 300w, https:\/\/prime-distributor.al\/wp-content\/uploads\/2023\/04\/Prime-Distributor-Sonisk-Lifestyle-Photo-4_700x700-150x150.jpg 150w, https:\/\/prime-distributor.al\/wp-content\/uploads\/2023\/04\/Prime-Distributor-Sonisk-Lifestyle-Photo-4_700x700-12x12.jpg 12w, https:\/\/prime-distributor.al\/wp-content\/uploads\/2023\/04\/Prime-Distributor-Sonisk-Lifestyle-Photo-4_700x700-600x600.jpg 600w, https:\/\/prime-distributor.al\/wp-content\/uploads\/2023\/04\/Prime-Distributor-Sonisk-Lifestyle-Photo-4_700x700-50x50.jpg 50w, https:\/\/prime-distributor.al\/wp-content\/uploads\/2023\/04\/Prime-Distributor-Sonisk-Lifestyle-Photo-4_700x700-100x100.jpg 100w, https:\/\/prime-distributor.al\/wp-content\/uploads\/2023\/04\/Prime-Distributor-Sonisk-Lifestyle-Photo-4_700x700.jpg 700w\" sizes=\"(max-width: 400px) 100vw, 400px\" \/><\/p>","protected":false},"excerpt":{"rendered":"<p>Fur\u00e7\u00eb dh\u00ebmb\u00ebsh p\u00ebr t\u00eb rritur me vibrime Sonic<\/p>\n<p>Teknologjia profesionale e fur\u00e7\u00ebs s\u00eb dh\u00ebmb\u00ebve me vibrim Pulse dhe madh\u00ebsia portative n\u00ebnkupton nj\u00eb kujdes fantastik oral kur jeni n\u00eb l\u00ebvizje ose n\u00eb sht\u00ebpi. Fijet vibruese antimikrobike t\u00eb fur\u00e7\u00ebs s\u00eb dh\u00ebmb\u00ebve Sonisk Pulse pastrojn\u00eb edhe sip\u00ebrfaqet e v\u00ebshtira p\u00ebr t&#8217;u arritur, nd\u00ebrsa kapaku e mban fur\u00e7\u00ebn tuaj t\u00eb dh\u00ebmb\u00ebve pa mikrobe dhe gati p\u00ebr p\u00ebrdorim.<\/p>","protected":false},"featured_media":7730,"template":"","meta":{"_acf_changed":false,"inline_featured_image":false},"product_brand":[],"product_cat":[933],"product_tag":[945],"class_list":{"0":"post-7762","1":"product","2":"type-product","3":"status-publish","4":"has-post-thumbnail","6":"product_cat-sonisk","7":"product_tag-sonisk","8":"wpisset-post","9":"wpisset-post-featured","10":"wpisset-woo-has-gallery","12":"first","13":"instock","14":"shipping-taxable","15":"purchasable","16":"product-type-simple"},"acf":[],"_links":{"self":[{"href":"https:\/\/prime-distributor.al\/en\/wp-json\/wp\/v2\/product\/7762","targetHints":{"allow":["GET"]}}],"collection":[{"href":"https:\/\/prime-distributor.al\/en\/wp-json\/wp\/v2\/product"}],"about":[{"href":"https:\/\/prime-distributor.al\/en\/wp-json\/wp\/v2\/types\/product"}],"wp:featuredmedia":[{"embeddable":true,"href":"https:\/\/prime-distributor.al\/en\/wp-json\/wp\/v2\/media\/7730"}],"wp:attachment":[{"href":"https:\/\/prime-distributor.al\/en\/wp-json\/wp\/v2\/media?parent=7762"}],"wp:term":[{"taxonomy":"product_brand","embeddable":true,"href":"https:\/\/prime-distributor.al\/en\/wp-json\/wp\/v2\/product_brand?post=7762"},{"taxonomy":"product_cat","embeddable":true,"href":"https:\/\/prime-distributor.al\/en\/wp-json\/wp\/v2\/product_cat?post=7762"},{"taxonomy":"product_tag","embeddable":true,"href":"https:\/\/prime-distributor.al\/en\/wp-json\/wp\/v2\/product_tag?post=7762"}],"curies":[{"name":"wp","href":"https:\/\/api.w.org\/{rel}","templated":true}]}}