{"id":7368,"date":"2023-02-23T11:24:50","date_gmt":"2023-02-23T11:24:50","guid":{"rendered":"https:\/\/prime-distributor.al\/?post_type=product&#038;p=7368"},"modified":"2025-06-02T08:28:37","modified_gmt":"2025-06-02T08:28:37","slug":"swimming-pool","status":"publish","type":"product","link":"https:\/\/prime-distributor.al\/en\/product\/swimming-pool\/","title":{"rendered":"Baby paddling pool"},"content":{"rendered":"<h3>Spl\u00e4sh: Baby paddling pool<\/h3>\n<p>L\u00ebreni t\u00eb voglin tuaj t\u00eb sp\u00ebrkas\u00eb dhe t\u00eb kaloj\u00eb n\u00eb ver\u00eb me Spl\u00e4sh. P\u00ebrmasa perfekte p\u00ebr foshnjat dhe t\u00eb vegjlit p\u00ebr t\u00eb shijuar loj\u00ebn me uj\u00eb n\u00eb nj\u00eb dit\u00eb me diell. P\u00ebr hije shtes\u00eb, Spl\u00e4sh mund t\u00eb vendoset brenda tend\u00ebs\u00a0<a href=\"https:\/\/prime-distributor.al\/en\/product\/baby-pop-up-tent-0m\/\">Sunkit\u00f6<\/a>. Thjesht derdhni pak uj\u00eb duke p\u00ebrdorur kov\u00ebn e palosshme dhe b\u00ebhuni gati p\u00ebr sp\u00ebrkatje!<\/p>\n<ul>\n<li>Lejon f\u00ebmij\u00ebn t\u00eb freskohet gjat\u00eb dit\u00ebve t\u00eb nxehta t\u00eb ver\u00ebs<\/li>\n<li>E p\u00ebrkryer n\u00eb plazh, park apo aktivitete n\u00eb natyr\u00eb<\/li>\n<li>P\u00eblhur\u00eb e pap\u00ebrshkueshme nga uji, e q\u00ebndrueshme dhe e leht\u00eb p\u00ebr t&#8217;u pastruar<\/li>\n<li>Konfigurim i shpejt\u00eb dhe i leht\u00eb<\/li>\n<li>Paloset dhe ruhet leht\u00ebsisht n\u00eb \u00e7ant\u00ebn e transportit t\u00eb p\u00ebrfshir\u00eb<\/li>\n<li>Projektuar p\u00ebr t&#8217;u p\u00ebrshtatur n\u00eb tend\u00ebn <a href=\"https:\/\/prime-distributor.al\/en\/product\/baby-pop-up-tent-0m\/\">Sunkit\u00f6<\/a><\/li>\n<li>Vjen me nj\u00eb kov\u00eb kompakte dhe t\u00eb palosshme<\/li>\n<li>P\u00ebrmasat: \u00a0 <em><strong>E hapur<\/strong><\/em>: 21,1 cm x 85,1 cm x 6,1 cm \/ <strong><em>E palosur<\/em><\/strong>: 1,3 cm x 58,4 cm x 11,4 cm<\/li>\n<\/ul>","protected":false},"excerpt":{"rendered":"<h3>Spl\u00e4sh: Baby paddling pool<\/h3>\n<p>L\u00ebreni t\u00eb voglin tuaj t\u00eb sp\u00ebrkas\u00eb dhe t\u00eb kaloj\u00eb n\u00eb ver\u00eb me Spl\u00e4sh. P\u00ebrmasa perfekte p\u00ebr foshnjat dhe t\u00eb vegjlit p\u00ebr t\u00eb shijuar loj\u00ebn me uj\u00eb n\u00eb nj\u00eb dit\u00eb me diell. P\u00ebr hije shtes\u00eb, Spl\u00e4sh mund t\u00eb vendoset brenda tend\u00ebs\u00a0<a href=\"https:\/\/prime-distributor.al\/en\/product\/baby-pop-up-tent-0m\/\">Sunkit\u00f6<\/a>.<\/p>","protected":false},"featured_media":13288,"template":"","meta":{"_acf_changed":false,"inline_featured_image":false},"product_brand":[],"product_cat":[34],"product_tag":[535],"class_list":{"0":"post-7368","1":"product","2":"type-product","3":"status-publish","4":"has-post-thumbnail","6":"product_cat-bbluv","7":"product_tag-bbluv","8":"wpisset-post","9":"wpisset-post-featured","10":"wpisset-woo-has-gallery","12":"first","13":"instock","14":"shipping-taxable","15":"purchasable","16":"product-type-simple"},"acf":[],"_links":{"self":[{"href":"https:\/\/prime-distributor.al\/en\/wp-json\/wp\/v2\/product\/7368","targetHints":{"allow":["GET"]}}],"collection":[{"href":"https:\/\/prime-distributor.al\/en\/wp-json\/wp\/v2\/product"}],"about":[{"href":"https:\/\/prime-distributor.al\/en\/wp-json\/wp\/v2\/types\/product"}],"wp:featuredmedia":[{"embeddable":true,"href":"https:\/\/prime-distributor.al\/en\/wp-json\/wp\/v2\/media\/13288"}],"wp:attachment":[{"href":"https:\/\/prime-distributor.al\/en\/wp-json\/wp\/v2\/media?parent=7368"}],"wp:term":[{"taxonomy":"product_brand","embeddable":true,"href":"https:\/\/prime-distributor.al\/en\/wp-json\/wp\/v2\/product_brand?post=7368"},{"taxonomy":"product_cat","embeddable":true,"href":"https:\/\/prime-distributor.al\/en\/wp-json\/wp\/v2\/product_cat?post=7368"},{"taxonomy":"product_tag","embeddable":true,"href":"https:\/\/prime-distributor.al\/en\/wp-json\/wp\/v2\/product_tag?post=7368"}],"curies":[{"name":"wp","href":"https:\/\/api.w.org\/{rel}","templated":true}]}}