{"id":7271,"date":"2023-02-20T11:16:01","date_gmt":"2023-02-20T11:16:01","guid":{"rendered":"https:\/\/prime-distributor.al\/?post_type=product&#038;p=7271"},"modified":"2026-01-21T18:14:06","modified_gmt":"2026-01-21T18:14:06","slug":"osmoforce","status":"publish","type":"product","link":"https:\/\/prime-distributor.al\/en\/product\/osmoforce\/","title":{"rendered":"Osmoforce"},"content":{"rendered":"<p>\u00c7far\u00eb \u00ebsht\u00eb OSMOFORS KIDS?<\/p>\n<p>OSMOFORS KIDS \u00ebsht\u00eb nj\u00eb hidroxhel me hidrostruktur\u00eb t\u00eb leht\u00eb dhe jo ngjit\u00ebse, i cili ka nj\u00eb efekt ftoh\u00ebs pas aplikimit n\u00eb l\u00ebkur\u00eb, vepron fiziko-kimikisht, fal\u00eb osmoz\u00ebs.<br \/>\nHidrogeli ftoh dhe qet\u00ebson, p\u00ebrmir\u00ebson gjendjen e l\u00ebkur\u00ebs s\u00eb irrituar nga that\u00ebsia dhe skuqjet, dhe kjo \u00e7on n\u00eb leht\u00ebsimin e kruajtjes dhe shqet\u00ebsimit.<br \/>\nXheli ftoh\u00ebs OSMOFORS KIDS hidraton dhe qet\u00ebson irritimet specifike t\u00eb l\u00ebkur\u00ebs, gj\u00eb q\u00eb redukton d\u00ebshir\u00ebn p\u00ebr g\u00ebrvishtje, nuk ndikon n\u00eb origjin\u00ebn e shqet\u00ebsimit, por vet\u00ebm ftoh, hidraton dhe qet\u00ebson l\u00ebkur\u00ebn n\u00eb zonat e prekura.<\/p>\n<p>Xhel ftoh\u00ebs OSMOFORS KIDS hidraton shtresat sip\u00ebrfaq\u00ebsore, qet\u00ebson l\u00ebkur\u00ebn, promovon vet\u00eb-rikuperimin dhe Ftohja ofron nj\u00eb ndjesi t\u00eb shpejt\u00eb dhe qet\u00ebsuese n\u00eb zonat e prekura dhe redukton d\u00ebshir\u00ebn p\u00ebr kruajtje, hidratimi lejon l\u00ebkur\u00ebn t\u00eb riparohet n\u00eb m\u00ebnyr\u00eb natyrale. D\u00ebshira e reduktuar p\u00ebr t\u00eb kruajtur zonat e prekura parandalon d\u00ebmtimin e mundsh\u00ebm t\u00eb l\u00ebkur\u00ebs.<br \/>\nOSMOFORS KIDS nuk \u00ebsht\u00eb i destinuar p\u00ebr trajtim! Ftoh dhe qet\u00ebson l\u00ebkur\u00ebn me shqet\u00ebsime specifike. Aplikohet n\u00eb pjes\u00eb t\u00eb irrituara, q\u00eb shkaktojn\u00eb parehati (ndonj\u00ebher\u00eb t\u00eb kuqe), ftoh, hidraton, pastron, zvog\u00eblon d\u00ebshir\u00ebn p\u00ebr kruajje, ndihmon n\u00eb shmangien e g\u00ebrvishtjeve dhe d\u00ebmtimeve eventuale t\u00eb l\u00ebkur\u00ebs. Gjithashtu hidraton dhe qet\u00ebson l\u00ebkur\u00ebn, e cila mb\u00ebshtet proceset e saj t\u00eb rim\u00ebk\u00ebmbjes.<\/p>\n<p>\u00c7far\u00eb p\u00ebrmban OSMOFORS KIDS dhe si funksionon?<\/p>\n<p>OSMOFORS KIDS p\u00ebrmban p\u00ebrb\u00ebr\u00ebsin e ri revolucionar dermatologjikisht aktiv Osmo4, bazuar n\u00eb procesin e osmoz\u00ebs. Pas aplikimit, hidrogelet me Osmo4 t\u00ebrheqin ujin n\u00eb shtresat e sip\u00ebrme t\u00eb l\u00ebkur\u00ebs. Kjo l\u00ebvizje hidraton dhe s\u00eb bashku me avullimin (avullim) pasues shkaktojn\u00eb ftohje, qet\u00ebsim t\u00eb irritimeve dhe reduktim t\u00eb d\u00ebshir\u00ebs p\u00ebr kruajtje. Hidratimi shtes\u00eb mb\u00ebshtet rigjenerimin e l\u00ebkur\u00ebs.<br \/>\nOsmo 4 \u00ebsht\u00eb nj\u00eb p\u00ebrb\u00ebr\u00ebs aktiv dermatologjikisht i bazuar n\u00eb veprimin sinergjik t\u00eb glicerin\u00ebs dhe glikolit t\u00eb mbyllur n\u00eb nj\u00eb struktur\u00eb karbomer. Efektiviteti i saj \u00ebsht\u00eb p\u00ebr shkak t\u00eb veprimit hidratues t\u00eb glicerin\u00ebs, nj\u00eb produkt natyral n\u00eb p\u00ebrb\u00ebrjen e yndyrave.<br \/>\nVetit\u00eb kryesore t\u00eb tij jan\u00eb hidratuese dhe qet\u00ebsuese. Glicerinti \u00ebsht\u00eb i lidhur me nj\u00eb diol tjet\u00ebr t\u00eb ngopur, i cili p\u00ebrmir\u00ebson hidratimin dhe toleranc\u00ebn dhe eliminon nevoj\u00ebn p\u00ebr konservues. Struktura e grupit poliakrilate t\u00eb k\u00ebtij p\u00ebrb\u00ebr\u00ebsi mb\u00ebshtet efikasitetin e osmoz\u00ebs, dhe rrjedhimisht hidratimin, pastrimin dhe p\u00ebrmir\u00ebsimin e l\u00ebkur\u00ebs, struktura e xhelit i ngjan asaj t\u00eb ujit, gj\u00eb q\u00eb lejon p\u00ebrthithje, ftohje dhe hidratim optimal.<\/p>\n<p>P\u00ebrb\u00ebr\u00ebsit: Uj\u00eb, Glicerin\u00eb, PEG-8, Kapryl Glikoli, Karbomer, Hidroksid Natriumi.<br \/>\nEfektet an\u00ebsore t\u00eb mundshme nga p\u00ebrdorimi i OSMOFORS KIDS.<br \/>\nOSMOFORS KIDS p\u00ebrmban p\u00ebrb\u00ebr\u00ebs natyral\u00eb p\u00ebr njer\u00ebzit dhe nuk ka efekte an\u00ebsore t\u00eb v\u00ebrtetuara. N\u00eb raste shum\u00eb t\u00eb rralla, \u00ebsht\u00eb raportuar thumbim i leht\u00eb pas aplikimit, thumbim n\u00eb ftohje. N\u00ebse dyshoni se mund t\u00eb jeni t\u00eb ndjesh\u00ebm ndaj ndonj\u00eb prej t\u00eb m\u00ebposhtmeve ose keni skuqje ose shqet\u00ebsim shtes\u00eb t\u00eb l\u00ebkur\u00ebs, lani me sapun dhe uj\u00eb dhe k\u00ebrkoni kujdes mjek\u00ebsor.<\/p>\n<p>Kur dhe sa shpesh duhet p\u00ebrdorur OSMOFORS KIDS<br \/>\nP\u00ebr f\u00ebmij\u00ebt mbi 6 muaj dhe t\u00eb rriturit: 2 deri n\u00eb 4 litra n\u00eb dit\u00eb, nj\u00eb sasi e vog\u00ebl e xhelit aplikohet dhe f\u00ebrkohet me l\u00ebvizje t\u00eb lehta mbi pjes\u00ebt e l\u00ebkur\u00ebs t\u00eb prekura nga acarimi dhe q\u00eb shkakton parehati. Mund t\u00eb aplikohet edhe n\u00eb vezikulat e plasaritura dhe\/ose t\u00eb ngurt\u00ebsuara. Tek f\u00ebmij\u00ebt n\u00ebn 6 muaj dhe t\u00eb moshuarit, p\u00ebrdorimi i tij b\u00ebhet vet\u00ebm n\u00ebn mbik\u00ebqyrjen mjek\u00ebsore.<br \/>\nKoh\u00ebzgjatja e aplikimeve varet nga pragu individual i toleranc\u00ebs ndaj kruajtjes dhe ashp\u00ebrsia e simptomave. Zakonisht zhvillimi i skuqjes dhe irritimit zgjat 3-7 dit\u00eb.<\/p>\n<p>M\u00ebnyra e p\u00ebrdorimit<br \/>\nLani dhe thani duart mir\u00eb. Hapni kapakun dhe hiqni filmin mbrojt\u00ebs nga hapja e tubit. Shtrydhni sasin\u00eb e nevojshme t\u00eb xhelit dhe aplikojeni n\u00eb l\u00ebkur\u00eb me l\u00ebvizje t\u00eb lehta. Xheli mund t\u00eb aplikohet fillimisht mbi zon\u00ebn e prekur dhe m\u00eb pas t\u00eb p\u00ebrhapet n\u00eb pjes\u00ebn tjet\u00ebr. Aplikimi i xhelit mund t\u00eb b\u00ebhet edhe p\u00ebrmes vet\u00eb tubit, pa ushtruar presion n\u00eb l\u00ebkur\u00eb. Vet\u00ebm p\u00ebr p\u00ebrdorim t\u00eb jasht\u00ebm. Mund t\u00eb p\u00ebrdoret n\u00eb t\u00eb gjith\u00eb trupin dhe fytyr\u00ebn. Shmangni kontaktin me syt\u00eb dhe mukoz\u00ebn.<\/p>\n<p>Magazinimi<br \/>\nT\u00eb ruhet n\u00eb nj\u00eb temperatur\u00eb deri n\u00eb 25\u00b0C, tub i mbyllur mir\u00eb n\u00eb kutin\u00eb origjinale n\u00eb vende t\u00eb paarritshme p\u00ebr f\u00ebmij\u00ebt.<\/p>\n<p>Paralajm\u00ebrim:<br \/>\nProdukti duhet t\u00eb aplikohet vet\u00ebm nga nj\u00eb i rritur tek f\u00ebmij\u00ebt. Mbajeni larg rrezeve t\u00eb diellit direkte dhe burimeve t\u00eb nxeht\u00ebsis\u00eb. Mos e p\u00ebrdorni pas dat\u00ebs s\u00eb skadenc\u00ebs ose n\u00ebse filmi mbrojt\u00ebs n\u00eb hapjen e tubit \u00ebsht\u00eb d\u00ebmtuar.<\/p>\n<p>Data e skadenc\u00ebs: e sh\u00ebnuar n\u00eb kapakun e kutis\u00eb dhe e stampuar n\u00eb tub.<br \/>\nProdhuar n\u00eb BE p\u00ebr Makave EOOD<\/p>\n<p>Osmoforce Kids :<\/p>\n<p>-Zvoglon d\u00ebshir\u00ebn p\u00ebr kruarje<br \/>\n-Ndihmon n\u00eb sh\u00ebrimin e blisterit ( fluskave)<br \/>\n-Freskon l\u00ebkur\u00ebn<br \/>\n-Redukton mund\u00ebsin\u00eb e infektimit t\u00eb plag\u00ebve<br \/>\n-Ndihmon n\u00eb rastet e irritimit t\u00eb l\u00ebkur\u00ebs, infeksioneve l\u00ebkurore dhe plasaritjes<br \/>\n-Ndihmon n\u00eb djegiet e ndryshme t\u00eb l\u00ebkur\u00ebs<\/p>\n<p>\u00cbsht\u00eb pa Alkool, pa Parfum, Pa Prezervativ\u00eb dhe pa ngjyrues artificial.<\/p>\n<p>Osmoforce Kids \u00ebsht\u00eb prpdukt i testuar dermatologjikisht pa asnj\u00eb efekt<br \/>\nan\u00ebsor t\u00eb v\u00ebrtetuar p\u00ebr t\u00eb rriturit dhe f\u00ebmij\u00ebt mbi 6 muaj<\/p>\n<p>N\u00eb f\u00ebmij\u00ebt mbi 6 muaj dhe t\u00eb rriturit<br \/>\nNga 2-4 here n\u00eb dit\u00eb nj\u00eb sasi e vogel Gel duhet t\u00eb shtrihet n\u00eb zonat e<br \/>\nprekura t\u00eb l\u00ebkur\u00ebs. Koh\u00ebzgjatja 3-7 dit\u00eb.<br \/>\nP\u00ebrdoret n\u00eb t\u00eb gjith\u00eb trupin, fytyr\u00ebn dhe kok\u00ebn.<\/p>\n<p>Si t\u00eb P\u00ebrdoret: Hiqni flet\u00ebn mbrojt\u00ebse nga Tubi, gjithmon\u00eb lani duart dhe<br \/>\nthani mir, i destinuar p\u00ebr p\u00ebrdorim t\u00eb jasht\u00ebm. Kujdesuni q\u00eb t\u00eb shmangni<br \/>\nkontaktet me sy.<\/p>\n<p><img decoding=\"async\" class=\"alignnone wp-image-8819\" src=\"https:\/\/prime-distributor.al\/wp-content\/uploads\/2023\/06\/PRIME-DISTRIBUTOR-OSMOFORCE-INFO-1F-300x40.jpg\" alt=\"\" width=\"1103\" height=\"147\" srcset=\"https:\/\/prime-distributor.al\/wp-content\/uploads\/2023\/06\/PRIME-DISTRIBUTOR-OSMOFORCE-INFO-1F-300x40.jpg 300w, https:\/\/prime-distributor.al\/wp-content\/uploads\/2023\/06\/PRIME-DISTRIBUTOR-OSMOFORCE-INFO-1F-1024x136.jpg 1024w, https:\/\/prime-distributor.al\/wp-content\/uploads\/2023\/06\/PRIME-DISTRIBUTOR-OSMOFORCE-INFO-1F-768x102.jpg 768w, https:\/\/prime-distributor.al\/wp-content\/uploads\/2023\/06\/PRIME-DISTRIBUTOR-OSMOFORCE-INFO-1F-1536x204.jpg 1536w, https:\/\/prime-distributor.al\/wp-content\/uploads\/2023\/06\/PRIME-DISTRIBUTOR-OSMOFORCE-INFO-1F-2048x273.jpg 2048w, https:\/\/prime-distributor.al\/wp-content\/uploads\/2023\/06\/PRIME-DISTRIBUTOR-OSMOFORCE-INFO-1F-18x2.jpg 18w, https:\/\/prime-distributor.al\/wp-content\/uploads\/2023\/06\/PRIME-DISTRIBUTOR-OSMOFORCE-INFO-1F-600x80.jpg 600w, https:\/\/prime-distributor.al\/wp-content\/uploads\/2023\/06\/PRIME-DISTRIBUTOR-OSMOFORCE-INFO-1F-scaled.jpg 1920w\" sizes=\"(max-width: 1103px) 100vw, 1103px\" \/><\/p>","protected":false},"excerpt":{"rendered":"<p>Osmoforce Kids \u00ebsht\u00eb qet\u00ebsues i kruarjes, ndihmon n\u00eb trajtimin e vari\u00e7el\u00ebs.<br \/>\nKa nj\u00eb efekt mbrojt\u00ebs dhe ndihmon p\u00ebr t\u00eb evituar kruarjen e l\u00ebkur\u00ebs s\u00eb skuqur<br \/>\ndhe t\u00eb acaruar, gjithashtu leht\u00ebson kruarjen edhe n\u00eb rastet e pickimit t\u00eb<br \/>\ninsekteve dhe reaksioneve alergjike.<\/p>","protected":false},"featured_media":8824,"template":"","meta":{"_acf_changed":false,"inline_featured_image":false},"product_brand":[],"product_cat":[925],"product_tag":[],"class_list":{"0":"post-7271","1":"product","2":"type-product","3":"status-publish","4":"has-post-thumbnail","6":"product_cat-osmoforce","7":"wpisset-post","8":"wpisset-post-featured","9":"wpisset-woo-has-gallery","11":"first","12":"outofstock","13":"shipping-taxable","14":"purchasable","15":"product-type-simple"},"acf":[],"_links":{"self":[{"href":"https:\/\/prime-distributor.al\/en\/wp-json\/wp\/v2\/product\/7271","targetHints":{"allow":["GET"]}}],"collection":[{"href":"https:\/\/prime-distributor.al\/en\/wp-json\/wp\/v2\/product"}],"about":[{"href":"https:\/\/prime-distributor.al\/en\/wp-json\/wp\/v2\/types\/product"}],"wp:featuredmedia":[{"embeddable":true,"href":"https:\/\/prime-distributor.al\/en\/wp-json\/wp\/v2\/media\/8824"}],"wp:attachment":[{"href":"https:\/\/prime-distributor.al\/en\/wp-json\/wp\/v2\/media?parent=7271"}],"wp:term":[{"taxonomy":"product_brand","embeddable":true,"href":"https:\/\/prime-distributor.al\/en\/wp-json\/wp\/v2\/product_brand?post=7271"},{"taxonomy":"product_cat","embeddable":true,"href":"https:\/\/prime-distributor.al\/en\/wp-json\/wp\/v2\/product_cat?post=7271"},{"taxonomy":"product_tag","embeddable":true,"href":"https:\/\/prime-distributor.al\/en\/wp-json\/wp\/v2\/product_tag?post=7271"}],"curies":[{"name":"wp","href":"https:\/\/api.w.org\/{rel}","templated":true}]}}