{"id":6913,"date":"2023-01-19T11:10:51","date_gmt":"2023-01-19T11:10:51","guid":{"rendered":"https:\/\/prime-distributor.al\/?post_type=product&#038;p=6913"},"modified":"2026-04-29T07:23:13","modified_gmt":"2026-04-29T07:23:13","slug":"natural-deodorant-crystal-50g","status":"publish","type":"product","link":"https:\/\/prime-distributor.al\/en\/product\/natural-deodorant-crystal-50g\/","title":{"rendered":"Natural Deodorant Crystal 50g"},"content":{"rendered":"<h3>Si funksionon deodoranti kristal?<\/h3>\n<p>I aplikuar n\u00eb l\u00ebkur\u00ebn e lagur pas larjes, Deodoranti Natyral i Kristalit l\u00eb nj\u00eb shtres\u00eb t\u00eb holl\u00eb krip\u00ebrash minerale natyrale n\u00eb l\u00ebkur\u00ebn tuaj. K\u00ebto krip\u00ebra minerale jan\u00eb nj\u00eb deodorant natyral dhe pengojn\u00eb formimin e er\u00ebs s\u00eb trupit n\u00eb l\u00ebkur\u00ebn tuaj, duke ju siguruar mbrojtje afatgjat\u00eb.<\/p>\n<p>Deodoranti i kristalit Salt of the Earth \u00ebsht\u00eb nj\u00eb stick prej 50 gram\u00ebsh me kalium t\u00eb past\u00ebr, nj\u00eb krip\u00eb minerale natyrale q\u00eb \u00ebsht\u00eb p\u00ebrdorur si deodorant p\u00ebr qindra vjet. Deodorant\u00ebt e kristalt\u00eb jan\u00eb pa arom\u00eb, k\u00ebshtu q\u00eb nuk do t\u00eb nd\u00ebrhyjn\u00eb me aromat e tjera si parfumi apo locioni i trupit.<\/p>\n<p>Aplikojeni n\u00eb l\u00ebkur\u00eb t\u00eb lagur pas larjes. P\u00ebr ta p\u00ebrdorur n\u00eb l\u00ebkur\u00eb t\u00eb that\u00eb, lagni fillimisht kristalin dhe m\u00eb pas aplikojeni.<\/p>\n<h4>K\u00ebshill\u00eb:<\/h4>\n<p>Tharja e kristalit pas p\u00ebrdorimit do t\u00eb rris\u00eb jet\u00ebgjat\u00ebsin\u00eb e tij.<\/p>\n<h5>P\u00ebrb\u00ebr\u00ebsit:<\/h5>\n<p>Alum kaliumi<\/p>","protected":false},"excerpt":{"rendered":"<h2>Deodoranti me kristal<\/h2>\n<p>Ka mbajtur klient\u00ebt t\u00eb that\u00eb dhe pa er\u00eb p\u00ebr m\u00eb shum\u00eb se 20 vjet. Nuk p\u00ebrmban asgj\u00eb tjet\u00ebr p\u00ebrve\u00e7 krip\u00ebs s\u00eb past\u00ebr minerale. I p\u00ebrsosur si p\u00ebr meshkujt ashtu edhe p\u00ebr femrat, ky deodorant pa arom\u00eb nuk do t&#8217;ju mbys\u00eb poret, por p\u00ebrkundrazi ulet n\u00eb sip\u00ebrfaqen e l\u00ebkur\u00ebs suaj, duke penguar rritjen e baktereve q\u00eb shkaktojn\u00eb er\u00eb.<\/p>","protected":false},"featured_media":13537,"template":"","meta":{"_acf_changed":false,"inline_featured_image":false},"product_brand":[],"product_cat":[899],"product_tag":[914,911,919,921,920,918,912,915,916,917,913],"class_list":{"0":"post-6913","1":"product","2":"type-product","3":"status-publish","4":"has-post-thumbnail","6":"product_cat-salt-of-the-earth","7":"product_tag-deodorant","8":"product_tag-fresh","9":"product_tag-higjena","10":"product_tag-kripe","11":"product_tag-kristal","12":"product_tag-kujdesi-i-lekures","13":"product_tag-natural","14":"product_tag-organike","15":"product_tag-pa-kimikate","16":"product_tag-sqetulla","17":"product_tag-vegan","18":"wpisset-post","19":"wpisset-post-featured","20":"wpisset-woo-has-gallery","22":"first","23":"instock","24":"shipping-taxable","25":"purchasable","26":"product-type-simple"},"acf":[],"_links":{"self":[{"href":"https:\/\/prime-distributor.al\/en\/wp-json\/wp\/v2\/product\/6913","targetHints":{"allow":["GET"]}}],"collection":[{"href":"https:\/\/prime-distributor.al\/en\/wp-json\/wp\/v2\/product"}],"about":[{"href":"https:\/\/prime-distributor.al\/en\/wp-json\/wp\/v2\/types\/product"}],"wp:featuredmedia":[{"embeddable":true,"href":"https:\/\/prime-distributor.al\/en\/wp-json\/wp\/v2\/media\/13537"}],"wp:attachment":[{"href":"https:\/\/prime-distributor.al\/en\/wp-json\/wp\/v2\/media?parent=6913"}],"wp:term":[{"taxonomy":"product_brand","embeddable":true,"href":"https:\/\/prime-distributor.al\/en\/wp-json\/wp\/v2\/product_brand?post=6913"},{"taxonomy":"product_cat","embeddable":true,"href":"https:\/\/prime-distributor.al\/en\/wp-json\/wp\/v2\/product_cat?post=6913"},{"taxonomy":"product_tag","embeddable":true,"href":"https:\/\/prime-distributor.al\/en\/wp-json\/wp\/v2\/product_tag?post=6913"}],"curies":[{"name":"wp","href":"https:\/\/api.w.org\/{rel}","templated":true}]}}