{"id":6909,"date":"2023-01-19T11:08:27","date_gmt":"2023-01-19T11:08:27","guid":{"rendered":"https:\/\/prime-distributor.al\/?post_type=product&#038;p=6909"},"modified":"2026-04-24T10:50:43","modified_gmt":"2026-04-24T10:50:43","slug":"natural-deodorant-roll-on-refillable","status":"publish","type":"product","link":"https:\/\/prime-distributor.al\/en\/product\/natural-deodorant-roll-on-refillable\/","title":{"rendered":"Natural Deodorant Roll-On &#8211; Refillable"},"content":{"rendered":"<h3>Deodorant natyral Roll-On<\/h3>\n<p>Ofron mbrojtje afatgjat\u00eb dhe efektive nga era e trupit dhe \u00ebsht\u00eb b\u00ebr\u00eb nga p\u00ebrb\u00ebr\u00ebs 100% natyral.<\/p>\n<p>Formula fantastike &#8211; P\u00ebrmban faktor natyral hidratues, mund\u00ebson tharje m\u00eb t\u00eb shpejt\u00eb dhe mbrojtje t\u00eb shtuar kund\u00ebr er\u00ebs s\u00eb trupit.<\/p>\n<h4>P\u00ebrdorimi:<\/h4>\n<p>Aplikojeni n\u00eb sqetulla t\u00eb pastra t\u00eb thata.<\/p>\n<p><em>Sasia:<\/em><strong><em> 75ml<\/em><\/strong><\/p>\n<p><em>Cilin do t\u00eb zgjidhni?<\/em><\/p>\n<ul>\n<li>\n<h4><em>Unscented\u00a0<\/em><\/h4>\n<\/li>\n<\/ul>\n<p>Leht\u00eb p\u00ebr t\u2019u p\u00ebrdorur, i p\u00ebrshtatsh\u00ebm dhe 100% Natyral. Me nj\u00eb formul\u00eb ideale me aloe vera hidratuese. Ky Roll-on unisex ofron mbrojtjen m\u00eb efektive dhe m\u00eb afatgjat\u00eb kund\u00ebr er\u00ebs s\u00eb trupit. N\u00ebse jeni duke k\u00ebrkuar p\u00ebr di\u00e7ka me arom\u00eb, mos harroni t\u00eb shikoni pjes\u00ebn tjet\u00ebr t\u00eb list\u00ebs son\u00eb n\u00eb gam\u00ebn e deodorant\u00ebve!<\/p>\n<h6>P\u00ebrb\u00ebr\u00ebsit:<\/h6>\n<p>Uj\u00eb, Kalium Alum, Klorur Magnezi, Citrate Trietil, Laktat Natrium, Pluhur me L\u00ebng Gjeth\u00ebsh Aloe Barbadensis*, Ekstrakt i Gjetheve Rosmarinus Officinalis (Rozmarin\u00eb), Vaj i Farave Helianthus Annuus (Luledielli),\u00a0Glukozid Decil,\u00a0\u00c7am\u00e7ak\u00ebz Xanthan, Xylityl Sesquicaprylate, Hidroksid Magnezi, Hidroksid Karbonat Magnezi, Anisate Natriumi, Acidi Fitik.\u00a0*E rritur organikisht.<\/p>\n<p>&nbsp;<\/p>\n<ul>\n<li>\n<h4><em>Amber &amp; Sandalwood<\/em><\/h4>\n<\/li>\n<\/ul>\n<p>Deodorant natyral unisex Amber &amp; Sandalwood Vegan Roll-On ofron mbrojtje afatgjat\u00eb dhe efektive nga era e trupit dhe \u00ebsht\u00eb b\u00ebr\u00eb nga p\u00ebrb\u00ebr\u00ebs 100% natyral. \u00cbsht\u00eb nj\u00eb arom\u00eb e fresk\u00ebt, natyrale me elemente er\u00ebzazh, agrume dhe lulesh me nj\u00eb dimension t\u00eb shtuar t\u00eb manave t\u00eb pjekura dhe rrushit.<\/p>\n<p>P\u00ebrb\u00ebr\u00ebsit:<\/p>\n<p>Uj\u00eb, Alum Kaliumi, Citrat Trietil, Laktat Natriumi, Klorur Magnezi, Pluhuri i L\u00ebngut t\u00eb Gjetheve Aloe Barbadensis**, Ekstrakt i Gjetheve Rosmarinus Officinalis (Rozmarin\u00eb), Vaj i Farave Helianthus Annuus (Luledielli), Glukozid Decil, \u00c7am\u00e7ak\u00ebz Xanthan, Parfum (arom\u00eb), Hidroksid Magnezi, Hidroksid Ksilitrylate, Acid Fitik, Magnez, Anisati i Natriumit, *Linalool, *Limonene, *Hexyl Cinnamal, *Citral, *Kumarin,\u00a0*Nga vajra esenciale natyrale dhe ekstrakte botanike. **E rritur organikisht<\/p>\n<p>&nbsp;<\/p>\n<ul>\n<li>\n<h4><em>Ocean &amp; Coconut<\/em><\/h4>\n<\/li>\n<\/ul>\n<p>Deodoranti natyral vegan Salt of the Earth Ocean &amp; Coconut p\u00ebrmban nota oqeanike t\u00eb p\u00ebrziera me nj\u00eb arom\u00eb pjepri, qitro dhe kokosi. Deodoranti yn\u00eb Ocean &amp; Coconut Roll-on ofron mbrojtje afatgjat\u00eb dhe efektive nga era e trupit dhe \u00ebsht\u00eb b\u00ebr\u00eb nga p\u00ebrb\u00ebr\u00ebs 100% natyral, duke p\u00ebrfshir\u00eb aloe vera qet\u00ebsuese.<\/p>\n<p>P\u00ebrb\u00ebr\u00ebsit:<\/p>\n<p>Uj\u00eb, Alum Kaliumi, Citrat Trietil, Laktat Natriumi, Klorur Magnezi, Pluhur me L\u00ebng Gjethesh Aloe Barbadensis**, Decil Glukozid,\u00a0Ekstrakt i Gjetheve Rosmarinus Officinalis (Rozmarin\u00eb), Helianthus Annuus\u00a0Vaj Farash (Luledielli), Parfum (Arom\u00eb), \u00c7am\u00e7ak\u00ebz Xanthan, Xylityl\u00a0Sesquikaprilate, Hidroksid Magnezi, Hidroksidi i Karbonatit t\u00eb Magnezit, Anisati i Natriumit, Acidi Fitik, *Limonen, *Linalool, *Citronellol,\u00a0*Citral, *Geraniol, *Amyl Cinnamal, *Benzyl Salicilate, *Kumarin. *Nga\u00a0vajra esencial\u00eb natyral\u00eb dhe ekstrakte botanike. **E rritur organikisht<\/p>\n<p>&nbsp;<\/p>\n<ul>\n<li>\n<h4><em>Lavender &amp; Vanilla<\/em><\/h4>\n<\/li>\n<\/ul>\n<p>E parfumuar me nj\u00eb p\u00ebrzierje komplekse t\u00eb ekstrakteve aromatike botanike si livado &amp; vanilje, Deodoranti Natyral Lavender &amp; Vanilla i vler\u00ebsuar me shum\u00eb \u00e7mime ofron mbrojtje afatgjat\u00eb dhe efektive nga era e trupit dhe \u00ebsht\u00eb b\u00ebr\u00eb nga p\u00ebrb\u00ebr\u00ebs 100% natyral, duke p\u00ebrfshir\u00eb aloe vera qet\u00ebsuese dhe magnez.<\/p>\n<p>P\u00ebrb\u00ebr\u00ebsit:<\/p>\n<p>Uj\u00eb, Alum Kaliumi, Citrat Trietil, Laktat Natriumi, Klorur Magnezi, Pluhur me L\u00ebng Gjethesh Aloe Barbadensis**, Ekstrakt i Gjetheve Rosmarinus Officinalis (Rozmarin\u00eb), Helianthus Annuus\u00a0Vaj Farash (Luledielli), Decil Glukozid, \u00c7am\u00e7ak\u00ebz Xanthan, Parfum (arom\u00eb), Hidroksid Magnezi, Hidroksid Xylitil, Hidroksidi i Karbonatit t\u00eb Magnezit, Acidi Fitik, Anisati i Natriumit, *Linalool, *Limonene, *Citral, *Citronellol, *Geraniol. *Nga\u00a0vajra esencial\u00eb natyral\u00eb dhe ekstrakte botanike. **E rritur organikisht<\/p>\n<p>&nbsp;<\/p>\n<ul>\n<li>\n<h4><em>Melon &amp; Cucumber<\/em><\/h4>\n<\/li>\n<\/ul>\n<p>Q\u00ebndroni t\u00eb fresk\u00ebt dhe pa er\u00eb p\u00ebr m\u00eb gjat\u00eb me deodorantin<span class=\"Apple-converted-space\">\u00a0<\/span>me infuzion t\u00eb magnezit, arom\u00eb<span class=\"Apple-converted-space\">\u00a0 <\/span>pjepri dhe kastraveci ne form\u00ebn roll-on.<\/p>\n<p>I parfumuar me nj\u00eb p\u00ebrzierje prej mbi 15 ekstraktesh dhe vajrash natyral\u00eb botanik\u00eb, ofron mbrojtje afatgjat\u00eb dhe efektive nga era e trupit dhe \u00ebsht\u00eb b\u00ebr\u00eb nga p\u00ebrb\u00ebr\u00ebs 100% natyral dhe \u00ebsht\u00eb <strong><em>aroma perfekte p\u00ebr ver\u00ebn<\/em><\/strong>.<\/p>\n<h6>P\u00ebrb\u00ebr\u00ebsit:<\/h6>\n<p>Uj\u00eb, Kalium Alum, Trietil\u00a0Citrate, Laktat Natrium, Klorur Magnezi, Pluhur me L\u00ebng Gjethesh Aloe Barbadensis**,\u00a0Ekstrakt i Gjetheve Rosmarinus Officinalis (Rozmarin\u00eb), Helianthus Annuus\u00a0Vaj Farash (Luledielli), Decil Glukozid, \u00c7am\u00e7ak\u00ebz Xanthan, Parfum (arom\u00eb),\u00a0Hidroksid Magnezi,\u00a0<span class=\"Y2IQFc\" lang=\"sq\">Xylitil Sesquikaprilate, Acidi Fitik,\u00a0<\/span><span class=\"Y2IQFc\" lang=\"sq\">Hidroksidi i Karbonatit t\u00eb Magnezit, Anisat natriumi, *Limonene, *Linalool, *Citral, *Benzyl Alcohol, *Hydroxy Citronellal.*Nga vajra esenciale natyrale dhe ekstrakte botanike. **E rritur organikisht.<\/span><\/p>\n<p>&nbsp;<\/p>\n<ul>\n<li>\n<h4><em>Clary Sage &amp; Mint<\/em><\/h4>\n<\/li>\n<\/ul>\n<p>Futuni n\u00eb nj\u00eb aventur\u00eb shqisore me arom\u00ebn Salt of the Earth\u2019s Clary Sage &amp; Mint.<span class=\"Apple-converted-space\">\u00a0<\/span><\/p>\n<p>Ndjeni shp\u00ebrthimin freskues t\u00eb nenexhikut, rehatin\u00eb qet\u00ebsuese t\u00eb sherebel\u00ebs s\u00eb past\u00ebr dhe thell\u00ebsin\u00eb e nuancave bimore. Shijoni notat e ngrohta drusore q\u00eb e b\u00ebjn\u00eb k\u00ebt\u00eb p\u00ebrzierje nj\u00eb simfoni harmonike relaksi dhe sofistikimi n\u00eb \u00e7do aplikim.<\/p>\n<h6>P\u00ebrb\u00ebr\u00ebsit:<\/h6>\n<p>Uj\u00eb, Kalium Alum, Trietil\u00a0Citrate, Laktat Natrium, Klorur Magnezi, Pluhur me L\u00ebng Gjethesh Aloe Barbadensis**,\u00a0Ekstrakt i Gjetheve Rosmarinus Officinalis (Rozmarin\u00eb), Helianthus Annuus\u00a0Vaj Farash (Luledielli), Decil Glukozid, \u00c7am\u00e7ak\u00ebz Xanthan, Parfum (arom\u00eb),\u00a0Hidroksid Magnezi,\u00a0<span class=\"Y2IQFc\" lang=\"sq\">Xylitil Sesquikaprilate, Acidi Fitik,\u00a0<\/span><span class=\"Y2IQFc\" lang=\"sq\">Hidroksidi i Karbonatit t\u00eb Magnezit, Anisat natriumi,\u00a0<\/span>*Vaj Menta Piperita, *Vaj Hibride Lavandula, *Linalyl Acetate, *Limonene, *Linalool, *Mentol, *Citrus Aurantium Peel Oil, *Citrus Aurantium Vaj, *Citrus Aurantium Vaj, Vaji i kablin\u00ebs, *Pinene, *Beta-Kariofilen, *Terpineol, *Geranil Acetat, *Geraniol.<\/p>\n<p>&nbsp;<\/p>\n<ul>\n<li>\n<h4><em>Sweet Strawberry<\/em><\/h4>\n<\/li>\n<\/ul>\n<p>E \u00ebmb\u00ebl, po aq sa vet\u00eb luleshtrydhja&#8230;<\/p>\n<p>Shijoni arom\u00ebn e lezetshme t\u00eb luleshtrydheve t\u00eb fresk\u00ebta me deodorantin Salt of the Earth.<\/p>\n<p>P\u00ebrjetoni arom\u00eb frutash t\u00eb luleshtrydheve t\u00eb pjekura, duke sjell\u00eb nj\u00eb shp\u00ebrthim \u00ebmb\u00eblsie dhe freskie n\u00eb dit\u00ebn tuaj.<\/p>\n<p><span style=\"color: #111111; font-family: Cerebri-Sans, sans-serif;\">P\u00ebrb\u00ebr\u00ebsit:<\/span><\/p>\n<p>Uj\u00eb, Kalium Alum, Trietil Citrate, Laktat Natrium, Klorur Magnezi, Pluhur me L\u00ebng Gjethesh Aloe Barbadensis**, Ekstrakt i Gjetheve Rosmarinus Officinalis (Rozmarin\u00eb), Helianthus Annuus Vaj Farash (Luledielli), Decil Glukozid, \u00c7am\u00e7ak\u00ebz Xanthan, Hidroksid Magnezi, <span class=\"Y2IQFc\" lang=\"sq\">Xylitil Sesquikaprilate, Acidi Fitik,\u00a0<\/span><span class=\"Y2IQFc\" lang=\"sq\">Hidroksidi i Karbonatit t\u00eb Magnezit, Anisat natriumi, *Limonene, *Nga vajra esenciale natyrale dhe ekstrakte botanike. **E rritur organikisht.<\/span><\/p>\n<ul>\n<li>\n<h4><em>Vetiver &amp; Citrus<\/em><\/h4>\n<\/li>\n<\/ul>\n<p>P\u00ebrqafoni p\u00ebrzierjen gjall\u00ebruese t\u00eb arom\u00ebs Salt of the Earth&#8217;s Vetiver &amp; Citrus. Shijoni arom\u00ebn tok\u00ebsore t\u00eb vetiverit t\u00eb kombinuar me arom\u00ebn e k\u00ebndshme t\u00eb agrumeve. Ky kombinim dinamik ofron nj\u00eb p\u00ebrvoj\u00eb freskuese dhe energjike, perfekte p\u00ebr t\u00eb nisur dit\u00ebn tuaj me nj\u00eb shp\u00ebrthim vitaliteti.<\/p>\n<p><span style=\"color: #111111; font-family: Cerebri-Sans, sans-serif;\">P\u00ebrb\u00ebr\u00ebsit:<\/span><\/p>\n<p>Uj\u00eb, Kalium Alum, Trietil Citrate, Laktat Natrium, Klorur Magnezi, Pluhur me L\u00ebng Gjethesh Aloe Barbadensis**, Ekstrakt i Gjetheve Rosmarinus Officinalis (Rozmarin\u00eb), Helianthus Annuus Vaj Farash (Luledielli), Decil Glukozid, \u00c7am\u00e7ak\u00ebz Xanthan, Hidroksid Magnezi, <span class=\"Y2IQFc\" lang=\"sq\">Xylitil Sesquikaprilate, Acidi Fitik,\u00a0<\/span><span class=\"Y2IQFc\" lang=\"sq\">Hidroksidi i Karbonatit t\u00eb Magnezit, Anisat natriumi, *Limonene, *Linalool, *Kumarin, *Amyl Cinnamal, *Nga vajra esenciale natyrale dhe ekstrakte botanike. **E rritur organikisht.<\/span><\/p>","protected":false},"excerpt":{"rendered":"<h2>Deodorant\u00ebt Roll-On<\/h2>\n<p>Nj\u00eb zgjedhje deodoranti t\u00ebr\u00ebsisht natyral, vegan dhe i p\u00ebrshtatsh\u00ebm p\u00ebr mbrojtje t\u00eb but\u00eb dhe efektive. Deodorant\u00ebt jan\u00eb t\u00eb rimbushsh\u00ebm, p\u00ebrmbajn\u00eb nj\u00eb s\u00ebr\u00eb p\u00ebrb\u00ebr\u00ebsish me prejardhje natyrale, t\u00eb \u00e7ertifikuar COSMOS Natural, q\u00eb nuk bllokojn\u00eb poret dhe jan\u00eb qet\u00ebsues dhe ushqyes p\u00ebr sqetullat tuaja. Ato jan\u00eb gjithashtu t\u00eb disponueshme n\u00eb nj\u00eb p\u00ebrzgjedhje aromash, duke p\u00ebrfshir\u00eb aromat unisex ose, n\u00ebse preferoni, plot\u00ebsisht pa aroma.<\/p>","protected":false},"featured_media":16839,"template":"","meta":{"_acf_changed":false,"inline_featured_image":false},"product_brand":[],"product_cat":[899],"product_tag":[914,911,919,921,920,918,912,915,916,923,917,913],"class_list":{"0":"post-6909","1":"product","2":"type-product","3":"status-publish","4":"has-post-thumbnail","6":"product_cat-salt-of-the-earth","7":"product_tag-deodorant","8":"product_tag-fresh","9":"product_tag-higjena","10":"product_tag-kripe","11":"product_tag-kristal","12":"product_tag-kujdesi-i-lekures","13":"product_tag-natural","14":"product_tag-organike","15":"product_tag-pa-kimikate","16":"product_tag-roll-on","17":"product_tag-sqetulla","18":"product_tag-vegan","19":"wpisset-post","20":"wpisset-post-featured","21":"wpisset-woo-has-gallery","23":"first","24":"instock","25":"shipping-taxable","26":"purchasable","27":"product-type-variable"},"acf":[],"_links":{"self":[{"href":"https:\/\/prime-distributor.al\/en\/wp-json\/wp\/v2\/product\/6909","targetHints":{"allow":["GET"]}}],"collection":[{"href":"https:\/\/prime-distributor.al\/en\/wp-json\/wp\/v2\/product"}],"about":[{"href":"https:\/\/prime-distributor.al\/en\/wp-json\/wp\/v2\/types\/product"}],"wp:featuredmedia":[{"embeddable":true,"href":"https:\/\/prime-distributor.al\/en\/wp-json\/wp\/v2\/media\/16839"}],"wp:attachment":[{"href":"https:\/\/prime-distributor.al\/en\/wp-json\/wp\/v2\/media?parent=6909"}],"wp:term":[{"taxonomy":"product_brand","embeddable":true,"href":"https:\/\/prime-distributor.al\/en\/wp-json\/wp\/v2\/product_brand?post=6909"},{"taxonomy":"product_cat","embeddable":true,"href":"https:\/\/prime-distributor.al\/en\/wp-json\/wp\/v2\/product_cat?post=6909"},{"taxonomy":"product_tag","embeddable":true,"href":"https:\/\/prime-distributor.al\/en\/wp-json\/wp\/v2\/product_tag?post=6909"}],"curies":[{"name":"wp","href":"https:\/\/api.w.org\/{rel}","templated":true}]}}