{"id":6875,"date":"2023-01-19T09:38:34","date_gmt":"2023-01-19T09:38:34","guid":{"rendered":"https:\/\/prime-distributor.al\/?post_type=product&#038;p=6875"},"modified":"2026-04-29T10:15:24","modified_gmt":"2026-04-29T10:15:24","slug":"natural-deodorant-spray","status":"publish","type":"product","link":"https:\/\/prime-distributor.al\/en\/product\/natural-deodorant-spray\/","title":{"rendered":"Natural Deodorant Spray"},"content":{"rendered":"<p><b>Deodorant Spray Natyral<\/b><\/p>\n<p>I vler\u00ebsuar me shum\u00eb \u00e7mime! 100% natyral, deodoranti ideal p\u00ebr k\u00ebdo.<\/p>\n<p>Aplikojeni n\u00eb sqetulla t\u00eb pastra &amp; t\u00eb thata.<\/p>\n<p><i>Sasia:<\/i><b><i> 100ml<\/i><\/b><\/p>\n<p><i>Cilin do t\u00eb zgjidhni?<\/i><\/p>\n<ul>\n<li><b><i>Unscented\u00a0<\/i><br \/>\n<\/b><\/li>\n<\/ul>\n<p>Me nj\u00eb formul\u00eb ideale, me aplikim pa pika dhe aloe vera hidratuese. Ky Spray unisex ofron mbrojtjen m\u00eb efektive dhe m\u00eb afatgjat\u00eb kund\u00ebr er\u00ebs s\u00eb trupit.<\/p>\n<p><b>P\u00ebrb\u00ebr\u00ebsit:<\/b><\/p>\n<p>Uj\u00eb, Kalium Alum, Propanediol, Citrate Trietil, L\u00ebng Gjeth\u00ebsh Aloe Barbadensis*, Galaktoarabinan, Bikarbonat Natriumi, \u00c7am\u00e7ak\u00ebz Sklerotium, Anisat Natriumi. *E rritur organikisht.<\/p>\n<ul>\n<li><b><i>Ocean &amp; Coconut<\/i><br \/>\n<\/b><\/li>\n<\/ul>\n<p>Spraji deodorant Salt of the Earth&#8217;s Ocean &amp; Coconut p\u00ebrmban nota oqeanike t\u00eb p\u00ebrziera me nj\u00eb arom\u00eb pjepri, qitro dhe kokosi.<\/p>\n<p><b>P\u00ebrb\u00ebr\u00ebsit:<\/b><\/p>\n<p>Uj\u00eb, Kalium Alum, Propanediol, Glicerin\u00eb, Klorur Magnezi, L\u00ebng Gjeth\u00ebsh Aloe Barbadensis**, Trietil Citrate, Poligliceril-10-Laurat, Bikarbonat Natriumi, \u00c7am\u00e7ak\u00ebz Xanthan, Arom\u00eb (Parfum)*, Galaktoarabinan, Anisat Natriumi, Acid Citrik. *Linalool, *Hexyl Cinnamal, *Amyl Cinnamal, *Limonene, *Farnesol, *Benzyl Benzoate, *Geraniol, *Citronellol, *Coumarin, *Citral, *Benzyl Salicilate. *Nga ekstrakte natyrale botanike dhe vajra esenciale. **E rritur organikisht.<\/p>\n<ul>\n<li><b><i>Lavender &amp; Vanilla\u00a0<\/i><br \/>\n<\/b><\/li>\n<\/ul>\n<p>I aromatizuar me nj\u00eb shkrirje t\u00eb mbi 15 ekstrakteve dhe vajrave botanik\u00eb natyral, Spraji yn\u00eb Lavender &amp; Vanilla, i vler\u00ebsuar me shum\u00eb \u00e7mime, duhet t\u00eb nuhatet p\u00ebr t&#8217;u besuar!<br \/>\nMe nj\u00eb arom\u00eb t\u00eb \u00ebmb\u00ebl livande dhe vanilje, Lavender &amp; Vanilla ofron mbrojtje afatgjat\u00eb dhe efektive nga era e trupit dhe \u00ebsht\u00eb b\u00ebr\u00eb nga p\u00ebrb\u00ebr\u00ebs 100% natyral, duke p\u00ebrfshir\u00eb aloe vera qet\u00ebsuese dhe lule-dor\u00ebzonj\u00eb me veti antibakteriale.<\/p>\n<p><b>P\u00ebrb\u00ebr\u00ebsit:<\/b><\/p>\n<p>Uj\u00eb, Kalium Alum, Poligliceril-10-Laurat, L\u00ebng Gjeth\u00ebsh Aloe Barbadensis**, Ekstraktin e Lule-dor\u00ebzonj\u00eb Lonicera Caprifolium (Honeysuckle), \u00c7am\u00e7ak\u00ebz Sclerotium, Parfum (parfum)*, Ekstraktin e Lule-dor\u00ebzonj\u00eb Lonicera Japonica (Honeysuckle), Anisat Natriumi, Acid Citrik. *Linalool, *Limonene, *Geraniol, *Citronellol, *Citral, *Eugenol, *Benzyl Benzoate, *Farnesol. *Nga ekstrakte natyrale botanike dhe vajra esenciale. **E rritur organikisht.<\/p>\n<ul>\n<li><b><i>Amber &amp; Sandalwood<\/i><br \/>\n<\/b><\/li>\n<\/ul>\n<p>Spray natyral unisex Amber &amp; Sandalwood ofron mbrojtje afatgjat\u00eb dhe efektive nga era e trupit dhe \u00ebsht\u00eb b\u00ebr\u00eb nga p\u00ebrb\u00ebr\u00ebs 100% natyral. \u00cbsht\u00eb nj\u00eb arom\u00eb e fresk\u00ebt, natyrale me elemente er\u00ebzazh, agrume dhe lulesh me nj\u00eb dimension t\u00eb shtuar t\u00eb manave t\u00eb pjekura dhe rrushit.<\/p>\n<p><b>P\u00ebrb\u00ebr\u00ebsit:<\/b><\/p>\n<p>Uj\u00eb, Kalium Alum, Propanediol, Glicerin\u00eb, Klorur Magnezi, L\u00ebng Gjeth\u00ebsh Aloe Barbadensis**, Trietil Citrate, Poligliceril-10-Laurat, Bikarbonat Natriumi, \u00c7am\u00e7ak\u00ebz Xanthan, Arom\u00eb (Parfum)*, Galaktoarabinan, Anisat Natriumi, Acid Citrik. *Linalool, *Limonene, *Hexyl Cinnamal, *Citral, *Kumarin, *Citronellol, *Benzyl Salicilate, *Geraniol. *Nga ekstrakte natyrale botanike dhe vajra esenciale. **E rritur organikisht.<\/p>\n<ul>\n<li><b><b><i>Clary Sage &amp; Mint<\/i><\/b><\/b><b><i><\/i><br \/>\n<\/b><\/li>\n<\/ul>\n<p>Futuni n\u00eb nj\u00eb aventur\u00eb shqisore me arom\u00ebn Salt of the Earth\u2019s Clary Sage &amp; Mint.<span class=\"Apple-converted-space\">\u00a0<\/span>Ndjeni shp\u00ebrthimin freskues t\u00eb nenexhikut, rehatin\u00eb qet\u00ebsuese t\u00eb sherebel\u00ebs s\u00eb past\u00ebr dhe thell\u00ebsin\u00eb e nuancave bimore. Shijoni notat e ngrohta drusore q\u00eb e b\u00ebjn\u00eb k\u00ebt\u00eb p\u00ebrzierje nj\u00eb simfoni harmonike relaksi dhe sofistikimi n\u00eb \u00e7do aplikim.<\/p>\n<p><b>P\u00ebrb\u00ebr\u00ebsit:<\/b><\/p>\n<p>Uj\u00eb, Kalium Alum, Trietil Citrate, Laktat Natriumi, Klorur Magnezi, Decil Glukozid, Pluhur Gjeth\u00ebsh Aloe Barbadensis**, , Pvaji i farave t\u00eb Helianthus Annuus (luledielli), Rosmarinus Officinalis (Rozmarina) Ekstrakt i gjetheve t\u00eb Xannes, Hydrogus i magnezit, Glicerin\u00eb, Hidroksidi i karbonatit t\u00eb magnezit, Anizati i natriumit, Acidi fitik, *vaji i ment\u00ebs piperita, *vaji hibrid i lavandul\u00ebs, * linalil acetat, * limonen, * linalool, * mentol, * vaji i l\u00ebvozhg\u00ebs s\u00eb agrumeve, * agrume aurantium bergamia*, *Pinene, *Beta-Kariofileni, *Terpineol, *Acetat Geranil, *Geraniol, *Nga ekstrakte natyrale botanike dhe vajra esenciale. **E rritur organikisht.<\/p>\n<ul>\n<li><b><i>Sweet Strawberry<\/i><br \/>\n<\/b><\/li>\n<\/ul>\n<p>E \u00ebmb\u00ebl, po aq sa vet\u00eb luleshtrydhja\u2026<\/p>\n<p>Shijoni arom\u00ebn e lezetshme t\u00eb luleshtrydheve t\u00eb fresk\u00ebta me deodorantin Salt of the Earth.<\/p>\n<p>P\u00ebrjetoni arom\u00eb frutash t\u00eb luleshtrydheve t\u00eb pjekura, duke sjell\u00eb nj\u00eb shp\u00ebrthim \u00ebmb\u00eblsie dhe freskie n\u00eb dit\u00ebn tuaj.<\/p>\n<p><b>P\u00ebrb\u00ebr\u00ebsit:<\/b><\/p>\n<p>Uj\u00eb, Kalium Alum, Trietil Citrate, Laktat natriumi, Klorur Magnezi, Glukozid decil, Arom\u00eb (Parfum)*, pluhur i l\u00ebngut t\u00eb gjetheve t\u00eb Aloe Barbadensis**, Vaji i farave t\u00eb Helianthus Annuus (luledielli), Ekstrakt i gjetheve t\u00eb rozmarin\u00ebs, \u00c7am\u00e7ak\u00ebz, Hidroksidi i karbonatit t\u00eb magnezit, Acidi fitik, Anisat Natriumi *Limonene, *Linalool, *Citral, *Nga ekstrakte natyrale botanike dhe vajra esenciale. **E rritur organikisht.<\/p>\n<ul>\n<li><b><i>Melon &amp; Cucumber<\/i><br \/>\n<\/b><\/li>\n<\/ul>\n<p>Zhytuni n\u00eb nj\u00eb oaz freskues me origjin\u00eb natyrale me deodorantin Salt of the Earth&#8217;s Melon &amp; Cucumber. P\u00ebrjetoni arom\u00ebn gjall\u00ebruese t\u00eb pjeprit , t\u00eb harmonizuar me freskin\u00eb e kastravecit. Kjo p\u00ebrzierje rigjall\u00ebruese ju d\u00ebrgon n\u00eb nj\u00eb kopsht freskie, duke ju l\u00ebn\u00eb t\u00eb ndiheni t\u00eb p\u00ebrt\u00ebrir\u00eb dhe energjik. Ideale p\u00ebr ata q\u00eb duan nj\u00eb deodorant natyral me nj\u00eb arom\u00eb t\u00eb past\u00ebr dhe t\u00eb fresk\u00ebt.<\/p>\n<p><b>P\u00ebrb\u00ebr\u00ebsit:<\/b><\/p>\n<p>Uj\u00eb, Kalium Alum, Trietil Citrate, Laktat natriumi, Klorur Magnezi, Decil glukozid, Arom\u00eb (Parfum)*, Vaji i farave t\u00eb lulediellit (helianthus Annuus), Pluhur l\u00ebngu i gjetheve t\u00eb Aloe Barbadensis**, Rosmarinus Officinalis (Ekstrakt i gjetheve t\u00eb rozmarin\u00ebs), \u00c7am\u00e7ak\u00ebz, Hidroksidi i karbonatit t\u00eb magnezit, Acidi fitik, Anisat Natriumi, *Hidroksicitronelal, *Limonen, *Alkool benzil.<br \/>\n*Nga ekstrakte natyrale botanike dhe vajra esenciale. **E rritur organikisht.<\/p>","protected":false},"excerpt":{"rendered":"<h2>Deodrant Spray<\/h2>\n<p>Salt of the Earth jan\u00eb nj\u00eb zgjidhje e shpejt\u00eb dhe e leht\u00eb e p\u00ebrditshme p\u00ebr kontrollin efektiv t\u00eb er\u00ebs s\u00eb trupit. Ato jan\u00eb b\u00ebr\u00eb nga p\u00ebrb\u00ebr\u00ebs 100% natyral, thahen shpejt dhe nuk pikojn\u00eb. Duke p\u00ebrdorur nj\u00eb spray pomp\u00eb pa CFC ose shtyt\u00ebs jan\u00eb gjithashtu miq\u00ebsor\u00eb me mjedisin, duke siguruar mbrojtje afatgjat\u00eb.<\/p>","protected":false},"featured_media":16806,"template":"","meta":{"_acf_changed":false,"inline_featured_image":false},"product_brand":[],"product_cat":[899],"product_tag":[914,911,919,921,920,918,912,915,916,922,917,913],"class_list":{"0":"post-6875","1":"product","2":"type-product","3":"status-publish","4":"has-post-thumbnail","6":"product_cat-salt-of-the-earth","7":"product_tag-deodorant","8":"product_tag-fresh","9":"product_tag-higjena","10":"product_tag-kripe","11":"product_tag-kristal","12":"product_tag-kujdesi-i-lekures","13":"product_tag-natural","14":"product_tag-organike","15":"product_tag-pa-kimikate","16":"product_tag-spray","17":"product_tag-sqetulla","18":"product_tag-vegan","19":"wpisset-post","20":"wpisset-post-featured","21":"wpisset-woo-has-gallery","23":"first","24":"instock","25":"shipping-taxable","26":"purchasable","27":"product-type-variable"},"acf":[],"_links":{"self":[{"href":"https:\/\/prime-distributor.al\/en\/wp-json\/wp\/v2\/product\/6875","targetHints":{"allow":["GET"]}}],"collection":[{"href":"https:\/\/prime-distributor.al\/en\/wp-json\/wp\/v2\/product"}],"about":[{"href":"https:\/\/prime-distributor.al\/en\/wp-json\/wp\/v2\/types\/product"}],"wp:featuredmedia":[{"embeddable":true,"href":"https:\/\/prime-distributor.al\/en\/wp-json\/wp\/v2\/media\/16806"}],"wp:attachment":[{"href":"https:\/\/prime-distributor.al\/en\/wp-json\/wp\/v2\/media?parent=6875"}],"wp:term":[{"taxonomy":"product_brand","embeddable":true,"href":"https:\/\/prime-distributor.al\/en\/wp-json\/wp\/v2\/product_brand?post=6875"},{"taxonomy":"product_cat","embeddable":true,"href":"https:\/\/prime-distributor.al\/en\/wp-json\/wp\/v2\/product_cat?post=6875"},{"taxonomy":"product_tag","embeddable":true,"href":"https:\/\/prime-distributor.al\/en\/wp-json\/wp\/v2\/product_tag?post=6875"}],"curies":[{"name":"wp","href":"https:\/\/api.w.org\/{rel}","templated":true}]}}