{"id":6419,"date":"2022-12-13T09:09:11","date_gmt":"2022-12-13T09:09:11","guid":{"rendered":"https:\/\/prime-distributor.al\/?post_type=product&#038;p=6419"},"modified":"2026-05-07T10:12:48","modified_gmt":"2026-05-07T10:12:48","slug":"gushore-me-menge-6-24-muaj","status":"publish","type":"product","link":"https:\/\/prime-distributor.al\/en\/product\/gushore-me-menge-6-24-muaj\/","title":{"rendered":"Gushore me m\u00ebng\u00eb &#8211; 6-24 muaj"},"content":{"rendered":"<h3>Tiny Twinkle &#8211; Gushore me m\u00ebng\u00eb<\/h3>\n<ul>\n<li>E but\u00eb, e leht\u00eb dhe e pap\u00ebrshkueshme nga uji<\/li>\n<li>M\u00ebng\u00ebt e gjata mbrojn\u00eb rrobat<\/li>\n<li>Xhep i krijuar p\u00ebr t\u00eb q\u00ebndruar i hapur p\u00ebr t\u00eb kapur th\u00ebrrmijat<\/li>\n<li>Mbyllja me ngjit\u00ebse, pa g\u00ebrvishtje \u00ebsht\u00eb e but\u00eb l\u00ebkur\u00ebn e f\u00ebmij\u00ebs<\/li>\n<li>P\u00ebr moshat 6-24 muaj<\/li>\n<li>PA PVC, BPA dhe FTALATE<\/li>\n<\/ul>\n<h4>Udh\u00ebzime p\u00ebr kujdesin dhe p\u00ebrdorimin<\/h4>\n<ul>\n<li>Leht\u00eb p\u00ebr t&#8217;u pastruar &#8211; shp\u00eblajeni dhe thahet n\u00eb pak minuta<\/li>\n<li>Lahet n\u00eb lavatri\u00e7e<\/li>\n<\/ul>","protected":false},"excerpt":{"rendered":"<h2>Gushore me m\u00ebng\u00eb<\/h2>\n<p>P\u00ebr bebet tuaja q\u00eb jan\u00eb gati t\u00eb eksplorojn\u00eb. Nuk ka m\u00eb th\u00ebrrmija n\u00eb tok\u00eb dhe rroba pis!<\/p>","protected":false},"featured_media":6440,"template":"","meta":{"_acf_changed":false,"inline_featured_image":false},"product_brand":[],"product_cat":[39],"product_tag":[],"class_list":{"0":"post-6419","1":"product","2":"type-product","3":"status-publish","4":"has-post-thumbnail","6":"product_cat-tiny-twinkle","7":"wpisset-post","8":"wpisset-post-featured","9":"wpisset-woo-has-gallery","11":"first","12":"instock","13":"shipping-taxable","14":"purchasable","15":"product-type-variable"},"acf":[],"_links":{"self":[{"href":"https:\/\/prime-distributor.al\/en\/wp-json\/wp\/v2\/product\/6419","targetHints":{"allow":["GET"]}}],"collection":[{"href":"https:\/\/prime-distributor.al\/en\/wp-json\/wp\/v2\/product"}],"about":[{"href":"https:\/\/prime-distributor.al\/en\/wp-json\/wp\/v2\/types\/product"}],"wp:featuredmedia":[{"embeddable":true,"href":"https:\/\/prime-distributor.al\/en\/wp-json\/wp\/v2\/media\/6440"}],"wp:attachment":[{"href":"https:\/\/prime-distributor.al\/en\/wp-json\/wp\/v2\/media?parent=6419"}],"wp:term":[{"taxonomy":"product_brand","embeddable":true,"href":"https:\/\/prime-distributor.al\/en\/wp-json\/wp\/v2\/product_brand?post=6419"},{"taxonomy":"product_cat","embeddable":true,"href":"https:\/\/prime-distributor.al\/en\/wp-json\/wp\/v2\/product_cat?post=6419"},{"taxonomy":"product_tag","embeddable":true,"href":"https:\/\/prime-distributor.al\/en\/wp-json\/wp\/v2\/product_tag?post=6419"}],"curies":[{"name":"wp","href":"https:\/\/api.w.org\/{rel}","templated":true}]}}