{"id":6379,"date":"2022-12-11T15:56:19","date_gmt":"2022-12-11T15:56:19","guid":{"rendered":"https:\/\/prime-distributor.al\/?post_type=product&#038;p=6379"},"modified":"2025-10-09T12:46:17","modified_gmt":"2025-10-09T12:46:17","slug":"gots-blanket-tog-20-100-x-150-cm","status":"publish","type":"product","link":"https:\/\/prime-distributor.al\/en\/product\/gots-blanket-tog-20-100-x-150-cm\/","title":{"rendered":"GOTS Blanket TOG 2.0 \u2013 100 x 150 cm"},"content":{"rendered":"<h3>Projektuar n\u00eb Holland\u00eb, i dashur kudo.<\/h3>\n<h3>M\u00eb thuaj pak m\u00eb shum\u00eb\u2026<\/h3>\n<p>Batanije komode dhe ultra t\u00eb buta n\u00eb dizajnin Snoozebaby&#8217;s p\u00ebr t\u00eb kaluar stin\u00ebt e ftohta t\u00eb vitit. Siguron k\u00ebmb\u00eb t\u00eb ngrohta, trup t\u00eb ngroht\u00eb dhe \u00ebndrra t\u00eb \u00ebmbla! Nj\u00eb an\u00eb me pambuk, nj\u00eb an\u00eb me pellush! E punuar me dor\u00eb prej materiali 100% organik (versioni me dy shtresa TOG 2.0 ka poliest\u00ebr t\u00eb ricikluar)<\/p>\n<p>Batanije p\u00ebr krevat f\u00ebmij\u00ebsh: streha juaj personale p\u00ebr t&#8217;u fshehur. T\u00eb rriturit do t\u00eb d\u00ebshironin t\u00eb ishin p\u00ebrs\u00ebri foshnja\u2026\u2026.t\u00eb flini n\u00ebn k\u00ebto batanije pambuku 100% organike ose GOTS t\u00eb cil\u00ebsis\u00eb s\u00eb lart\u00eb do t\u00eb thot\u00eb t\u00eb flini n\u00eb \u00ebndrr\u00ebn tuaj. E but\u00eb, e ngroht\u00eb dhe e sigurt!<\/p>\n<p><em><strong>Vler\u00ebsimi TOG<\/strong> \u00ebsht\u00eb nj\u00eb m\u00ebnyr\u00eb e dobishme p\u00ebr t\u00eb vler\u00ebsuar n\u00ebse f\u00ebmija juaj \u00ebsht\u00eb i veshur shum\u00eb holl\u00eb apo shum\u00eb trash\u00eb. Nj\u00eb TOG zbatohet p\u00ebr batanijet, thas\u00ebt e gjumit, etj. Sa <strong>m\u00eb e lart\u00eb<\/strong> t\u00eb jet\u00eb <strong>vlera TOG<\/strong>, aq m\u00eb e v\u00ebshtir\u00eb mund t\u00eb largohet nxeht\u00ebsia p\u00ebrmes p\u00eblhur\u00ebs. Dhe <strong>sa m\u00eb e ul\u00ebt<\/strong> t\u00eb jet\u00eb <strong>vlera TOG<\/strong>, aq m\u00eb shum\u00eb <strong>humbje nxeht\u00ebsie trupi<\/strong> kemi.<\/em><\/p>\n<p><em>Shkurtesa p\u00ebr TOG \u00ebsht\u00eb Nota e p\u00ebrgjithshme termike. Duhet t\u00eb kuptojm\u00eb q\u00eb nj\u00eb TOG mbetet vet\u00ebm nj\u00eb mjet. Nj\u00eb TOG nuk \u00ebsht\u00eb nj\u00eb ligj. Ju mund t\u00eb gjykoni m\u00eb t\u00eb mir\u00ebn vet\u00eb. Temperatura e dhom\u00ebs varet nga shum\u00eb faktor\u00eb (n\u00eb veri apo n\u00eb jug, n\u00ebn \u00e7ati apo jo, n\u00ebse \u00ebsht\u00eb nj\u00eb dritare apo jo, n\u00ebse \u00ebsht\u00eb kondicioner apo jo, sa \u00ebsht\u00eb lag\u00ebshtia, etj.). T\u00eb gjith\u00eb faktor\u00ebt kan\u00eb nj\u00eb ndikim n\u00eb gjenerimin e nxeht\u00ebsis\u00eb.<\/em><\/p>\n<h4>Snoozebaby Amsterdam<\/h4>\n<p>Koleksionet Snoozebaby jan\u00eb projektuar dhe zhvilluar n\u00eb Amsterdam. <strong>Snoozebaby<\/strong> \u00ebsht\u00eb nj\u00eb mark\u00eb ambicioze me nj\u00eb pozicion t\u00eb fort\u00eb n\u00eb tregun hollandez t\u00eb produkteve p\u00ebr f\u00ebmij\u00eb dhe t\u00eb vegj\u00ebl p\u00ebr m\u00eb shum\u00eb se <strong>15 vjet<\/strong>.<\/p>\n<p>Produktet jan\u00eb b\u00ebr\u00eb nga p\u00eblhurat m\u00eb t\u00eb mira si <strong>pambuku organik, poliesteri i ricikluar dhe sherpa<\/strong>. <em>P\u00eblhurat do t\u00eb thithin arom\u00ebn e trupit t\u00eb mamit ose babit<\/em>. Garancia p\u00ebr nj\u00eb ndjenj\u00eb t\u00eb sigurt. Etiketat e famshme ndryshojn\u00eb n\u00eb madh\u00ebsi, ngjyr\u00eb dhe struktur\u00eb. Ata p\u00ebrdorim <strong>saten, m\u00ebndafsh dhe kadife<\/strong>. \u00c7do f\u00ebmij\u00eb zbulon etiket\u00ebn e tij t\u00eb preferuar. T\u00eb gjitha produktet tona jan\u00eb t\u00eb \u00e7ertifikuara me CE dhe kalojn\u00eb nd\u00ebr t\u00eb tjera, direktivat m\u00eb t\u00eb fundit t\u00eb BE-s\u00eb p\u00ebr lodrat (EN71) dhe direktiv\u00ebn e SHBA-s\u00eb (ASTM).<\/p>\n<h5>Detaje:<\/h5>\n<p>Madh\u00ebsia: 100 x 150 cm<br \/>\nMateriali: 100% pambuk organik (GOTS)<br \/>\nTrash\u00ebsia: TOG 2.0<\/p>","protected":false},"excerpt":{"rendered":"<h2>Batanije e but\u00eb, \u00ebndrra t\u00eb bukura<\/h2>\n<p>Batanije komode dhe ultra t\u00eb buta n\u00eb dizajnin Snoozebaby&#8217;s p\u00ebr t\u00eb kaluar stin\u00ebt e ftohta t\u00eb vitit. Siguron k\u00ebmb\u00eb t\u00eb ngrohta, trup t\u00eb ngroht\u00eb dhe \u00ebndrra t\u00eb \u00ebmbla! Nj\u00eb an\u00eb me pambuk, nj\u00eb an\u00eb me pellush!<\/p>","protected":false},"featured_media":6296,"template":"","meta":{"_acf_changed":false,"inline_featured_image":false},"product_brand":[],"product_cat":[708],"product_tag":[838,710],"class_list":{"0":"post-6379","1":"product","2":"type-product","3":"status-publish","4":"has-post-thumbnail","6":"product_cat-snoozebaby","7":"product_tag-sleeptime","8":"product_tag-snoozebaby","9":"wpisset-post","10":"wpisset-post-featured","11":"wpisset-woo-has-gallery","13":"first","14":"outofstock","15":"shipping-taxable","16":"purchasable","17":"product-type-variable"},"acf":[],"_links":{"self":[{"href":"https:\/\/prime-distributor.al\/en\/wp-json\/wp\/v2\/product\/6379","targetHints":{"allow":["GET"]}}],"collection":[{"href":"https:\/\/prime-distributor.al\/en\/wp-json\/wp\/v2\/product"}],"about":[{"href":"https:\/\/prime-distributor.al\/en\/wp-json\/wp\/v2\/types\/product"}],"wp:featuredmedia":[{"embeddable":true,"href":"https:\/\/prime-distributor.al\/en\/wp-json\/wp\/v2\/media\/6296"}],"wp:attachment":[{"href":"https:\/\/prime-distributor.al\/en\/wp-json\/wp\/v2\/media?parent=6379"}],"wp:term":[{"taxonomy":"product_brand","embeddable":true,"href":"https:\/\/prime-distributor.al\/en\/wp-json\/wp\/v2\/product_brand?post=6379"},{"taxonomy":"product_cat","embeddable":true,"href":"https:\/\/prime-distributor.al\/en\/wp-json\/wp\/v2\/product_cat?post=6379"},{"taxonomy":"product_tag","embeddable":true,"href":"https:\/\/prime-distributor.al\/en\/wp-json\/wp\/v2\/product_tag?post=6379"}],"curies":[{"name":"wp","href":"https:\/\/api.w.org\/{rel}","templated":true}]}}