{"id":6368,"date":"2022-12-11T15:44:14","date_gmt":"2022-12-11T15:44:14","guid":{"rendered":"https:\/\/prime-distributor.al\/?post_type=product&#038;p=6368"},"modified":"2023-11-07T12:58:08","modified_gmt":"2023-11-07T12:58:08","slug":"gots-sleepsuit-2-0-tog-3-9m","status":"publish","type":"product","link":"https:\/\/prime-distributor.al\/en\/product\/gots-sleepsuit-2-0-tog-3-9m\/","title":{"rendered":"GOTS Sleepsuit 2.0 TOG \u2013 3-9m"},"content":{"rendered":"<h3>Projektuar n\u00eb Holland\u00eb, i dashur kudo.<\/h3>\n<h3>M\u00eb thuaj pak m\u00eb shum\u00eb\u2026<\/h3>\n<p>Thes gjumi i but\u00eb dhe i rehatsh\u00ebm me m\u00ebng\u00eb me pozicionim t\u00eb zgjuar t\u00eb zinxhirit: anash deri n\u00eb fund. Kjo mund\u00ebson nj\u00eb nd\u00ebrrim t\u00eb leht\u00eb t\u00eb pelen\u00ebs pa pasur nevoj\u00eb t\u00eb hiqni rrobat e gjumit dhe t\u00eb zgjoni f\u00ebmij\u00ebn. Materiali ska si mos t\u00eb jet\u00eb 100% pambuk organik (GOTS). Ideal p\u00ebr bebe 3-9 muaj.<\/p>\n<p><em><strong>Vler\u00ebsimi TOG<\/strong> \u00ebsht\u00eb nj\u00eb m\u00ebnyr\u00eb e dobishme p\u00ebr t\u00eb vler\u00ebsuar n\u00ebse f\u00ebmija juaj \u00ebsht\u00eb i veshur shum\u00eb holl\u00eb apo shum\u00eb trash\u00eb. Nj\u00eb TOG zbatohet p\u00ebr batanijet, thas\u00ebt e gjumit, etj. Sa <strong>m\u00eb e lart\u00eb<\/strong> t\u00eb jet\u00eb <strong>vlera TOG<\/strong>, aq m\u00eb e v\u00ebshtir\u00eb mund t\u00eb largohet nxeht\u00ebsia p\u00ebrmes p\u00eblhur\u00ebs. Dhe <strong>sa m\u00eb e ul\u00ebt<\/strong> t\u00eb jet\u00eb <strong>vlera TOG<\/strong>, aq m\u00eb shum\u00eb <strong>humbje nxeht\u00ebsie trupi<\/strong> kemi.<\/em><\/p>\n<p><em>Shkurtesa p\u00ebr TOG \u00ebsht\u00eb Nota e p\u00ebrgjithshme termike. Duhet t\u00eb kuptojm\u00eb q\u00eb nj\u00eb TOG mbetet vet\u00ebm nj\u00eb mjet. Nj\u00eb TOG nuk \u00ebsht\u00eb nj\u00eb ligj. Ju mund t\u00eb gjykoni m\u00eb t\u00eb mir\u00ebn vet\u00eb. Temperatura e dhom\u00ebs varet nga shum\u00eb faktor\u00eb (n\u00eb veri apo n\u00eb jug, n\u00ebn \u00e7ati apo jo, n\u00ebse \u00ebsht\u00eb nj\u00eb dritare apo jo, n\u00ebse \u00ebsht\u00eb kondicioner apo jo, sa \u00ebsht\u00eb lag\u00ebshtia, etj.). T\u00eb gjith\u00eb faktor\u00ebt kan\u00eb nj\u00eb ndikim n\u00eb gjenerimin e nxeht\u00ebsis\u00eb.<\/em><\/p>\n<h4>Snoozebaby Amsterdam<\/h4>\n<p>Koleksionet Snoozebaby jan\u00eb projektuar dhe zhvilluar n\u00eb Amsterdam. <strong>Snoozebaby<\/strong> \u00ebsht\u00eb nj\u00eb mark\u00eb ambicioze me nj\u00eb pozicion t\u00eb fort\u00eb n\u00eb tregun hollandez t\u00eb produkteve p\u00ebr f\u00ebmij\u00eb dhe t\u00eb vegj\u00ebl p\u00ebr m\u00eb shum\u00eb se <strong>15 vjet<\/strong>.<\/p>\n<p>Produktet jan\u00eb b\u00ebr\u00eb nga p\u00eblhurat m\u00eb t\u00eb mira si <strong>pambuku organik, poliesteri i ricikluar dhe sherpa<\/strong>. <em>P\u00eblhurat do t\u00eb thithin arom\u00ebn e trupit t\u00eb mamit ose babit<\/em>. Garancia p\u00ebr nj\u00eb ndjenj\u00eb t\u00eb sigurt. Etiketat e famshme ndryshojn\u00eb n\u00eb madh\u00ebsi, ngjyr\u00eb dhe struktur\u00eb. Ata p\u00ebrdorim <strong>saten, m\u00ebndafsh dhe kadife<\/strong>. \u00c7do f\u00ebmij\u00eb zbulon etiket\u00ebn e tij t\u00eb preferuar. T\u00eb gjitha produktet tona jan\u00eb t\u00eb \u00e7ertifikuara me CE dhe kalojn\u00eb nd\u00ebr t\u00eb tjera, direktivat m\u00eb t\u00eb fundit t\u00eb BE-s\u00eb p\u00ebr lodrat (EN71) dhe direktiv\u00ebn e SHBA-s\u00eb (ASTM).<\/p>\n<h5>Detaje:<\/h5>\n<p>Masa: 3-9 muaj<br \/>\nMateriali: 100% pambuk organik (GOTS)<br \/>\nTrash\u00ebsia: TOG 2.0<\/p>","protected":false},"excerpt":{"rendered":"<h2>Thes gjumi me m\u00ebng\u00eb<\/h2>\n<p>Thes gjumi i but\u00eb dhe i rehatsh\u00ebm me m\u00ebng\u00eb me pozicionim t\u00eb zgjuar t\u00eb zinxhirit: anash deri n\u00eb fund. Kjo mund\u00ebson nj\u00eb nd\u00ebrrim t\u00eb leht\u00eb t\u00eb pelen\u00ebs pa pasur nevoj\u00eb t\u00eb hiqni rrobat e gjumit. Gati p\u00ebr net\u00eb t\u00eb ftohta dimri!<\/p>","protected":false},"featured_media":6333,"template":"","meta":{"_acf_changed":false,"inline_featured_image":false},"product_brand":[],"product_cat":[708],"product_tag":[838],"class_list":{"0":"post-6368","1":"product","2":"type-product","3":"status-publish","4":"has-post-thumbnail","6":"product_cat-snoozebaby","7":"product_tag-sleeptime","8":"wpisset-post","9":"wpisset-post-featured","10":"wpisset-woo-has-gallery","12":"first","13":"instock","14":"shipping-taxable","15":"purchasable","16":"product-type-variable"},"acf":[],"_links":{"self":[{"href":"https:\/\/prime-distributor.al\/en\/wp-json\/wp\/v2\/product\/6368","targetHints":{"allow":["GET"]}}],"collection":[{"href":"https:\/\/prime-distributor.al\/en\/wp-json\/wp\/v2\/product"}],"about":[{"href":"https:\/\/prime-distributor.al\/en\/wp-json\/wp\/v2\/types\/product"}],"wp:featuredmedia":[{"embeddable":true,"href":"https:\/\/prime-distributor.al\/en\/wp-json\/wp\/v2\/media\/6333"}],"wp:attachment":[{"href":"https:\/\/prime-distributor.al\/en\/wp-json\/wp\/v2\/media?parent=6368"}],"wp:term":[{"taxonomy":"product_brand","embeddable":true,"href":"https:\/\/prime-distributor.al\/en\/wp-json\/wp\/v2\/product_brand?post=6368"},{"taxonomy":"product_cat","embeddable":true,"href":"https:\/\/prime-distributor.al\/en\/wp-json\/wp\/v2\/product_cat?post=6368"},{"taxonomy":"product_tag","embeddable":true,"href":"https:\/\/prime-distributor.al\/en\/wp-json\/wp\/v2\/product_tag?post=6368"}],"curies":[{"name":"wp","href":"https:\/\/api.w.org\/{rel}","templated":true}]}}