{"id":5596,"date":"2022-09-25T12:23:54","date_gmt":"2022-09-25T12:23:54","guid":{"rendered":"https:\/\/prime-distributor.al\/?post_type=product&#038;p=5596"},"modified":"2024-05-27T08:57:59","modified_gmt":"2024-05-27T08:57:59","slug":"square-stacker-cups","status":"publish","type":"product","link":"https:\/\/prime-distributor.al\/en\/product\/square-stacker-cups\/","title":{"rendered":"Square Stacker Cups"},"content":{"rendered":"<h3>Lod\u00ebr p\u00ebr shum\u00eb arg\u00ebtim<\/h3>\n<p>Kupat e silikonit katror jan\u00eb nj\u00eb lod\u00ebr me fund t\u00eb hapur e krijuar p\u00ebr t\u00eb \u00e7liruar kreativitetin dhe imagjinat\u00ebn tek f\u00ebmija juaj. Kjo lod\u00ebr e gjithanshme do t\u00eb inkurajoj\u00eb koordinimin sy-dor\u00eb, t\u00eb menduarit krijues dhe aft\u00ebsit\u00eb p\u00ebr zgjidhjen e problemeve. Ato do t\u00eb ndihmojn\u00eb n\u00eb p\u00ebrmir\u00ebsimin e shkatht\u00ebsis\u00eb dhe zhvillimit motorik. T\u00eb prodhuara nga silikoni i grad\u00ebs ushqimore, kupat tona jan\u00eb perfekte p\u00ebr p\u00ebrdorim t\u00eb brendsh\u00ebm dhe t\u00eb jasht\u00ebm.<\/p>\n<h4>Detaje:<\/h4>\n<ul>\n<li>T\u00eb p\u00ebrshtatshme p\u00ebr moshat 8+ muaj<\/li>\n<li>P\u00ebrfshin 7 kupa te madh\u00ebsive t\u00eb ndryshme<\/li>\n<li>Materiali: 100% silikon ushqimor, jo toksik dhe pa BPA<\/li>\n<li>P\u00ebrmasa: 11 x 9 x 4 cm<\/li>\n<\/ul>\n<h5>Udh\u00ebzime kujdesi:<\/h5>\n<p>Pastrojeni me uj\u00eb t\u00eb ngroht\u00eb me sapun dhe thajeni n\u00eb aj\u00ebr. Mos e sterilizoni, mos e zieni ose mos e vendosni n\u00eb pjatalar\u00ebse. Pas pastrimit thahet n\u00eb aj\u00ebr, ruhet n\u00eb nj\u00eb vend t\u00eb past\u00ebr t\u00eb that\u00eb.<\/p>\n<h5>Siguria:<\/h5>\n<p>B\u00ebr\u00eb n\u00eb m\u00ebnyr\u00eb etike nga nj\u00eb prodhues i audituar nga BSCI.<br \/>\nProduktet e O.B Design jan\u00eb b\u00ebr\u00eb sipas standardeve m\u00eb t\u00eb larta, megjithat\u00eb, n\u00ebse p\u00ebrdoren gabimisht dhe ndodh thyerja, ato mund t\u00eb b\u00ebhen nj\u00eb rrezik mbytjeje. Ju lutemi kontrolloni rregullisht dhe hidheni n\u00eb shenj\u00ebn e par\u00eb t\u00eb konsumimit. Mos e ndryshoni n\u00eb asnj\u00eb m\u00ebnyr\u00eb dhe p\u00ebrdorni gjithmon\u00eb n\u00ebn mbik\u00ebqyrjen e t\u00eb rriturve. K\u00ebto nuk duhet t\u00eb p\u00ebrdoren si lodra dh\u00ebmb\u00ebzimi. B\u00ebr\u00eb nga silikoni i grad\u00ebs ushqimore, t\u00eb gjitha pjes\u00ebt plot\u00ebsojn\u00eb standardet Australiane t\u00eb lodrave AS\/NZS 8124 dhe USA ASTM.<\/p>","protected":false},"excerpt":{"rendered":"<h2>Lod\u00ebr p\u00ebr shum\u00eb arg\u00ebtim<\/h2>\n<p>Kupat e silikonit katror jan\u00eb nj\u00eb lod\u00ebr me fund t\u00eb hapur e krijuar p\u00ebr t\u00eb \u00e7liruar kreativitetin dhe imagjinat\u00ebn tek f\u00ebmija juaj. Kjo lod\u00ebr e gjithanshme do t\u00eb inkurajoj\u00eb koordinimin sy-dor\u00eb, t\u00eb menduarit krijues dhe aft\u00ebsit\u00eb p\u00ebr zgjidhjen e problemeve. Ato do t\u00eb ndihmojn\u00eb n\u00eb p\u00ebrmir\u00ebsimin e shkatht\u00ebsis\u00eb dhe zhvillimit motorik. T\u00eb prodhuara nga silikoni i kategoris\u00eb ushqimore, kupat tona jan\u00eb perfekte p\u00ebr p\u00ebrdorim t\u00eb brendsh\u00ebm dhe t\u00eb jasht\u00ebm.<\/p>","protected":false},"featured_media":0,"template":"","meta":{"_acf_changed":false,"inline_featured_image":false},"product_brand":[],"product_cat":[502],"product_tag":[818,817,816,815],"class_list":{"0":"post-5596","1":"product","2":"type-product","3":"status-publish","5":"product_cat-maud-n-lil","6":"product_tag-bathtime","7":"product_tag-pa-bpa","8":"product_tag-silicone","9":"product_tag-toys","10":"wpisset-post","11":"wpisset-woo-has-gallery","13":"first","14":"outofstock","15":"shipping-taxable","16":"purchasable","17":"product-type-simple"},"acf":[],"_links":{"self":[{"href":"https:\/\/prime-distributor.al\/en\/wp-json\/wp\/v2\/product\/5596","targetHints":{"allow":["GET"]}}],"collection":[{"href":"https:\/\/prime-distributor.al\/en\/wp-json\/wp\/v2\/product"}],"about":[{"href":"https:\/\/prime-distributor.al\/en\/wp-json\/wp\/v2\/types\/product"}],"wp:attachment":[{"href":"https:\/\/prime-distributor.al\/en\/wp-json\/wp\/v2\/media?parent=5596"}],"wp:term":[{"taxonomy":"product_brand","embeddable":true,"href":"https:\/\/prime-distributor.al\/en\/wp-json\/wp\/v2\/product_brand?post=5596"},{"taxonomy":"product_cat","embeddable":true,"href":"https:\/\/prime-distributor.al\/en\/wp-json\/wp\/v2\/product_cat?post=5596"},{"taxonomy":"product_tag","embeddable":true,"href":"https:\/\/prime-distributor.al\/en\/wp-json\/wp\/v2\/product_tag?post=5596"}],"curies":[{"name":"wp","href":"https:\/\/api.w.org\/{rel}","templated":true}]}}