{"id":5462,"date":"2022-09-21T17:50:28","date_gmt":"2022-09-21T17:50:28","guid":{"rendered":"https:\/\/prime-distributor.al\/?post_type=product&#038;p=5462"},"modified":"2025-08-08T16:45:55","modified_gmt":"2025-08-08T16:45:55","slug":"organic-cuddly-toy","status":"publish","type":"product","link":"https:\/\/prime-distributor.al\/en\/product\/organic-cuddly-toy\/","title":{"rendered":"Organic Cuddly Toy"},"content":{"rendered":"<h3>Projektuar n\u00eb Holland\u00eb, i dashur kudo.<\/h3>\n<h3>M\u00eb thuaj pak m\u00eb shum\u00eb\u2026<\/h3>\n<p>A keni d\u00ebgjuar p\u00ebr p\u00ebrqafimin 7 sekonda?<br \/>\nKur p\u00ebrqafoni, lirohet nj\u00eb hormon i quajtur oksitocin\u00eb, i njohur gjithashtu si hormoni i p\u00ebrqafimit. Ky hormon krijon nj\u00eb ndjenj\u00eb besimi dhe forcon marr\u00ebdh\u00ebniet. P\u00ebrve\u00e7 k\u00ebsaj, redukton stresin dhe ankthin. Meq\u00eb ra fjala, duhet t\u00eb jet\u00eb nj\u00eb p\u00ebrqafim i gjat\u00eb, sepse vet\u00ebm pas shtat\u00eb sekondave t\u00eb p\u00ebrqafimit, ky hormon i ndjenj\u00ebs s\u00eb mir\u00eb lirohet.<\/p>\n<p>Dhe ja, p\u00ebrqafoni k\u00ebto pellush\u00eb t\u00eb b\u00ebr\u00eb me 100% pambuk organik. Dizajn Hollandez, shum\u00eb t\u00eb ve\u00e7ant\u00eb.<\/p>\n<h4>Snoozebaby Amsterdam<\/h4>\n<p>Koleksionet Snoozebaby jan\u00eb projektuar dhe zhvilluar n\u00eb Amsterdam. <strong>Snoozebaby<\/strong> \u00ebsht\u00eb nj\u00eb mark\u00eb ambicioze me nj\u00eb pozicion t\u00eb fort\u00eb n\u00eb tregun hollandez t\u00eb produkteve p\u00ebr f\u00ebmij\u00eb dhe t\u00eb vegj\u00ebl p\u00ebr m\u00eb shum\u00eb se <strong>15 vjet<\/strong>.<\/p>\n<p>Produktet jan\u00eb b\u00ebr\u00eb nga p\u00eblhurat m\u00eb t\u00eb mira si <strong>pambuku organik, poliesteri i ricikluar dhe sherpa<\/strong>. <em>P\u00eblhurat do t\u00eb thithin arom\u00ebn e trupit t\u00eb mamit ose babit<\/em>. Garancia p\u00ebr nj\u00eb ndjenj\u00eb t\u00eb sigurt. Etiketat e famshme ndryshojn\u00eb n\u00eb madh\u00ebsi, ngjyr\u00eb dhe struktur\u00eb. Ata p\u00ebrdorim <strong>saten, m\u00ebndafsh dhe kadife<\/strong>. \u00c7do f\u00ebmij\u00eb zbulon etiket\u00ebn e tij t\u00eb preferuar. T\u00eb gjitha produktet tona jan\u00eb t\u00eb \u00e7ertifikuara me CE dhe kalojn\u00eb nd\u00ebr t\u00eb tjera, direktivat m\u00eb t\u00eb fundit t\u00eb BE-s\u00eb p\u00ebr lodrat (EN71) dhe direktiv\u00ebn e SHBA-s\u00eb (ASTM).<\/p>","protected":false},"excerpt":{"rendered":"<h2>Lod\u00ebr pellushi organike<\/h2>\n<p>P\u00ebrsh\u00ebndetje, un\u00eb jam nj\u00eb pellushi juaj i ri. T\u00eb lutem, m\u00eb p\u00ebrqafo! \u00cbsht\u00eb prej 100% pambuku organik dhe ka mbushje poliest\u00ebr t\u00eb ricikluar brenda.<\/p>","protected":false},"featured_media":5269,"template":"","meta":{"_acf_changed":false,"inline_featured_image":false},"product_brand":[],"product_cat":[708],"product_tag":[802,811],"class_list":{"0":"post-5462","1":"product","2":"type-product","3":"status-publish","4":"has-post-thumbnail","6":"product_cat-snoozebaby","7":"product_tag-comfort-toy","8":"product_tag-pellush","9":"wpisset-post","10":"wpisset-post-featured","11":"wpisset-woo-has-gallery","13":"first","14":"outofstock","15":"shipping-taxable","16":"purchasable","17":"product-type-variable"},"acf":[],"_links":{"self":[{"href":"https:\/\/prime-distributor.al\/en\/wp-json\/wp\/v2\/product\/5462","targetHints":{"allow":["GET"]}}],"collection":[{"href":"https:\/\/prime-distributor.al\/en\/wp-json\/wp\/v2\/product"}],"about":[{"href":"https:\/\/prime-distributor.al\/en\/wp-json\/wp\/v2\/types\/product"}],"wp:featuredmedia":[{"embeddable":true,"href":"https:\/\/prime-distributor.al\/en\/wp-json\/wp\/v2\/media\/5269"}],"wp:attachment":[{"href":"https:\/\/prime-distributor.al\/en\/wp-json\/wp\/v2\/media?parent=5462"}],"wp:term":[{"taxonomy":"product_brand","embeddable":true,"href":"https:\/\/prime-distributor.al\/en\/wp-json\/wp\/v2\/product_brand?post=5462"},{"taxonomy":"product_cat","embeddable":true,"href":"https:\/\/prime-distributor.al\/en\/wp-json\/wp\/v2\/product_cat?post=5462"},{"taxonomy":"product_tag","embeddable":true,"href":"https:\/\/prime-distributor.al\/en\/wp-json\/wp\/v2\/product_tag?post=5462"}],"curies":[{"name":"wp","href":"https:\/\/api.w.org\/{rel}","templated":true}]}}