{"id":5427,"date":"2022-09-08T19:30:04","date_gmt":"2022-09-08T19:30:04","guid":{"rendered":"https:\/\/prime-distributor.al\/?post_type=product&#038;p=5427"},"modified":"2026-02-06T15:20:51","modified_gmt":"2026-02-06T15:20:51","slug":"gots-bathrope-12-24m","status":"publish","type":"product","link":"https:\/\/prime-distributor.al\/en\/product\/gots-bathrope-12-24m\/","title":{"rendered":"GOTS Bathrope \u2013 12-24m"},"content":{"rendered":"<h3>Projektuar n\u00eb Holland\u00eb, i dashur kudo.<\/h3>\n<h3>M\u00eb thuaj pak m\u00eb shum\u00eb\u2026<\/h3>\n<p>Ndjesia pas dushit, t\u00eb gjith\u00eb e duan at\u00eb. Prandaj ky rrobdishamb\u00ebr i mrekulluesh\u00ebm, i but\u00eb, q\u00eb thith lag\u00ebshtin\u00eb, \u00ebsht\u00eb b\u00ebr\u00eb nga 100% pambuk organik.<\/p>\n<h4>Snoozebaby Amsterdam<\/h4>\n<p>Koleksionet Snoozebaby jan\u00eb projektuar dhe zhvilluar n\u00eb Amsterdam. <strong>Snoozebaby<\/strong> \u00ebsht\u00eb nj\u00eb mark\u00eb ambicioze me nj\u00eb pozicion t\u00eb fort\u00eb n\u00eb tregun hollandez t\u00eb produkteve p\u00ebr f\u00ebmij\u00eb dhe t\u00eb vegj\u00ebl p\u00ebr m\u00eb shum\u00eb se <strong>15 vjet<\/strong>.<\/p>\n<p>Produktet jan\u00eb b\u00ebr\u00eb nga p\u00eblhurat m\u00eb t\u00eb mira si <strong>pambuku organik, poliesteri i ricikluar dhe sherpa<\/strong>. <em>P\u00eblhurat do t\u00eb thithin arom\u00ebn e trupit t\u00eb mamit ose babit<\/em>. Garancia p\u00ebr nj\u00eb ndjenj\u00eb t\u00eb sigurt. Etiketat e famshme ndryshojn\u00eb n\u00eb madh\u00ebsi, ngjyr\u00eb dhe struktur\u00eb. Ata p\u00ebrdorim <strong>saten, m\u00ebndafsh dhe kadife<\/strong>. \u00c7do f\u00ebmij\u00eb zbulon etiket\u00ebn e tij t\u00eb preferuar. T\u00eb gjitha produktet tona jan\u00eb t\u00eb \u00e7ertifikuara me CE dhe kalojn\u00eb nd\u00ebr t\u00eb tjera, direktivat m\u00eb t\u00eb fundit t\u00eb BE-s\u00eb p\u00ebr lodrat (EN71) dhe direktiv\u00ebn e SHBA-s\u00eb (ASTM).<\/p>\n<h5>Detaje:<\/h5>\n<p>Masa: 12-24 muaj<br \/>\nMateriali: Pambuk GOTS<\/p>","protected":false},"excerpt":{"rendered":"<div class=\"col-md-12 col-xs-6 break\">\n<div class=\"woocommerce-product-details__short-description\">\n<h2>Rrobdishamb\u00ebr p\u00ebr f\u00ebmij\u00eb<\/h2>\n<p>Ndjesia pas dushit, t\u00eb gjith\u00eb e duan at\u00eb. Prandaj ky rrobdishamb\u00ebr i mrekulluesh\u00ebm, i but\u00eb, q\u00eb thith lag\u00ebshtin\u00eb, \u00ebsht\u00eb b\u00ebr\u00eb nga 100% pambuk organik.<\/p>\n<\/div>\n<\/div>","protected":false},"featured_media":5342,"template":"","meta":{"_acf_changed":false,"inline_featured_image":false},"product_brand":[],"product_cat":[708],"product_tag":[806,804],"class_list":{"0":"post-5427","1":"product","2":"type-product","3":"status-publish","4":"has-post-thumbnail","6":"product_cat-snoozebaby","7":"product_tag-peshqir","8":"product_tag-rrobdishamber","9":"wpisset-post","10":"wpisset-post-featured","11":"wpisset-woo-has-gallery","13":"first","14":"outofstock","15":"shipping-taxable","16":"purchasable","17":"product-type-variable"},"acf":[],"_links":{"self":[{"href":"https:\/\/prime-distributor.al\/en\/wp-json\/wp\/v2\/product\/5427","targetHints":{"allow":["GET"]}}],"collection":[{"href":"https:\/\/prime-distributor.al\/en\/wp-json\/wp\/v2\/product"}],"about":[{"href":"https:\/\/prime-distributor.al\/en\/wp-json\/wp\/v2\/types\/product"}],"wp:featuredmedia":[{"embeddable":true,"href":"https:\/\/prime-distributor.al\/en\/wp-json\/wp\/v2\/media\/5342"}],"wp:attachment":[{"href":"https:\/\/prime-distributor.al\/en\/wp-json\/wp\/v2\/media?parent=5427"}],"wp:term":[{"taxonomy":"product_brand","embeddable":true,"href":"https:\/\/prime-distributor.al\/en\/wp-json\/wp\/v2\/product_brand?post=5427"},{"taxonomy":"product_cat","embeddable":true,"href":"https:\/\/prime-distributor.al\/en\/wp-json\/wp\/v2\/product_cat?post=5427"},{"taxonomy":"product_tag","embeddable":true,"href":"https:\/\/prime-distributor.al\/en\/wp-json\/wp\/v2\/product_tag?post=5427"}],"curies":[{"name":"wp","href":"https:\/\/api.w.org\/{rel}","templated":true}]}}