{"id":5028,"date":"2022-06-21T20:23:44","date_gmt":"2022-06-21T20:23:44","guid":{"rendered":"https:\/\/prime-distributor.al\/?post_type=product&#038;p=5028"},"modified":"2026-04-30T09:23:43","modified_gmt":"2026-04-30T09:23:43","slug":"learning-swim-vest-3-6-vjec-aqua","status":"publish","type":"product","link":"https:\/\/prime-distributor.al\/en\/product\/learning-swim-vest-3-6-vjec-aqua\/","title":{"rendered":"Learning Swim Vest 3-6 vje\u00e7 &#8211; Aqua"},"content":{"rendered":"<h2>bbl\u00fcv \u2013\u00a0<span class=\"column is-narrow product-template__age-icon\"><span class=\"column is-narrow product-title\" data-i18n-key=\"translation-67\">Learning swim vest<\/span><\/span><\/h2>\n<p>K\u00ebnaquni duke m\u00ebsuar f\u00ebmij\u00ebn tuaj se si t\u00eb notoj\u00eb n\u00eb m\u00ebnyr\u00eb t\u00eb sigurt\u00eb me jelekun e notit N\u00e4j neoprene. 24 modulet e tij t\u00eb integruar dhe t\u00eb l\u00ebvizsh\u00ebm n\u00eb m\u00ebnyr\u00eb t\u00eb sigurt e b\u00ebjn\u00eb at\u00eb t\u00eb p\u00ebrsosur q\u00eb f\u00ebmija juaj t\u00eb m\u00ebsoj\u00eb t\u00eb notoj\u00eb me ritmin e tij.<\/p>\n<ul>\n<li>\u00c7do modul p\u00ebrb\u00ebhet nga 3 shtresa t\u00eb modulueshme p\u00ebr t\u00eb siguruar notim optimal<\/li>\n<li>SPF 50+ Mbron nga dielli dhe ruan ngroht\u00ebsin\u00eb<\/li>\n<li>Rripi i siguris\u00eb lejon q\u00eb jeleku t\u00eb q\u00ebndroj\u00eb i sigurt n\u00eb vend gjat\u00eb p\u00ebrdorimit<\/li>\n<li>I shpejt\u00eb dhe i leht\u00eb p\u00ebr t&#8217;u veshur dhe hequr<\/li>\n<li>P\u00eblhura neoprene \u00ebsht\u00eb e q\u00ebndrueshme dhe e but\u00eb, duke mos lejuar g\u00ebrvishtje<\/li>\n<li>Lahet me dor\u00eb n\u00eb uj\u00eb t\u00eb ftoht\u00eb<\/li>\n<\/ul>","protected":false},"excerpt":{"rendered":"<h2>N\u00e4j<\/h2>\n<p>K\u00ebnaquni duke m\u00ebsuar f\u00ebmij\u00ebn tuaj se si t\u00eb notoj\u00eb n\u00eb m\u00ebnyr\u00eb t\u00eb sigurt\u00eb me jelekun e notit N\u00e4j neoprene. 24 modulet e tij t\u00eb integruar dhe t\u00eb l\u00ebvizsh\u00ebm n\u00eb m\u00ebnyr\u00eb t\u00eb sigurt e b\u00ebjn\u00eb at\u00eb t\u00eb p\u00ebrsosur q\u00eb f\u00ebmija juaj t\u00eb m\u00ebsoj\u00eb t\u00eb notoj\u00eb me ritmin e tij.<\/p>\n<p>&nbsp;<\/p>","protected":false},"featured_media":5022,"template":"","meta":{"_acf_changed":false,"inline_featured_image":false},"product_brand":[],"product_cat":[34],"product_tag":[535],"class_list":{"0":"post-5028","1":"product","2":"type-product","3":"status-publish","4":"has-post-thumbnail","6":"product_cat-bbluv","7":"product_tag-bbluv","8":"wpisset-post","9":"wpisset-post-featured","10":"wpisset-woo-has-gallery","12":"first","13":"instock","14":"shipping-taxable","15":"purchasable","16":"product-type-simple"},"acf":[],"_links":{"self":[{"href":"https:\/\/prime-distributor.al\/en\/wp-json\/wp\/v2\/product\/5028","targetHints":{"allow":["GET"]}}],"collection":[{"href":"https:\/\/prime-distributor.al\/en\/wp-json\/wp\/v2\/product"}],"about":[{"href":"https:\/\/prime-distributor.al\/en\/wp-json\/wp\/v2\/types\/product"}],"wp:featuredmedia":[{"embeddable":true,"href":"https:\/\/prime-distributor.al\/en\/wp-json\/wp\/v2\/media\/5022"}],"wp:attachment":[{"href":"https:\/\/prime-distributor.al\/en\/wp-json\/wp\/v2\/media?parent=5028"}],"wp:term":[{"taxonomy":"product_brand","embeddable":true,"href":"https:\/\/prime-distributor.al\/en\/wp-json\/wp\/v2\/product_brand?post=5028"},{"taxonomy":"product_cat","embeddable":true,"href":"https:\/\/prime-distributor.al\/en\/wp-json\/wp\/v2\/product_cat?post=5028"},{"taxonomy":"product_tag","embeddable":true,"href":"https:\/\/prime-distributor.al\/en\/wp-json\/wp\/v2\/product_tag?post=5028"}],"curies":[{"name":"wp","href":"https:\/\/api.w.org\/{rel}","templated":true}]}}