{"id":4403,"date":"2022-05-04T11:53:01","date_gmt":"2022-05-04T11:53:01","guid":{"rendered":"https:\/\/prime-distributor.al\/?post_type=product&#038;p=4403"},"modified":"2025-10-14T09:49:08","modified_gmt":"2025-10-14T09:49:08","slug":"kids-wristband-tie-dye","status":"publish","type":"product","link":"https:\/\/prime-distributor.al\/en\/product\/kids-wristband-tie-dye\/","title":{"rendered":"Kids Wristband &#8211; Tie &#038; Dye"},"content":{"rendered":"<h2>Byzylyk kund\u00ebr mushkonjave dhe rriqrave p\u00ebr f\u00ebmij\u00eb<\/h2>\n<p>Byzylyk\u00ebt e dor\u00ebs PARAKITO p\u00ebr f\u00ebmij\u00eb jan\u00eb t\u00eb rregulluesh\u00ebm, t\u00eb pap\u00ebrshkuesh\u00ebm nga uji, t\u00eb rimbushsh\u00ebm dhe plot\u00ebsisht natyral! F\u00ebmija juaj do t\u00eb ket\u00eb deri n\u00eb 15 dit\u00eb mbrojtje natyrale kund\u00ebr mushkonjave.<\/p>\n<ul>\n<li>Siguron mbrojtje konstante deri n\u00eb 15 dit\u00eb p\u00ebr mbushje\/pelet (p\u00ebrfshihen 2 mbushje)<\/li>\n<li>Difuzon nj\u00eb p\u00ebrzierje t\u00eb 7 vajrave esencial\u00eb natyral\u00eb &#8211; pa DEET<\/li>\n<li>Funksionon n\u00eb t\u00eb gjitha zonat me klim\u00eb t\u00eb but\u00eb dhe tropikale. Madje \u00ebsht\u00eb i pap\u00ebrshkuesh\u00ebm nga uji!<\/li>\n<li>P\u00ebr F\u00ebmij\u00eb <em><strong>3\u00a0deri n\u00eb 7 vje\u00e7<\/strong><\/em> &#8211; Byzylyk dore neopreni i rregulluesh\u00ebm<\/li>\n<li>I leht\u00eb p\u00ebr t&#8217;u p\u00ebrdorur &#8211; vendoseni n\u00eb ky\u00e7in e dor\u00ebs ose ky\u00e7in e k\u00ebmb\u00ebs<\/li>\n<li>I p\u00ebrparuar teknologjikisht \u2013 Prodhuar n\u00eb Franc\u00eb<\/li>\n<\/ul>\n<h4>P\u00ebrdorimi:<\/h4>\n<ul>\n<li>Fusni peletin n\u00eb byzylykun e dor\u00ebs<\/li>\n<li>Mbajeni at\u00eb n\u00eb ky\u00e7in e dor\u00ebs apo ky\u00e7in e k\u00ebmb\u00ebs ose mbajeni pran\u00eb<\/li>\n<li>Nj\u00eb pelet rimbush\u00ebs p\u00ebrshtatet n\u00eb m\u00ebnyr\u00eb t\u00eb sigurt\u00eb n\u00eb xhepin rrjet\u00eb n\u00eb pjes\u00ebn e jashtme t\u00eb byzylykut t\u00eb dor\u00ebs. Nd\u00ebrsa p\u00ebrb\u00ebr\u00ebsit aktiv\u00eb t\u00eb vajrave natyral\u00eb l\u00ebshohen n\u00eb ajrin p\u00ebrreth jush, ato ndihmojn\u00eb n\u00eb maskimin e aromave t\u00eb frym\u00ebmarrjes dhe trupit tuaj, duke e b\u00ebr\u00eb m\u00eb t\u00eb v\u00ebshtir\u00eb p\u00ebr mushkonjat t\u2019ju gjejn\u00eb. Super e thjesht\u00eb, super efektive!<\/li>\n<\/ul>\n<h4>Kujdes:<\/h4>\n<p>Aksesor\u00ebt dhe mbush\u00ebsit PARAKITO mund t\u00eb hidhen si mbeturina t\u00eb zakonshme pa rrezik p\u00ebr mjedisin.<br \/>\nMbajeni jasht\u00eb mund\u00ebsive t\u00eb kapjes nga f\u00ebmij\u00ebt e vegj\u00ebl kur nuk jan\u00eb n\u00eb p\u00ebrdorim. Mos l\u00ebpini ose g\u00eblltisni peletat rimbush\u00ebse. Lani duart pas prekjes.<\/p>\n<h4>P\u00ebrb\u00ebr\u00ebsit:<\/h4>\n<ol>\n<li>P\u00ebrb\u00ebr\u00ebsit aktiv\u00eb<br \/>\nVaj citronella 34.0%, vaj rozmarine 22.0%, vaj geranium 21.0%, vaj nenexhik 10.0%, vaj karafili 2.5%, vaj menteje 1.5%, vaj kanelle 1.0%<\/li>\n<li>P\u00ebrb\u00ebr\u00ebs inert<br \/>\nVanilin\u00eb 8.0%<br \/>\nPa DEET, pa OMGJ, pa gluten, pa paraben, pa ftalate, pa testime tek kafsh\u00ebt<\/li>\n<\/ol>\n<p><em><strong>Specifikimet e rripit t\u00eb dor\u00ebs<\/strong><\/em><\/p>\n<p><em><strong>Rrethi<\/strong><\/em>: \u00a0<em><strong>maksimumi<\/strong>\u00a0 \u00a0170 mm \u00a0\u00a0<strong>Gjat\u00ebsia:<\/strong> 205 mm\u00a0<\/em><br \/>\n<em>\u00a0 \u00a0 \u00a0 \u00a0 \u00a0 \u00a0 \u00a0<strong>minimumi \u00a0<\/strong>\u00a0 \u00a0 145 mm \u00a0\u00a0<strong>Gjer\u00ebsia:<\/strong> 30 mm\u00a0<\/em><\/p>\n<p><em><strong>Pesha: <\/strong>10 gr \u00a0 <strong>Trash\u00ebsia:<\/strong> 4 mm\u00a0<\/em><\/p>","protected":false},"excerpt":{"rendered":"<h3>Mbron t\u00eb vegjlit tuaj n\u00eb t\u00eb gjitha aventurat e tyre!<\/h3>\n<p>Ky byzylyk komod dhe me peleta rimbush\u00ebse t\u00eb z\u00ebvend\u00ebsueshme, mbron t\u00eb vegjlit tuaj gjat\u00eb aventurave t\u00eb tyre. PARAKITO p\u00ebrdor nj\u00eb formul\u00eb t\u00eb provuar dhe t\u00eb patentuar t\u00eb vajrave esencial\u00eb q\u00eb mbrojn\u00eb trupin tuaj nga mushkonjat, pasi vajrat maskojn\u00eb aromat q\u00eb mushkonjat parap\u00eblqejn\u00eb.<\/p>","protected":false},"featured_media":20943,"template":"","meta":{"_acf_changed":false,"inline_featured_image":false},"product_brand":[],"product_cat":[616],"product_tag":[641],"class_list":{"0":"post-4403","1":"product","2":"type-product","3":"status-publish","4":"has-post-thumbnail","6":"product_cat-parakito","7":"product_tag-parakito","8":"wpisset-post","9":"wpisset-post-featured","11":"first","12":"instock","13":"shipping-taxable","14":"purchasable","15":"product-type-simple"},"acf":[],"_links":{"self":[{"href":"https:\/\/prime-distributor.al\/en\/wp-json\/wp\/v2\/product\/4403","targetHints":{"allow":["GET"]}}],"collection":[{"href":"https:\/\/prime-distributor.al\/en\/wp-json\/wp\/v2\/product"}],"about":[{"href":"https:\/\/prime-distributor.al\/en\/wp-json\/wp\/v2\/types\/product"}],"wp:featuredmedia":[{"embeddable":true,"href":"https:\/\/prime-distributor.al\/en\/wp-json\/wp\/v2\/media\/20943"}],"wp:attachment":[{"href":"https:\/\/prime-distributor.al\/en\/wp-json\/wp\/v2\/media?parent=4403"}],"wp:term":[{"taxonomy":"product_brand","embeddable":true,"href":"https:\/\/prime-distributor.al\/en\/wp-json\/wp\/v2\/product_brand?post=4403"},{"taxonomy":"product_cat","embeddable":true,"href":"https:\/\/prime-distributor.al\/en\/wp-json\/wp\/v2\/product_cat?post=4403"},{"taxonomy":"product_tag","embeddable":true,"href":"https:\/\/prime-distributor.al\/en\/wp-json\/wp\/v2\/product_tag?post=4403"}],"curies":[{"name":"wp","href":"https:\/\/api.w.org\/{rel}","templated":true}]}}