{"id":4292,"date":"2022-05-01T16:24:54","date_gmt":"2022-05-01T16:24:54","guid":{"rendered":"https:\/\/prime-distributor.al\/?post_type=product&#038;p=4292"},"modified":"2026-03-30T11:32:09","modified_gmt":"2026-03-30T11:32:09","slug":"electric-anti-mosquito-lamp","status":"publish","type":"product","link":"https:\/\/prime-distributor.al\/en\/product\/electric-anti-mosquito-lamp\/","title":{"rendered":"Electric Anti-Mosquito Lamp"},"content":{"rendered":"<h3>Llamp\u00eb kund\u00ebr mushkonjave<\/h3>\n<p>Moskit\u00f6 \u00ebsht\u00eb nj\u00eb pajisje kompakte p\u00ebr kontrollin e insekteve fluturuese q\u00eb do t\u00eb ndihmoj\u00eb n\u00eb mbrojtjen e l\u00ebkur\u00ebs p\u00ebr t\u00eb gjith\u00eb familjen. Kjo llamb\u00eb e leht\u00eb p\u00ebr t&#8217;u p\u00ebrdorur t\u00ebrheq insektet fluturuese me drit\u00ebn e saj LED UV dhe m\u00eb pas p\u00ebrdor nj\u00eb ventilim thith\u00ebs ultra t\u00eb qet\u00eb p\u00ebr t&#8217;i bllokuar n\u00eb dhom\u00ebn e fsheht\u00eb t\u00eb l\u00ebvizshme kund\u00ebr ikjes. Pavar\u00ebsisht n\u00ebse d\u00ebshironi t&#8217;i mbani jasht\u00eb \u00e7erdhes, sall\u00ebs s\u00eb loj\u00ebrave apo \u00e7do ambienti tjet\u00ebr t\u00eb brendsh\u00ebm me njer\u00ebz, dizajni i tij i leht\u00eb dhe i l\u00ebvizsh\u00ebm do t&#8217;ju lejoj\u00eb ta mbani at\u00eb kudo q\u00eb ju nevojitet.<\/p>\n<ul>\n<li>Drita UV LED dhe teknologjia e ventilimit t\u00eb thithjes<\/li>\n<li>Ultra e qet\u00eb dhe efikase n\u00eb energji<\/li>\n<li>Leht\u00eb p\u00ebr t&#8217;u pastruar<\/li>\n<li>Pajisja e leht\u00eb me nj\u00eb prekje<\/li>\n<li>Kompakt, i leht\u00eb dhe i l\u00ebvizsh\u00ebm<\/li>\n<li>Aksesor\u00eb grumbullues kund\u00ebr ikjes, i l\u00ebvizsh\u00ebm<\/li>\n<li>Kablloja e p\u00ebrshtatshme USB mund t\u00eb lidhet me pajisje t\u00eb ndryshme (p\u00ebrshtat\u00ebsi USB nuk p\u00ebrfshihet)<\/li>\n<li>P\u00ebrmasat: 15.2 cm x 15.2 cm x 22.2 cm<\/li>\n<\/ul>","protected":false},"excerpt":{"rendered":"<h3>Moskit\u00f6<\/h3>\n<p>Moskit\u00f6 \u00ebsht\u00eb nj\u00eb pajisje kompakte p\u00ebr kontrollin e insekteve fluturuese q\u00eb do t\u00eb ndihmoj\u00eb n\u00eb mbrojtjen e l\u00ebkur\u00ebs p\u00ebr t\u00eb gjith\u00eb familjen.<\/p>","protected":false},"featured_media":4269,"template":"","meta":{"_acf_changed":false,"inline_featured_image":false},"product_brand":[],"product_cat":[34],"product_tag":[535],"class_list":{"0":"post-4292","1":"product","2":"type-product","3":"status-publish","4":"has-post-thumbnail","6":"product_cat-bbluv","7":"product_tag-bbluv","8":"wpisset-post","9":"wpisset-post-featured","10":"wpisset-woo-has-gallery","12":"first","13":"instock","14":"shipping-taxable","15":"purchasable","16":"product-type-simple"},"acf":[],"_links":{"self":[{"href":"https:\/\/prime-distributor.al\/en\/wp-json\/wp\/v2\/product\/4292","targetHints":{"allow":["GET"]}}],"collection":[{"href":"https:\/\/prime-distributor.al\/en\/wp-json\/wp\/v2\/product"}],"about":[{"href":"https:\/\/prime-distributor.al\/en\/wp-json\/wp\/v2\/types\/product"}],"wp:featuredmedia":[{"embeddable":true,"href":"https:\/\/prime-distributor.al\/en\/wp-json\/wp\/v2\/media\/4269"}],"wp:attachment":[{"href":"https:\/\/prime-distributor.al\/en\/wp-json\/wp\/v2\/media?parent=4292"}],"wp:term":[{"taxonomy":"product_brand","embeddable":true,"href":"https:\/\/prime-distributor.al\/en\/wp-json\/wp\/v2\/product_brand?post=4292"},{"taxonomy":"product_cat","embeddable":true,"href":"https:\/\/prime-distributor.al\/en\/wp-json\/wp\/v2\/product_cat?post=4292"},{"taxonomy":"product_tag","embeddable":true,"href":"https:\/\/prime-distributor.al\/en\/wp-json\/wp\/v2\/product_tag?post=4292"}],"curies":[{"name":"wp","href":"https:\/\/api.w.org\/{rel}","templated":true}]}}