{"id":3449,"date":"2022-03-29T09:53:32","date_gmt":"2022-03-29T09:53:32","guid":{"rendered":"https:\/\/prime-distributor.al\/?post_type=product&#038;p=3449"},"modified":"2026-04-14T11:26:47","modified_gmt":"2026-04-14T11:26:47","slug":"friendly-flossers-45-cope","status":"publish","type":"product","link":"https:\/\/prime-distributor.al\/en\/product\/friendly-flossers-45-cope\/","title":{"rendered":"Friendly Flossers &#8211; 45 cop\u00eb"},"content":{"rendered":"<h3>NFCO &#8211; Friendly Flossers &#8211; 45 cop\u00eb<\/h3>\n<h3>NFCO p\u00ebr t\u00eb gjith\u00eb familjen!<\/h3>\n<p>N\u00eb nj\u00eb kuti q\u00eb do t\u00eb zbukuroj\u00eb ambjentin e banjos suaj. 45 cop\u00eb, t\u00eb mb\u00ebshtjellura individualisht p\u00ebr higjen\u00eb maksimale.<\/p>\n<ul>\n<li>Doreza dhe paketimi pa plastik\u00eb, t\u00eb p\u00ebrb\u00ebra me niseshte misri<\/li>\n<li>Fill i ricikluesh\u00ebm me shije natyrale menteje<\/li>\n<li>Pa kimikate t\u00eb d\u00ebmshme<\/li>\n<li>Nuk ka PFAS ose kimikate t\u00eb ngjashme me Teflon<\/li>\n<li>Rr\u00ebshqet leht\u00ebsisht midis dh\u00ebmb\u00ebve<\/li>\n<li>100% Vegan<\/li>\n<\/ul>\n<h4>Udh\u00ebzimet:<\/h4>\n<p>Mbani dorez\u0113n midis gisht\u00ebrinjve. Drejtoni but\u00ebsisht fillin midis dh\u00ebmb\u00ebve tuaj. P\u00ebrdorni fillin me nj\u00eb l\u00ebvizje t\u00eb but\u00eb para dhe mbrapa, lart dhe posht\u00eb, krahas \u00e7do dh\u00ebmbi. Pas \u00e7do p\u00ebrdorimi hiqni fillin nga doreza dhe hidheni n\u00eb koshin e mbeturinave.<\/p>\n<p>&nbsp;<\/p>\n<h5>Kujdes:<\/h5>\n<p>Mbik\u00ebqyrja e t\u00eb rriturve rekomandohet n\u00ebn mosh\u00ebn 10 vje\u00e7.<\/p>","protected":false},"excerpt":{"rendered":"<h2>Fill Dentar me shije natyrale mente<\/h2>\n<p>Plot\u00ebsoni rutin\u00ebn tuaj t\u00eb kujdesit oral me Friendly Flosser me doreza prej misri, pa plastik\u00eb dhe nj\u00eb arom\u00eb natyrale menteje.<\/p>","protected":false},"featured_media":13283,"template":"","meta":{"_acf_changed":false,"inline_featured_image":false},"product_brand":[],"product_cat":[50],"product_tag":[143],"class_list":{"0":"post-3449","1":"product","2":"type-product","3":"status-publish","4":"has-post-thumbnail","6":"product_cat-jack-njill","7":"product_tag-nfco","8":"wpisset-post","9":"wpisset-post-featured","10":"wpisset-woo-has-gallery","12":"first","13":"instock","14":"shipping-taxable","15":"purchasable","16":"product-type-simple"},"acf":[],"_links":{"self":[{"href":"https:\/\/prime-distributor.al\/en\/wp-json\/wp\/v2\/product\/3449","targetHints":{"allow":["GET"]}}],"collection":[{"href":"https:\/\/prime-distributor.al\/en\/wp-json\/wp\/v2\/product"}],"about":[{"href":"https:\/\/prime-distributor.al\/en\/wp-json\/wp\/v2\/types\/product"}],"wp:featuredmedia":[{"embeddable":true,"href":"https:\/\/prime-distributor.al\/en\/wp-json\/wp\/v2\/media\/13283"}],"wp:attachment":[{"href":"https:\/\/prime-distributor.al\/en\/wp-json\/wp\/v2\/media?parent=3449"}],"wp:term":[{"taxonomy":"product_brand","embeddable":true,"href":"https:\/\/prime-distributor.al\/en\/wp-json\/wp\/v2\/product_brand?post=3449"},{"taxonomy":"product_cat","embeddable":true,"href":"https:\/\/prime-distributor.al\/en\/wp-json\/wp\/v2\/product_cat?post=3449"},{"taxonomy":"product_tag","embeddable":true,"href":"https:\/\/prime-distributor.al\/en\/wp-json\/wp\/v2\/product_tag?post=3449"}],"curies":[{"name":"wp","href":"https:\/\/api.w.org\/{rel}","templated":true}]}}