{"id":3391,"date":"2022-03-29T09:53:09","date_gmt":"2022-03-29T09:53:09","guid":{"rendered":"https:\/\/prime-distributor.al\/?post_type=product&#038;p=3391"},"modified":"2026-04-24T12:54:12","modified_gmt":"2026-04-24T12:54:12","slug":"botanical-scented-patch-6-cope","status":"publish","type":"product","link":"https:\/\/prime-distributor.al\/en\/product\/botanical-scented-patch-6-cope\/","title":{"rendered":"Botanical Scented Patch &#8211; 6 cop\u00eb"},"content":{"rendered":"<h2>Botanical Scented Patch &#8211; 6 cop\u00eb<\/h2>\n<h3>Zgjidhje qet\u00ebsuese p\u00ebr frym\u00ebmarrje t\u00eb leht\u00eb<\/h3>\n<p>Colief Botanical Scented Patch p\u00ebrmban nj\u00eb p\u00ebrzierje unike p\u00ebrb\u00ebr\u00ebsish natyral\u00eb, duke p\u00ebrfshir\u00eb vajra rozmarine dhe mente, t\u00eb cilat ofrojn\u00eb nj\u00eb arom\u00eb delikate relaksuese. Kur cop\u00ebza \u00ebsht\u00eb ngjitur n\u00eb veshje ose n\u00eb shtrat, l\u00ebshohen aroma aromatike freskuese.<\/p>\n<p>Vaji i eukaliptit \u00ebsht\u00eb nj\u00eb nga ila\u00e7et m\u00eb t\u00eb mira natyrale p\u00ebr bllokimin, pasi ka nj\u00eb efekt anti-inflamator n\u00eb rrug\u00ebt e frym\u00ebmarrjes, duke leht\u00ebsuar hund\u00ebt e bllokuara ose q\u00eb rrjedhin tek f\u00ebmij\u00ebt. P\u00ebrdorimi i eukaliptit si p\u00ebrb\u00ebr\u00ebs \u00ebsht\u00eb balancuar me vajra mente, rozmarine dhe limon, t\u00eb cil\u00ebt gjithashtu ndihmojn\u00eb n\u00eb reduktimin e shqet\u00ebsimit dhe shtojn\u00eb vetit\u00eb natyrale anti-bakteriale dhe antiseptike t\u00eb produktit.<\/p>\n<p><strong><em>Pse duhet t\u00eb p\u00ebrdorni Colief Botanical Scented Patch?<\/em><\/strong><\/p>\n<p><em><strong>Qet\u00ebsia e natyr\u00ebs n\u00eb \u00e7do ngjit\u00ebse<\/strong><\/em> \u2013 E mbushur me nj\u00eb p\u00ebrzierje unike p\u00ebrb\u00ebr\u00ebsish qet\u00ebsues natyral\u00eb, duke p\u00ebrfshir\u00eb vajrat e rozmarin\u00ebs dhe mentes, t\u00eb cil\u00ebt ofrojn\u00eb nj\u00eb arom\u00eb delikate.<br \/>\n<em><strong>Relax<\/strong><\/em> \u2013 G\u00ebzoni nj\u00eb arom\u00eb qet\u00ebsuese dhe qet\u00ebsuese p\u00ebr t\u00eb voglin tuaj. P\u00ebrmir\u00ebsoni rutinat para gjumit, p\u00ebrvojat e udh\u00ebtimit ose \u00e7do moment q\u00eb k\u00ebrkon nj\u00eb prekje qet\u00ebsie.<br \/>\n<em><strong>I p\u00ebrshtatsh\u00ebm<\/strong><\/em> \u2013 6 cop\u00ebza vet\u00ebngjit\u00ebse t\u00eb mb\u00ebshtjella individualisht p\u00ebr nj\u00eb kuti kartoni p\u00ebr p\u00ebrdorim t\u00eb leht\u00eb.<br \/>\n<b><i>P\u00ebrdorim i gjithansh\u00ebm <\/i><\/b>\u2013 I p\u00ebrshtatsh\u00ebm p\u00ebr dit\u00ebn ose nat\u00ebn, duke krijuar nj\u00eb mjedis relaksues p\u00ebr f\u00ebmij\u00ebn tuaj.<br \/>\n<em><strong>P\u00ebr f\u00ebmij\u00ebt 3+ vje\u00e7 <\/strong><\/em>Kur cop\u00ebza ngjitet n\u00eb veshje ose n\u00eb shtrat, l\u00ebshohen aroma aromatike freskuese.<\/p>\n<p>Kombinojeni me kremin dekongjestant <a href=\"https:\/\/prime-distributor.al\/en\/product\/botanical-baby-rub-30g\/\">Colief Botanical Baby Rub<\/a>.<\/p>\n<p><em><strong>P\u00ebrfitimet dhe Ve\u00e7orit\u00eb<\/strong><\/em><\/p>\n<ul>\n<li>Leht\u00eb p\u00ebr t&#8217;u aplikuar<\/li>\n<li>Prodhuar me nj\u00eb kombinim t\u00eb vajrave esencial\u00eb natyral<\/li>\n<li>Zgjat deri n\u00eb 8 or\u00eb<\/li>\n<li>Zgjidhje natyrale p\u00ebr frym\u00ebmarrje t\u00eb leht\u00eb<\/li>\n<li>T\u00eb pershtatshme p\u00ebr f\u00ebmij\u00eb 3+ vje\u00e7<\/li>\n<li>T\u00eb rehatshme<\/li>\n<\/ul>\n<h3>Si ta p\u00ebrdor?<\/h3>\n<p>Hapeni qesen me kujdes dhe nxirreni but\u00ebsisht cop\u00ebn. Hiqni shtres\u00ebn mbrojt\u00ebse transparente. Hiqni shtres\u00ebn mbrojt\u00ebse transparente. Aplikoni an\u00ebn ngjit\u00ebse t\u00eb cop\u00ebs n\u00eb veshje, mund\u00ebsisht pran\u00eb zon\u00ebs s\u00eb gjoksit ose n\u00eb shtrat. Hiqeni cop\u00ebz\u00ebn but\u00ebsisht n\u00eb fund t\u00eb aplikimit.<br \/>\nT\u00eb p\u00ebrshtatshme nga 3+ vje\u00e7. I p\u00ebrshtatsh\u00ebm p\u00ebr dit\u00ebn ose nat\u00ebn. Hiqeni cop\u00ebz\u00ebn pas 8 or\u00ebsh. Mos p\u00ebrdorni m\u00eb shum\u00eb se nj\u00eb cop\u00ebz n\u00eb t\u00eb nj\u00ebjt\u00ebn koh\u00eb. \u00c7do patch \u00ebsht\u00eb vet\u00ebm p\u00ebr nj\u00eb p\u00ebrdorim t\u00eb vet\u00ebm. Pas hapjes, p\u00ebrdoreni menj\u00ebher\u00eb.<\/p>\n<h3>P\u00ebrb\u00ebr\u00ebsit:<\/h3>\n<p>Vaj barishtor Mentha Piperita, Vaj i gjetheve t\u00eb Eucalyptus Globulus, Vaj i gjetheve t\u00eb thupr\u00ebs Pinus Sylvestris, Vaj i gjetheve Rosmarinus Officinalis, Eucalyptol, Limonene, Linalool, Citral, Isoeugenol.<\/p>\n<h3>Kujdes!<\/h3>\n<p>Ruani n\u00eb nj\u00eb vend t\u00eb fresk\u00ebt dhe t\u00eb that\u00eb n\u00ebn 30\u00b0C<\/p>\n<p>Kujdes: Ju lutemi lexoni udh\u00ebzimet p\u00ebrpara p\u00ebrdorimit. Vet\u00ebm p\u00ebr p\u00ebrdorim t\u00eb jasht\u00ebm. Mos e aplikoni direkt n\u00eb l\u00ebkur\u00eb. Aplikojeni cop\u00ebz\u00ebn n\u00eb nj\u00eb distanc\u00eb prej t\u00eb pakt\u00ebn 30 cm nga hunda. Shmangni kontaktin me syt\u00eb, mukoz\u00ebn dhe l\u00ebkur\u00ebn e d\u00ebmtuar. N\u00eb rast kontakti me syt\u00eb, shp\u00eblajeni mir\u00eb me uj\u00eb. Mos e p\u00ebrdorni pas dat\u00ebs s\u00eb skadenc\u00ebs t\u00eb printuar n\u00eb kuti. Mbajeni larg f\u00ebmij\u00ebve. Mos e p\u00ebrdorni gjat\u00eb shtatz\u00ebnis\u00eb, tek f\u00ebmij\u00ebt n\u00ebn 3 vje\u00e7, ose tek personat me astm\u00eb ose alergji ndaj vajrave esencial\u00eb. N\u00ebse ju ose f\u00ebmija juaj keni astm\u00eb, ju lutemi konsultohuni me mjekun tuaj p\u00ebrpara p\u00ebrdorimit. N\u00ebse ju ose f\u00ebmija juaj p\u00ebrjetoni ndonj\u00eb efekt an\u00ebsor nga p\u00ebrdorimi i k\u00ebtij produkti, ndaloni menj\u00ebher\u00eb p\u00ebrdorimin e produktit dhe k\u00ebrkoni k\u00ebshilla mjek\u00ebsore.<\/p>","protected":false},"excerpt":{"rendered":"<h3>Ftohje dhe me rruf\u00eb?<\/h3>\n<p>Colief Botanical Patch \u00ebsht\u00eb nj\u00eb cop\u00ebz e but\u00eb q\u00eb mund t\u00eb vendoset n\u00eb veshje ose n\u00eb shtrat. E p\u00ebrshtatshme p\u00ebr f\u00ebmij\u00eb mbi 3 vje\u00e7, kjo cop\u00ebz nj\u00ebp\u00ebrdorimshme p\u00ebrmban nj\u00eb p\u00ebrzierje natyrale t\u00eb vajrave esencial\u00eb. Efekti zgjat deri n\u00eb 8 or\u00eb.<\/p>","protected":false},"featured_media":14487,"template":"","meta":{"_acf_changed":false,"inline_featured_image":false},"product_brand":[],"product_cat":[36],"product_tag":[507],"class_list":{"0":"post-3391","1":"product","2":"type-product","3":"status-publish","4":"has-post-thumbnail","6":"product_cat-colief","7":"product_tag-colief","8":"wpisset-post","9":"wpisset-post-featured","10":"wpisset-woo-has-gallery","12":"first","13":"instock","14":"shipping-taxable","15":"purchasable","16":"product-type-simple"},"acf":[],"_links":{"self":[{"href":"https:\/\/prime-distributor.al\/en\/wp-json\/wp\/v2\/product\/3391","targetHints":{"allow":["GET"]}}],"collection":[{"href":"https:\/\/prime-distributor.al\/en\/wp-json\/wp\/v2\/product"}],"about":[{"href":"https:\/\/prime-distributor.al\/en\/wp-json\/wp\/v2\/types\/product"}],"wp:featuredmedia":[{"embeddable":true,"href":"https:\/\/prime-distributor.al\/en\/wp-json\/wp\/v2\/media\/14487"}],"wp:attachment":[{"href":"https:\/\/prime-distributor.al\/en\/wp-json\/wp\/v2\/media?parent=3391"}],"wp:term":[{"taxonomy":"product_brand","embeddable":true,"href":"https:\/\/prime-distributor.al\/en\/wp-json\/wp\/v2\/product_brand?post=3391"},{"taxonomy":"product_cat","embeddable":true,"href":"https:\/\/prime-distributor.al\/en\/wp-json\/wp\/v2\/product_cat?post=3391"},{"taxonomy":"product_tag","embeddable":true,"href":"https:\/\/prime-distributor.al\/en\/wp-json\/wp\/v2\/product_tag?post=3391"}],"curies":[{"name":"wp","href":"https:\/\/api.w.org\/{rel}","templated":true}]}}