{"id":3390,"date":"2022-03-29T09:53:09","date_gmt":"2022-03-29T09:53:09","guid":{"rendered":"https:\/\/prime-distributor.al\/?post_type=product&#038;p=3390"},"modified":"2026-04-24T07:06:45","modified_gmt":"2026-04-24T07:06:45","slug":"botanical-baby-rub-30g","status":"publish","type":"product","link":"https:\/\/prime-distributor.al\/en\/product\/botanical-baby-rub-30g\/","title":{"rendered":"Botanical Baby Rub &#8211; 30g"},"content":{"rendered":"<h2>Botanical Baby Rub &#8211; 30g<\/h2>\n<h3>Zgjidhje qet\u00ebsuese p\u00ebr frym\u00ebmarrje t\u00eb leht\u00eb<\/h3>\n<p>Colief Botanical Baby Rub \u00ebsht\u00eb nj\u00eb balsam qet\u00ebsues i krijuar me kujdes p\u00ebr t\u00eb voglin tuaj. K\u00ebnaquni me p\u00ebrb\u00ebr\u00ebsit e tij 100% natyral, q\u00eb p\u00ebrmbajn\u00eb nj\u00eb p\u00ebrzierje harmonike t\u00eb vajrave t\u00eb pish\u00ebs dhe livand\u00ebs, t\u00eb plot\u00ebsuar nga prekja ushqyese e vajrave t\u00eb bajames dhe kokosit p\u00ebr nj\u00eb formulim t\u00eb sigurt dhe t\u00eb but\u00eb p\u00ebr f\u00ebmij\u00ebn tuaj. Kur aplikohet n\u00eb l\u00ebkur\u00eb, nxeht\u00ebsia e trupit b\u00ebn q\u00eb balsami t\u00eb ngrohet, duke \u00e7liruar avujt thelb\u00ebsor\u00eb me efekte t\u00eb dobishme q\u00eb zgjasin p\u00ebr or\u00eb t\u00eb t\u00ebra.<\/p>\n<p>P\u00ebrjetoni qet\u00ebsin\u00eb me formulimin e tij t\u00eb sigurt dhe delikat, pa arom\u00eb artificiale, petroleum ose konservues. P\u00ebrqafoni komoditetin me formatin e tij stik, i projektuar p\u00ebr aplikim pa mundim direkt n\u00eb l\u00ebkur\u00ebn e foshnj\u00ebs suaj, pa asnj\u00eb rr\u00ebmuj\u00eb.<\/p>\n<p>I p\u00ebrkryer p\u00ebr dit\u00ebn ose nat\u00ebn, Colief Botanical Baby Rub \u00ebsht\u00eb i p\u00ebrshtatsh\u00ebm p\u00ebr foshnjat e mosh\u00ebs 3 muajsh e lart, duke ofruar nj\u00eb zgjidhje komode p\u00ebr hidratimin, qet\u00ebsimin dhe ushqyerjen e l\u00ebkur\u00ebs s\u00eb tyre delikate. Jepini p\u00ebrpar\u00ebsi mir\u00ebqenies s\u00eb foshnj\u00ebs suaj me k\u00ebt\u00eb balsam t\u00eb krijuar me kujdes, duke sjell\u00eb g\u00ebzim dhe qet\u00ebsi n\u00eb rutin\u00ebn tuaj t\u00eb p\u00ebrditshme.<\/p>\n<p><strong><em>Pse duhet t\u00eb p\u00ebrdorni Colief Botanical Baby Rub?<\/em><\/strong><\/p>\n<p><em><strong>100% p\u00ebrb\u00ebr\u00ebs natyral\u00a0<\/strong><\/em>\u2013 P\u00ebrmban nj\u00eb formulim unik t\u00eb p\u00ebrb\u00ebr\u00ebsve natyral me nj\u00eb arom\u00eb freskuese t\u00eb vajrave t\u00eb pish\u00ebs dhe livand\u00ebs. K\u00ebta p\u00ebrb\u00ebr\u00ebs jan\u00eb t\u00eb balancuar me vajrat e bajameve dhe kokosit p\u00ebr zbutjen e l\u00ebkur\u00ebs, duke ofruar veti hidratuese p\u00ebrmes nj\u00eb masazhi qet\u00ebsues dhe delikat<br \/>\n<b><i>I sigurt dhe delikat <\/i><\/b>\u2013 I but\u00eb p\u00ebr l\u00ebkur\u00ebn dhe mund t\u00eb masazhohet n\u00eb gjoks, stomak dhe shpin\u00eb t\u00eb foshnj\u00ebs p\u00ebr t\u00eb ndihmuar n\u00eb hidratimin, qet\u00ebsimin dhe rehatin\u00eb<br \/>\n<em><strong>Pa<\/strong> <\/em>\u2013 Aroma artificiale, petroleum ose konservues<br \/>\n<em><strong>Format i p\u00ebrshtatsh\u00ebm<\/strong><\/em> &#8211; Colief Botanical Baby Rub vjen n\u00eb nj\u00eb format t\u00eb p\u00ebrshtatsh\u00ebm stiku, i cili mund t\u00eb aplikohet drejtp\u00ebrdrejt n\u00eb l\u00ebkur\u00ebn e foshnj\u00ebs suaj<br \/>\n<strong><em>I p\u00ebrshtatsh\u00ebm nga 3+ muaj <\/em><\/strong>\u2013 I p\u00ebrshtatsh\u00ebm p\u00ebr dit\u00ebn ose nat\u00ebn, Colief Botanical Baby Rub mund t\u00eb p\u00ebrdoret nga 3+ muajsh.<\/p>\n<p>Gjithashtu vjen dhe n\u00eb form\u00eb cope ngjit\u00ebse p\u00ebr f\u00ebmij\u00ebt 3 vje\u00e7+ <a href=\"https:\/\/prime-distributor.al\/en\/product\/breathe-easy-patch-6-cope\/\">Shikojeni k\u00ebtu!<\/a><\/p>\n<h3>Si ta p\u00ebrdor?<\/h3>\n<p>Duke p\u00ebrdorur stikun me kujdes masazhoni but\u00ebsisht gjoksin dhe shpin\u00ebn p\u00ebr t\u00eb ndihmuar n\u00eb qet\u00ebsimin dhe rehatin\u00eb.<br \/>\nShmangni zonat q\u00eb f\u00ebmija juaj mund t\u00eb prek\u00eb.<br \/>\nP\u00ebrndryshe, f\u00ebrkojeni n\u00eb nj\u00eb pecet\u00eb ose shami. P\u00ebr t\u00eb eliminuar mund\u00ebsin\u00eb q\u00eb f\u00ebmij\u00ebt shum\u00eb t\u00eb vegj\u00ebl ta vendosin produktin n\u00eb syt\u00eb e tyre ose n\u00eb pjes\u00eb t\u00eb tjera t\u00eb trupit t\u00eb tyre, lecka duhet t\u00eb mbahet larg tyre.<\/p>\n<p>Rekomandohet nj\u00eb test patch para p\u00ebrdorimit.<\/p>\n<h3>P\u00ebrb\u00ebr\u00ebsit:<\/h3>\n<p>Vaji i livand\u00ebs, Vaji i pish\u00ebs, Vaji i bajames, Vaji i kokosit, Dylli i blet\u00ebs<\/p>\n<h3>Kujdes!<\/h3>\n<p>Ruani n\u00eb nj\u00eb vend t\u00eb fresk\u00ebt dhe t\u00eb that\u00eb n\u00ebn 25\u00b0C<\/p>\n<p>Kujdes: Ju lutemi lexoni k\u00ebto udh\u00ebzime p\u00ebrpara se t\u00eb p\u00ebrdorni produktin. Vet\u00ebm p\u00ebr p\u00ebrdorim t\u00eb jasht\u00ebm. Mos e aplikoni produktin n\u00eb l\u00ebkur\u00ebn rreth hund\u00ebs ose pran\u00eb vrimave t\u00eb hund\u00ebs. Mbajeni larg f\u00ebmij\u00ebve. Vendoseni p\u00eblhur\u00ebn ose pecet\u00ebn n\u00eb t\u00eb cil\u00ebn keni aplikuar produktin n\u00eb nj\u00eb distanc\u00eb t\u00eb p\u00ebrshtatshme nga f\u00ebmija. Mos e p\u00ebrdorni teK f\u00ebmij\u00ebt n\u00ebn 3 muajsh, astmatik\u00ebt ose personat me alergji ndaj vajrave esenciale. N\u00ebse ju ose f\u00ebmija juaj filloni t\u00eb p\u00ebrjetoni efekte an\u00ebsore, ndaloni p\u00ebrdorimin e produktit dhe kontaktoni menj\u00ebher\u00eb mjekun tuaj.<\/p>","protected":false},"excerpt":{"rendered":"<h3 style=\"text-align: left;\">Ftohje dhe me rruf\u00eb?<\/h3>\n<p>Colief Botanical Baby Rub \u00ebsht\u00eb nj\u00eb balsam qet\u00ebsues i krijuar me kujdes p\u00ebr t\u00eb voglin tuaj. K\u00ebnaquni me p\u00ebrb\u00ebr\u00ebsit e tij 100% natyral, q\u00eb p\u00ebrmbajn\u00eb nj\u00eb p\u00ebrzierje harmonike t\u00eb vajrave t\u00eb pish\u00ebs dhe livand\u00ebs.<\/p>","protected":false},"featured_media":12695,"template":"","meta":{"_acf_changed":false,"inline_featured_image":false},"product_brand":[],"product_cat":[36],"product_tag":[507],"class_list":{"0":"post-3390","1":"product","2":"type-product","3":"status-publish","4":"has-post-thumbnail","6":"product_cat-colief","7":"product_tag-colief","8":"wpisset-post","9":"wpisset-post-featured","10":"wpisset-woo-has-gallery","12":"first","13":"instock","14":"shipping-taxable","15":"purchasable","16":"product-type-simple"},"acf":[],"_links":{"self":[{"href":"https:\/\/prime-distributor.al\/en\/wp-json\/wp\/v2\/product\/3390","targetHints":{"allow":["GET"]}}],"collection":[{"href":"https:\/\/prime-distributor.al\/en\/wp-json\/wp\/v2\/product"}],"about":[{"href":"https:\/\/prime-distributor.al\/en\/wp-json\/wp\/v2\/types\/product"}],"wp:featuredmedia":[{"embeddable":true,"href":"https:\/\/prime-distributor.al\/en\/wp-json\/wp\/v2\/media\/12695"}],"wp:attachment":[{"href":"https:\/\/prime-distributor.al\/en\/wp-json\/wp\/v2\/media?parent=3390"}],"wp:term":[{"taxonomy":"product_brand","embeddable":true,"href":"https:\/\/prime-distributor.al\/en\/wp-json\/wp\/v2\/product_brand?post=3390"},{"taxonomy":"product_cat","embeddable":true,"href":"https:\/\/prime-distributor.al\/en\/wp-json\/wp\/v2\/product_cat?post=3390"},{"taxonomy":"product_tag","embeddable":true,"href":"https:\/\/prime-distributor.al\/en\/wp-json\/wp\/v2\/product_tag?post=3390"}],"curies":[{"name":"wp","href":"https:\/\/api.w.org\/{rel}","templated":true}]}}