{"id":3386,"date":"2022-03-29T09:53:09","date_gmt":"2022-03-29T09:53:09","guid":{"rendered":"https:\/\/prime-distributor.al\/?post_type=product&#038;p=3386"},"modified":"2026-04-24T10:50:41","modified_gmt":"2026-04-24T10:50:41","slug":"infant-drops-15ml","status":"publish","type":"product","link":"https:\/\/prime-distributor.al\/en\/product\/infant-drops-15ml\/","title":{"rendered":"Infant Drops &#8211; 15ml"},"content":{"rendered":"<h2>Colief Infant Drops &#8211; 15ml<\/h2>\n<h3>Zgjidhja e duhur p\u00ebr dhimbjet e barkut.<\/h3>\n<p>Dhimbja e barkut tek foshnjat mund t\u00eb ket\u00eb shum\u00eb shkaqe. N\u00eb disa raste, shkaktohet nga intoleranca e p\u00ebrkohshme e laktoz\u00ebs. Kjo ndodh kur foshnjat nuk jan\u00eb n\u00eb gjendje t\u00eb shp\u00ebrb\u00ebjn\u00eb plot\u00ebsisht laktoz\u00ebn, nj\u00eb sheqer kompleks n\u00eb qum\u00ebshtin e gjirit dhe formul\u00ebn e foshnjave. Kjo mund t\u00eb shkaktoj\u00eb siklet t\u00eb njohur zakonisht si dhimbje barku dhe t\u00eb karakterizuara nga periudha t\u00eb gjata t\u00eb t\u00eb qarit.<\/p>\n<p>Colief Infant Drops p\u00ebrmban enzim\u00eb laktaz\u00eb dhe mund t\u00eb p\u00ebrdoret sa her\u00eb q\u00eb ushqeni f\u00ebmij\u00ebn tuaj, qoft\u00eb me qum\u00ebsht gjiri ose me formul\u00eb. Rreth tre deri n\u00eb kat\u00ebr muaj, sistemi tret\u00ebs i foshnj\u00ebs do t\u00eb p\u00ebrballet m\u00eb mir\u00eb me laktoz\u00ebn dhe zakonisht simptomat do t\u00eb zhduken. Megjithat\u00eb, n\u00ebse simptomat vazhdojn\u00eb, ju mund t\u00eb vazhdoni t\u00eb p\u00ebrdorni Colief Infant Drops p\u00ebr aq koh\u00eb sa \u00ebsht\u00eb e nevojshme.<\/p>\n<p>I p\u00ebrshtatsh\u00ebm q\u00eb nga lindja<\/p>\n<p>A e dini q\u00eb vitamina D \u00ebsht\u00eb shum\u00eb e r\u00ebnd\u00ebsishme p\u00ebr bebet? <a href=\"https:\/\/nakedearth.al\/product\/colief-vitamin-d3-drops-20ml\/\">Shikojeni k\u00ebtu.<\/a><\/p>\n<h3>Si ta p\u00ebrdor?<\/h3>\n<h4>Ushqyerja me gji dhe Colief:<\/h4>\n<ul>\n<li>4 pika\u00a0<img decoding=\"async\" class=\"wp-image-328 alignnone\" src=\"https:\/\/colief.al\/wp-content\/uploads\/2021\/09\/drop.png\" alt=\"\" width=\"15\" height=\"18\" \/><img decoding=\"async\" class=\"size-full wp-image-328 alignnone\" src=\"https:\/\/colief.al\/wp-content\/uploads\/2021\/09\/drop.png\" alt=\"\" width=\"15\" height=\"18\" \/><img decoding=\"async\" class=\"size-full wp-image-328 alignnone\" src=\"https:\/\/colief.al\/wp-content\/uploads\/2021\/09\/drop.png\" alt=\"\" width=\"15\" height=\"18\" \/><img decoding=\"async\" class=\"size-full wp-image-328 alignnone\" src=\"https:\/\/colief.al\/wp-content\/uploads\/2021\/09\/drop.png\" alt=\"\" width=\"15\" height=\"18\" \/><\/li>\n<li>Shtoni disa lug\u00eb qum\u00ebsht gjiri n\u00eb nj\u00eb en\u00eb t\u00eb sterilizuar.<\/li>\n<li>Shtoni 4 pika Colief\u00a0Infant Drops.<\/li>\n<li>Jepini k\u00ebt\u00eb foshnj\u00ebs suaj n\u00eb nj\u00eb lug\u00eb t\u00eb sterilizuar p\u00ebrpara se t\u00eb filloni ushqyerjen me gji.<\/li>\n<li>Ushqeni me gji si normalisht.<\/li>\n<\/ul>\n<h4>P\u00ebrdorimi i Colief\u00a0me qum\u00ebsht formul\u00eb:<\/h4>\n<ul>\n<li>4 Pika\u00a0<img decoding=\"async\" class=\"size-full wp-image-328 alignnone\" src=\"https:\/\/colief.al\/wp-content\/uploads\/2021\/09\/drop.png\" alt=\"\" width=\"15\" height=\"18\" \/><img decoding=\"async\" class=\"size-full wp-image-328 alignnone\" src=\"https:\/\/colief.al\/wp-content\/uploads\/2021\/09\/drop.png\" alt=\"\" width=\"15\" height=\"18\" \/><img decoding=\"async\" class=\"size-full wp-image-328 alignnone\" src=\"https:\/\/colief.al\/wp-content\/uploads\/2021\/09\/drop.png\" alt=\"\" width=\"15\" height=\"18\" \/><img decoding=\"async\" class=\"size-full wp-image-328 alignnone\" src=\"https:\/\/colief.al\/wp-content\/uploads\/2021\/09\/drop.png\" alt=\"\" width=\"15\" height=\"18\" \/><\/li>\n<li>P\u00ebrgatitni formul\u00ebn e foshnj\u00ebs suaj sipas udh\u00ebzimeve t\u00eb prodhuesit.<\/li>\n<li>Shtoni 4 pika Colief\u00a0Infant Drops n\u00eb formul\u00ebn e ngroht\u00eb (jo t\u00eb nxeht\u00eb).<\/li>\n<li>Prisni 30 minuta, duke tundur formul\u00ebn her\u00eb pas here, m\u00eb pas ushqeni foshnj\u00ebn tuaj normalisht, duke u siguruar q\u00eb formula t\u00eb jet\u00eb n\u00eb temperatur\u00ebn e duhur.<\/li>\n<li>Hidhni \u00e7do formul\u00eb t\u00eb pap\u00ebrdorur.<\/li>\n<\/ul>\n<h4>P\u00ebrdorimi i Colief\u00a0me qum\u00ebsht formul\u00eb t\u00eb pregatitur paraprakisht:<\/h4>\n<ul>\n<li>2 Pika\u00a0<img decoding=\"async\" class=\"size-full wp-image-328 alignnone\" src=\"https:\/\/colief.al\/wp-content\/uploads\/2021\/09\/drop.png\" alt=\"\" width=\"15\" height=\"18\" \/><img decoding=\"async\" class=\"size-full wp-image-328 alignnone\" src=\"https:\/\/colief.al\/wp-content\/uploads\/2021\/09\/drop.png\" alt=\"\" width=\"15\" height=\"18\" \/><\/li>\n<li>P\u00ebrgatitni formul\u00ebn e foshnj\u00ebs suaj sipas udh\u00ebzimeve t\u00eb prodhuesit.<\/li>\n<li>Shtoni 2 pika pika Colief\u00a0Infant n\u00eb formul\u00ebn e ngroht\u00eb (jo t\u00eb nxeht\u00eb).<\/li>\n<li>Ruajeni n\u00eb frigorifer p\u00ebr t\u00eb pakt\u00ebn 4 or\u00eb para p\u00ebrdorimit dhe p\u00ebrdoreni brenda 12 or\u00ebve.<\/li>\n<li>Ushqeni foshnj\u00ebn tuaj si normalisht duke u siguruar q\u00eb formula t\u00eb jet\u00eb n\u00eb temperatur\u00ebn e duhur.<\/li>\n<li>Hidhni \u00e7do formul\u00eb t\u00eb pap\u00ebrdorur.<\/li>\n<\/ul>\n<h4>P\u00ebrdorimi i Colief\u00a0me formul\u00eb t\u00eb gatshme(ready-made):<\/h4>\n<ul>\n<li>4 Pika\u00a0<img decoding=\"async\" class=\"size-full wp-image-328 alignnone\" src=\"https:\/\/colief.al\/wp-content\/uploads\/2021\/09\/drop.png\" alt=\"\" width=\"15\" height=\"18\" \/><img decoding=\"async\" class=\"size-full wp-image-328 alignnone\" src=\"https:\/\/colief.al\/wp-content\/uploads\/2021\/09\/drop.png\" alt=\"\" width=\"15\" height=\"18\" \/><img decoding=\"async\" class=\"size-full wp-image-328 alignnone\" src=\"https:\/\/colief.al\/wp-content\/uploads\/2021\/09\/drop.png\" alt=\"\" width=\"15\" height=\"18\" \/><img decoding=\"async\" class=\"size-full wp-image-328 alignnone\" src=\"https:\/\/colief.al\/wp-content\/uploads\/2021\/09\/drop.png\" alt=\"\" width=\"15\" height=\"18\" \/><\/li>\n<li>Ngrohni formul\u00ebn.<\/li>\n<li>Shtoni 4 pika Colief\u00a0Infant Drops n\u00eb formul\u00ebn e ngroht\u00eb (jo t\u00eb nxeht\u00eb).<\/li>\n<li>Prisni 30 minuta, duke tundur formul\u00ebn her\u00eb pas here, m\u00eb pas ushqeni foshnj\u00ebn tuaj normalisht, duke u siguruar q\u00eb formula t\u00eb jet\u00eb n\u00eb temperatur\u00ebn e duhur.<\/li>\n<li>Hidhni \u00e7do formul\u00eb t\u00eb pap\u00ebrdorur.<\/li>\n<\/ul>\n<h4>D\u00ebshironi disa k\u00ebshilla?<\/h4>\n<p>1. Edhe pse \u00ebsht\u00eb shqet\u00ebsuese, gj\u00ebja m\u00eb e r\u00ebnd\u00ebsishme q\u00eb duhet mbajtur mend n\u00ebse foshnja juaj \u00ebsht\u00eb prekur nga dhimbja e barkut \u00ebsht\u00eb t\u00eb q\u00ebndroni t\u00eb qet\u00eb.<\/p>\n<p>2. Prezantoni nj\u00eb rutin\u00eb qet\u00ebsuese rreth koh\u00ebs s\u00eb dit\u00ebs kur dhimbja e barkut e foshnj\u00ebs tuaj \u00ebsht\u00eb zakonisht n\u00eb gjendjen m\u00eb t\u00eb keqe, q\u00eb \u00ebsht\u00eb zakonisht n\u00eb mbr\u00ebmje.<\/p>\n<p>3. Mbani nj\u00eb regjist\u00ebr t\u00eb rasteve kur dhimbjet e barkut t\u00eb foshnj\u00ebs tuaj jan\u00eb n\u00eb gjendjen m\u00eb t\u00eb keqe \u2013 mund t\u00eb jeni n\u00eb gjendje t\u00eb gjeni ndonj\u00eb shkaktar, duke ju lejuar t\u00eb kuptoni m\u00eb mir\u00eb se si t\u00eb leht\u00ebsoni simptomat.<\/p>\n<p>4. Pavar\u00ebsisht natyr\u00ebs karakteristike t\u00eb t\u00eb qarit, mund t\u00eb jet\u00eb e mundur t\u00eb reduktohen simptomat e dhimbjes s\u00eb barkut duke provuar teknika t\u00eb ndryshme qet\u00ebsuese, pasi disa foshnje mund t\u2019i p\u00ebrgjigjen m\u00eb mir\u00eb disa teknikave sesa foshnja t\u00eb tjera. Ju mund t\u00eb gjeni t\u00eb dobishme disa nga informacionet m\u00eb posht\u00eb si:<\/p>\n<p>Mbajtja e foshnj\u00ebs gjat\u00eb koh\u00ebs s\u00eb t\u00eb qarit<br \/>\nMbajtja e f\u00ebmij\u00ebs pran\u00eb jush<br \/>\nL\u00ebvizje t\u00eb buta, t\u00eb tilla si l\u00ebvizjet e bi\u00e7iklet\u00ebs, nj\u00eb xhiro me karroc\u00eb ose l\u00ebvizja me makin\u00eb<br \/>\nZhurma n\u00eb sfond: fshesa me korrent, thar\u00ebse flok\u00ebsh ose lavatri\u00e7e<br \/>\nZhurma t\u00eb bardha<br \/>\nNj\u00eb banj\u00eb e ngroht\u00eb<br \/>\nMasazh p\u00ebr bebe<\/p>\n<h4>P\u00ebrb\u00ebr\u00ebsit:<\/h4>\n<p>Glicerina, Enzima ujore e laktaz\u00ebs.<br \/>\nAlergjen\u00ebt e sh\u00ebnuar me shkronja t\u00eb zeza.<\/p>\n<p>Enzima e laktaz\u00ebs (Kluyveromyces lactis) 4500 FCC NLU\/g.<\/p>\n<h4>Kujdes!<\/h4>\n<p>Ndiqni gjithmon\u00eb me kujdes udh\u00ebzimet e prodhuesit kur p\u00ebrgatisni qum\u00ebsht formul\u00eb. Colief \u00ebsht\u00eb nj\u00eb enzim\u00eb dhe shkat\u00ebrrohet nga nxeht\u00ebsia. Colief funksionon m\u00eb mir\u00eb n\u00eb qum\u00ebshtin me temperatur\u00ebn e ngroht\u00eb t\u00eb trupit. Mos shtoni Colief n\u00eb qum\u00ebsht q\u00eb \u00ebsht\u00eb shum\u00eb i nxeht\u00eb ose shum\u00eb i ftoht\u00eb. Shtoni pikat n\u00eb qum\u00ebshtin e foshnj\u00ebs suaj, mos ia jepni pikat drejtp\u00ebrdrejt f\u00ebmij\u00ebs suaj.<\/p>\n<p>Mos e tejkaloni doz\u00ebn e rekomanduar ditore. Suplementet ushqimore nuk duhet t\u00eb p\u00ebrdoren si z\u00ebvend\u00ebsim p\u00ebr nj\u00eb diet\u00eb t\u00eb larmishme.<\/p>\n<p>Ju lutemi ruajeni n\u00ebn 25 grad\u00eb celsius dhe n\u00eb pozicion vertikal. Pasi t\u00eb hapet, vendoseni n\u00eb frigorifer kur \u00ebsht\u00eb e mundur dhe hidheni pas 3 muajsh. Mbajeni jasht\u00eb mund\u00ebsive t\u00eb kapjes nga f\u00ebmij\u00ebt. Mos e p\u00ebrdorni pas dat\u00ebs t\u00eb skadenc\u00ebs t\u00eb sh\u00ebnuar n\u00eb paketim.<\/p>","protected":false},"excerpt":{"rendered":"<h2>Ndihm\u00eb p\u00ebr dhimbjet e barkut?<\/h2>\n<p>Dhimbja e barkut tek foshnjat mund t\u00eb ket\u00eb shum\u00eb shkaqe. N\u00eb disa raste, shkaktohet nga intoleranca e p\u00ebrkohshme e laktoz\u00ebs. T\u00eb p\u00ebrshtatshme q\u00eb nga lindja, Colief Infant Drops jan\u00eb krejt\u00ebsisht natyrale dhe ndihmojn\u00eb n\u00eb zb\u00ebrthimin e laktoz\u00ebs n\u00eb sheqerna m\u00eb t\u00eb thjeshta, glukoz\u00eb dhe galaktoz\u00eb.<\/p>\n<p>&nbsp;<\/p>","protected":false},"featured_media":14488,"template":"","meta":{"_acf_changed":false,"inline_featured_image":false},"product_brand":[],"product_cat":[36],"product_tag":[507],"class_list":{"0":"post-3386","1":"product","2":"type-product","3":"status-publish","4":"has-post-thumbnail","6":"product_cat-colief","7":"product_tag-colief","8":"wpisset-post","9":"wpisset-post-featured","10":"wpisset-woo-has-gallery","12":"first","13":"instock","14":"shipping-taxable","15":"purchasable","16":"product-type-simple"},"acf":[],"_links":{"self":[{"href":"https:\/\/prime-distributor.al\/en\/wp-json\/wp\/v2\/product\/3386","targetHints":{"allow":["GET"]}}],"collection":[{"href":"https:\/\/prime-distributor.al\/en\/wp-json\/wp\/v2\/product"}],"about":[{"href":"https:\/\/prime-distributor.al\/en\/wp-json\/wp\/v2\/types\/product"}],"wp:featuredmedia":[{"embeddable":true,"href":"https:\/\/prime-distributor.al\/en\/wp-json\/wp\/v2\/media\/14488"}],"wp:attachment":[{"href":"https:\/\/prime-distributor.al\/en\/wp-json\/wp\/v2\/media?parent=3386"}],"wp:term":[{"taxonomy":"product_brand","embeddable":true,"href":"https:\/\/prime-distributor.al\/en\/wp-json\/wp\/v2\/product_brand?post=3386"},{"taxonomy":"product_cat","embeddable":true,"href":"https:\/\/prime-distributor.al\/en\/wp-json\/wp\/v2\/product_cat?post=3386"},{"taxonomy":"product_tag","embeddable":true,"href":"https:\/\/prime-distributor.al\/en\/wp-json\/wp\/v2\/product_tag?post=3386"}],"curies":[{"name":"wp","href":"https:\/\/api.w.org\/{rel}","templated":true}]}}