{"id":3290,"date":"2022-03-29T09:52:19","date_gmt":"2022-03-29T09:52:19","guid":{"rendered":"https:\/\/prime-distributor.al\/?post_type=product&#038;p=3290"},"modified":"2026-04-21T09:42:10","modified_gmt":"2026-04-21T09:42:10","slug":"electric-nail-trimer","status":"publish","type":"product","link":"https:\/\/prime-distributor.al\/en\/product\/electric-nail-trimer\/","title":{"rendered":"Electric Nail Trimer"},"content":{"rendered":"<h2>bbl\u00fcv &#8211; Electric Nail Trimer<\/h2>\n<p class=\"tw-data-text tw-text-large tw-ta\" dir=\"ltr\" data-placeholder=\"Translation\"><span class=\"Y2IQFc\" lang=\"sq\">Mos u shqet\u00ebsoni m\u00eb p\u00ebr prerjen e gishtave t\u00eb vegj\u00ebl me Tr\u00efmo! Ky mjet i sigurt dhe i but\u00eb p\u00ebr prerjen e thonj\u00ebve ju ndihmon t\u00eb prisni thonjt\u00eb e ndjesh\u00ebm t\u00eb foshnj\u00ebs pa dhimbje. Jini t\u00eb sigurt se disqet e buta do t&#8217;i gudulisin vet\u00ebm gishtat, duke e b\u00ebr\u00eb p\u00ebrvoj\u00ebn t\u00eb qet\u00eb dhe pa mundim.<\/span><\/p>\n<ul>\n<li id=\"tw-target-text\" class=\"tw-data-text tw-text-large tw-ta\" data-placeholder=\"Translation\"><span class=\"Y2IQFc\" lang=\"sq\">Jasht\u00ebzakonisht i qet\u00eb<\/span><\/li>\n<li class=\"tw-data-text tw-text-large tw-ta\" data-placeholder=\"Translation\"><span class=\"Y2IQFc\" lang=\"sq\">Baz\u00eb kund\u00ebr rr\u00ebshqitjes<\/span><\/li>\n<li class=\"tw-data-text tw-text-large tw-ta\" data-placeholder=\"Translation\"><span class=\"Y2IQFc\" lang=\"sq\">2 nivele shpejt\u00ebsie<\/span><\/li>\n<li class=\"tw-data-text tw-text-large tw-ta\" data-placeholder=\"Translation\"><span class=\"Y2IQFc\" lang=\"sq\">P\u00ebrfshin 4 disqe t\u00eb z\u00ebvend\u00ebsuesh\u00ebm, nj\u00eb p\u00ebr \u00e7do faz\u00eb<\/span><\/li>\n<li class=\"tw-data-text tw-text-large tw-ta\" data-placeholder=\"Translation\"><span class=\"Y2IQFc\" lang=\"sq\">Disqet shtes\u00eb n\u00eb dispozicion (shiten ve\u00e7mas)<\/span><\/li>\n<li class=\"tw-data-text tw-text-large tw-ta\" data-placeholder=\"Translation\"><span class=\"Y2IQFc\" lang=\"sq\">P\u00ebrfshin nj\u00eb kase per ruajtje dhe 1 aksesor mbajt\u00ebs<\/span><\/li>\n<li class=\"tw-data-text tw-text-large tw-ta\" data-placeholder=\"Translation\"><span class=\"Y2IQFc\" lang=\"sq\">K\u00ebrkon 1 bateri AA (nuk p\u00ebrfshihet)<\/span><\/li>\n<li class=\"tw-data-text tw-text-large tw-ta\" data-placeholder=\"Translation\"><span class=\"Y2IQFc\" lang=\"sq\">P\u00ebrmasat: 12 cm x 4.8 cm x 3.3 cm<\/span><\/li>\n<\/ul>","protected":false},"excerpt":{"rendered":"<h2>Trim\u00f6<\/h2>\n<p><span class=\"Y2IQFc\" lang=\"sq\">Ky mjet i sigurt p\u00ebr prerjen e thonj\u00ebve ju ndihmon t\u00eb prisni thonjt\u00eb e ndjesh\u00ebm t\u00eb foshnj\u00ebs pa dhimbje.<\/span><\/p>","protected":false},"featured_media":4199,"template":"","meta":{"_acf_changed":false,"inline_featured_image":false},"product_brand":[],"product_cat":[34],"product_tag":[535,548],"class_list":{"0":"post-3290","1":"product","2":"type-product","3":"status-publish","4":"has-post-thumbnail","6":"product_cat-bbluv","7":"product_tag-bbluv","8":"product_tag-trimo","9":"wpisset-post","10":"wpisset-post-featured","11":"wpisset-woo-has-gallery","13":"first","14":"instock","15":"shipping-taxable","16":"purchasable","17":"product-type-simple"},"acf":[],"_links":{"self":[{"href":"https:\/\/prime-distributor.al\/en\/wp-json\/wp\/v2\/product\/3290","targetHints":{"allow":["GET"]}}],"collection":[{"href":"https:\/\/prime-distributor.al\/en\/wp-json\/wp\/v2\/product"}],"about":[{"href":"https:\/\/prime-distributor.al\/en\/wp-json\/wp\/v2\/types\/product"}],"wp:featuredmedia":[{"embeddable":true,"href":"https:\/\/prime-distributor.al\/en\/wp-json\/wp\/v2\/media\/4199"}],"wp:attachment":[{"href":"https:\/\/prime-distributor.al\/en\/wp-json\/wp\/v2\/media?parent=3290"}],"wp:term":[{"taxonomy":"product_brand","embeddable":true,"href":"https:\/\/prime-distributor.al\/en\/wp-json\/wp\/v2\/product_brand?post=3290"},{"taxonomy":"product_cat","embeddable":true,"href":"https:\/\/prime-distributor.al\/en\/wp-json\/wp\/v2\/product_cat?post=3290"},{"taxonomy":"product_tag","embeddable":true,"href":"https:\/\/prime-distributor.al\/en\/wp-json\/wp\/v2\/product_tag?post=3290"}],"curies":[{"name":"wp","href":"https:\/\/api.w.org\/{rel}","templated":true}]}}