{"id":2870,"date":"2022-03-29T09:48:55","date_gmt":"2022-03-29T09:48:55","guid":{"rendered":"https:\/\/prime-distributor.al\/?post_type=product&#038;p=2870"},"modified":"2026-02-06T13:00:00","modified_gmt":"2026-02-06T13:00:00","slug":"baby-monitor-videocamera-wifi","status":"publish","type":"product","link":"https:\/\/prime-distributor.al\/en\/product\/baby-monitor-videocamera-wifi\/","title":{"rendered":"Baby Monitor Videocamera WIFI"},"content":{"rendered":"<h2>bbl\u00fcv &#8211; Baby Monitor Videocamera WIFI<\/h2>\n<ul>\n<li>Lidhje WiFi me aplikacion n\u00eb celular<\/li>\n<li>N\u00eb p\u00ebrputhje vet\u00ebm me rrjetet 2.4Ghz<\/li>\n<li>HD 1080p me vizion infra t\u00eb kuq<\/li>\n<li>Baza fleksib\u00ebl p\u00ebr opsionet me shum\u00eb mb\u00ebshtetje<\/li>\n<li>Detektor i l\u00ebvizjes dhe z\u00ebrit<\/li>\n<li>Kamera t\u00eb shumta mund t\u00eb lidhen me aplikacionin (shiten ve\u00e7mas)<\/li>\n<li>Lidhet me aplikacionin n\u00eb App Store dhe Google Play<\/li>\n<\/ul>","protected":false},"excerpt":{"rendered":"<h2>Viy\u00fc<\/h2>\n<p>Fal\u00eb dizajnit t\u00eb tij inovator dhe aplikacionit t\u00eb leht\u00eb p\u00ebr t\u2019u p\u00ebrdorur n\u00ebp\u00ebrmjet celularit, Viy\u00fc ve\u00e7ohet si nj\u00eb monitor i dobish\u00ebm dhe kompakt i foshnjave q\u00eb funksionon n\u00ebp\u00ebrmjet nj\u00eb lidhjeje interneti 2.4 Ghz.<\/p>","protected":false},"featured_media":4177,"template":"","meta":{"_acf_changed":false,"inline_featured_image":false},"product_brand":[],"product_cat":[34],"product_tag":[535],"class_list":{"0":"post-2870","1":"product","2":"type-product","3":"status-publish","4":"has-post-thumbnail","6":"product_cat-bbluv","7":"product_tag-bbluv","8":"wpisset-post","9":"wpisset-post-featured","10":"wpisset-woo-has-gallery","12":"first","13":"instock","14":"shipping-taxable","15":"purchasable","16":"product-type-simple"},"acf":[],"_links":{"self":[{"href":"https:\/\/prime-distributor.al\/en\/wp-json\/wp\/v2\/product\/2870","targetHints":{"allow":["GET"]}}],"collection":[{"href":"https:\/\/prime-distributor.al\/en\/wp-json\/wp\/v2\/product"}],"about":[{"href":"https:\/\/prime-distributor.al\/en\/wp-json\/wp\/v2\/types\/product"}],"wp:featuredmedia":[{"embeddable":true,"href":"https:\/\/prime-distributor.al\/en\/wp-json\/wp\/v2\/media\/4177"}],"wp:attachment":[{"href":"https:\/\/prime-distributor.al\/en\/wp-json\/wp\/v2\/media?parent=2870"}],"wp:term":[{"taxonomy":"product_brand","embeddable":true,"href":"https:\/\/prime-distributor.al\/en\/wp-json\/wp\/v2\/product_brand?post=2870"},{"taxonomy":"product_cat","embeddable":true,"href":"https:\/\/prime-distributor.al\/en\/wp-json\/wp\/v2\/product_cat?post=2870"},{"taxonomy":"product_tag","embeddable":true,"href":"https:\/\/prime-distributor.al\/en\/wp-json\/wp\/v2\/product_tag?post=2870"}],"curies":[{"name":"wp","href":"https:\/\/api.w.org\/{rel}","templated":true}]}}