{"id":2869,"date":"2022-03-29T09:48:55","date_gmt":"2022-03-29T09:48:55","guid":{"rendered":"https:\/\/prime-distributor.al\/?post_type=product&#038;p=2869"},"modified":"2026-04-28T06:53:20","modified_gmt":"2026-04-28T06:53:20","slug":"videocamera-monitor-hd","status":"publish","type":"product","link":"https:\/\/prime-distributor.al\/en\/product\/videocamera-monitor-hd\/","title":{"rendered":"Videocamera &amp; Monitor HD"},"content":{"rendered":"<h2>bbl\u00fcv &#8211; Videocamera &amp; Monitor HD<\/h2>\n<p>Me tingull t\u00eb aktivizuar me l\u00ebvizje t\u00eb mpreht\u00eb, C\u00e4m jep imazhe me cil\u00ebsi HD gjat\u00eb dit\u00ebs dhe vizion me rreze infra t\u00eb kuqe gjat\u00eb nat\u00ebs. C\u00e4m gjithashtu p\u00ebrmban komunikim t\u00eb dyansh\u00ebm dhe funksionet e l\u00ebvizjes, animit dhe zmadhimit. Mund t\u00eb zgjerohet n\u00eb nj\u00eb dhom\u00eb tjet\u00ebr me nj\u00eb aparat shtes\u00eb (shitet ve\u00e7mas).<\/p>\n<ul>\n<li>Ekran me ngjyra dhe vizion nate me rreze infra t\u00eb kuqe<\/li>\n<li>Ekran i ndar\u00eb krah p\u00ebr krah<\/li>\n<li>Kamera me l\u00ebvizje, anim, zmadhim, ndri\u00e7im dhe kontroll volumi<\/li>\n<li>Bateri t\u00eb karikueshme<\/li>\n<li>Sensor temperature<\/li>\n<li>Gama e anten\u00ebs (siperfaqja e mbulimit) : 300 m<\/li>\n<li>Aksesor\u00eb shtes\u00eb p\u00ebr montimin n\u00eb mur<\/li>\n<li>P\u00ebrmasat e monitorit : 12.4 cm x 8.8 cm x 1.2 cm<\/li>\n<li>P\u00ebrmasat e kamer\u00ebs : 6.35 cm x 6.35 cm x 13.4 cm<\/li>\n<\/ul>","protected":false},"excerpt":{"rendered":"<h2>C\u00e4m<\/h2>\n<p>Nj\u00eb monitor i plot\u00eb dhe i q\u00ebndruesh\u00ebm p\u00ebr t\u00eb sjell\u00eb paqen e mendjes tek prind\u00ebrit e rinj. Tani mund t\u00eb v\u00ebzhgoni dashurin\u00eb tuaj t\u00eb \u00e7muar dit\u00eb e nat\u00eb, pa pasur nevoj\u00eb t\u00eb ecni n\u00eb dhom\u00eb dhe zgjoni p\u00ebr t&#8217;i kontrolluar.<\/p>","protected":false},"featured_media":4194,"template":"","meta":{"_acf_changed":false,"inline_featured_image":false},"product_brand":[],"product_cat":[34],"product_tag":[535],"class_list":{"0":"post-2869","1":"product","2":"type-product","3":"status-publish","4":"has-post-thumbnail","6":"product_cat-bbluv","7":"product_tag-bbluv","8":"wpisset-post","9":"wpisset-post-featured","10":"wpisset-woo-has-gallery","12":"first","13":"instock","14":"shipping-taxable","15":"purchasable","16":"product-type-simple"},"acf":[],"_links":{"self":[{"href":"https:\/\/prime-distributor.al\/en\/wp-json\/wp\/v2\/product\/2869","targetHints":{"allow":["GET"]}}],"collection":[{"href":"https:\/\/prime-distributor.al\/en\/wp-json\/wp\/v2\/product"}],"about":[{"href":"https:\/\/prime-distributor.al\/en\/wp-json\/wp\/v2\/types\/product"}],"wp:featuredmedia":[{"embeddable":true,"href":"https:\/\/prime-distributor.al\/en\/wp-json\/wp\/v2\/media\/4194"}],"wp:attachment":[{"href":"https:\/\/prime-distributor.al\/en\/wp-json\/wp\/v2\/media?parent=2869"}],"wp:term":[{"taxonomy":"product_brand","embeddable":true,"href":"https:\/\/prime-distributor.al\/en\/wp-json\/wp\/v2\/product_brand?post=2869"},{"taxonomy":"product_cat","embeddable":true,"href":"https:\/\/prime-distributor.al\/en\/wp-json\/wp\/v2\/product_cat?post=2869"},{"taxonomy":"product_tag","embeddable":true,"href":"https:\/\/prime-distributor.al\/en\/wp-json\/wp\/v2\/product_tag?post=2869"}],"curies":[{"name":"wp","href":"https:\/\/api.w.org\/{rel}","templated":true}]}}