{"id":2866,"date":"2022-03-29T09:48:55","date_gmt":"2022-03-29T09:48:55","guid":{"rendered":"https:\/\/prime-distributor.al\/?post_type=product&#038;p=2866"},"modified":"2026-04-16T10:37:18","modified_gmt":"2026-04-16T10:37:18","slug":"thermos-food-jar-300g","status":"publish","type":"product","link":"https:\/\/prime-distributor.al\/en\/product\/thermos-food-jar-300g\/","title":{"rendered":"Thermos Food Jar 300g"},"content":{"rendered":"<h2>bbl\u00fcv &#8211; Thermos Food Jar 300g<\/h2>\n<ul>\n<li>Mban ushqimin n\u00eb nj\u00eb temperatur\u00eb t\u00eb nxeht\u00eb (6 or\u00eb) ose t\u00eb ftoht\u00eb (8 or\u00eb)<\/li>\n<li>E b\u00ebr\u00eb nga \u00e7eliku inox i i grad\u00ebs ushqimore 18\/8 (\u00e7eliku 304)<\/li>\n<li>I pap\u00ebrshkuesh\u00ebm nga uji<\/li>\n<li>Kapaku ka funksion t\u00eb dyfisht\u00eb si tas ose got\u00eb p\u00ebr pije<\/li>\n<li>Lug\u00eb e palosshme e pozicionuar n\u00ebn kapak<\/li>\n<li>Leht\u00eb p\u00ebr t&#8217;u pastruar, e q\u00ebndrueshme dhe rezistente ndaj njollave<\/li>\n<li>Kapaciteti prej 300 ml<\/li>\n<li>Pa BPA dhe pa ftalate<\/li>\n<li>P\u00ebrmasa: 8.8 cm x 13.8 cm<\/li>\n<\/ul>","protected":false},"excerpt":{"rendered":"<h2>Fo\u00f6d<\/h2>\n<p>Me izolim prej \u00e7eliku inoks me dy shtresa, Fo\u00f6d \u00ebsht\u00eb aksesori ideal p\u00ebr t\u00eb mbajtur \u00e7do vakt t\u00eb nxeht\u00eb ose t\u00eb ftoht\u00eb, pa asnj\u00eb rrezik rrjedhjeje. Ai p\u00ebrshtatet kudo dhe \u00ebsht\u00eb i p\u00ebrsosur p\u00ebr udh\u00ebtime.<\/p>","protected":false},"featured_media":4156,"template":"","meta":{"_acf_changed":false,"inline_featured_image":false},"product_brand":[],"product_cat":[34],"product_tag":[535],"class_list":{"0":"post-2866","1":"product","2":"type-product","3":"status-publish","4":"has-post-thumbnail","6":"product_cat-bbluv","7":"product_tag-bbluv","8":"wpisset-post","9":"wpisset-post-featured","10":"wpisset-woo-has-gallery","12":"first","13":"instock","14":"shipping-taxable","15":"purchasable","16":"product-type-variable"},"acf":[],"_links":{"self":[{"href":"https:\/\/prime-distributor.al\/en\/wp-json\/wp\/v2\/product\/2866","targetHints":{"allow":["GET"]}}],"collection":[{"href":"https:\/\/prime-distributor.al\/en\/wp-json\/wp\/v2\/product"}],"about":[{"href":"https:\/\/prime-distributor.al\/en\/wp-json\/wp\/v2\/types\/product"}],"wp:featuredmedia":[{"embeddable":true,"href":"https:\/\/prime-distributor.al\/en\/wp-json\/wp\/v2\/media\/4156"}],"wp:attachment":[{"href":"https:\/\/prime-distributor.al\/en\/wp-json\/wp\/v2\/media?parent=2866"}],"wp:term":[{"taxonomy":"product_brand","embeddable":true,"href":"https:\/\/prime-distributor.al\/en\/wp-json\/wp\/v2\/product_brand?post=2866"},{"taxonomy":"product_cat","embeddable":true,"href":"https:\/\/prime-distributor.al\/en\/wp-json\/wp\/v2\/product_cat?post=2866"},{"taxonomy":"product_tag","embeddable":true,"href":"https:\/\/prime-distributor.al\/en\/wp-json\/wp\/v2\/product_tag?post=2866"}],"curies":[{"name":"wp","href":"https:\/\/api.w.org\/{rel}","templated":true}]}}