{"id":2865,"date":"2022-03-29T09:48:54","date_gmt":"2022-03-29T09:48:54","guid":{"rendered":"https:\/\/prime-distributor.al\/?post_type=product&#038;p=2865"},"modified":"2026-04-09T12:48:19","modified_gmt":"2026-04-09T12:48:19","slug":"4-in-1-uv-sterilizer","status":"publish","type":"product","link":"https:\/\/prime-distributor.al\/en\/product\/4-in-1-uv-sterilizer\/","title":{"rendered":"4 in 1 UV Sterilizer"},"content":{"rendered":"<h2>bbl\u00fcv &#8211; 4 in 1 UV Sterilizer<\/h2>\n<p>Sterilizuesi i provuar klinikisht \u00ebsht\u00eb mund\u00ebsuar nga e nj\u00ebjta teknologji efikase e p\u00ebrdorur n\u00eb zyrat e dentist\u00ebve duke e b\u00ebr\u00eb at\u00eb, opsionin ideal dhe m\u00eb t\u00eb sigurt\u00eb. I vog\u00ebl, i leht\u00eb dhe kompakt, \u00ebsht\u00eb i p\u00ebrsosur p\u00ebr sterilizim n\u00eb l\u00ebvizje!<\/p>\n<ul>\n<li>Vret 99.9% t\u00eb mikrobeve<\/li>\n<li>I sigurt dhe higjienik<\/li>\n<li>Sterilizim i shpejt\u00eb (3 min.)<\/li>\n<li>Leht\u00eb p\u00ebr t&#8217;u p\u00ebrdorur<\/li>\n<li>Moshat 0+<\/li>\n<li class=\"tw-data-text tw-text-large tw-ta\" data-placeholder=\"Translation\"><span class=\"Y2IQFc\" lang=\"sq\">P\u00ebrmasat: 8.1 cm x 8.1 cm x 9.1 cm<\/span><\/li>\n<\/ul>","protected":false},"excerpt":{"rendered":"<h2>\u00dcvi<\/h2>\n<p>Sterilizon me siguri \u00e7u\u00e7ot, biberonat, thithkat e shisheve, gryk\u00ebn e got\u00ebs dhe kokat e fur\u00e7ave t\u00eb dh\u00ebmb\u00ebve duke p\u00ebrdorur sterilizim ultra t\u00eb leht\u00eb dhe pa p\u00ebrdorimin e kimikateve t\u00eb d\u00ebmshme.<\/p>","protected":false},"featured_media":4235,"template":"","meta":{"_acf_changed":false,"inline_featured_image":false},"product_brand":[],"product_cat":[34],"product_tag":[535],"class_list":{"0":"post-2865","1":"product","2":"type-product","3":"status-publish","4":"has-post-thumbnail","6":"product_cat-bbluv","7":"product_tag-bbluv","8":"wpisset-post","9":"wpisset-post-featured","10":"wpisset-woo-has-gallery","12":"first","13":"instock","14":"shipping-taxable","15":"purchasable","16":"product-type-simple"},"acf":[],"_links":{"self":[{"href":"https:\/\/prime-distributor.al\/en\/wp-json\/wp\/v2\/product\/2865","targetHints":{"allow":["GET"]}}],"collection":[{"href":"https:\/\/prime-distributor.al\/en\/wp-json\/wp\/v2\/product"}],"about":[{"href":"https:\/\/prime-distributor.al\/en\/wp-json\/wp\/v2\/types\/product"}],"wp:featuredmedia":[{"embeddable":true,"href":"https:\/\/prime-distributor.al\/en\/wp-json\/wp\/v2\/media\/4235"}],"wp:attachment":[{"href":"https:\/\/prime-distributor.al\/en\/wp-json\/wp\/v2\/media?parent=2865"}],"wp:term":[{"taxonomy":"product_brand","embeddable":true,"href":"https:\/\/prime-distributor.al\/en\/wp-json\/wp\/v2\/product_brand?post=2865"},{"taxonomy":"product_cat","embeddable":true,"href":"https:\/\/prime-distributor.al\/en\/wp-json\/wp\/v2\/product_cat?post=2865"},{"taxonomy":"product_tag","embeddable":true,"href":"https:\/\/prime-distributor.al\/en\/wp-json\/wp\/v2\/product_tag?post=2865"}],"curies":[{"name":"wp","href":"https:\/\/api.w.org\/{rel}","templated":true}]}}