{"id":2834,"date":"2022-03-29T09:48:34","date_gmt":"2022-03-29T09:48:34","guid":{"rendered":"https:\/\/prime-distributor.al\/?post_type=product&#038;p=2834"},"modified":"2026-04-27T14:16:08","modified_gmt":"2026-04-27T14:16:08","slug":"foldable-baby-step-stool","status":"publish","type":"product","link":"https:\/\/prime-distributor.al\/en\/product\/foldable-baby-step-stool\/","title":{"rendered":"Foldable Baby Step Stool"},"content":{"rendered":"<h2>bbl\u00fcv &#8211; Foldable Baby Step Stool<\/h2>\n<p>St\u00ebp ndihmon f\u00ebmij\u00ebt e vegj\u00ebl n\u00eb arritjen e zonave q\u00eb jan\u00eb akoma pak t\u00eb larta p\u00ebr to.\u00a0Pavar\u00ebsisht n\u00ebse p\u00ebrdoret gjat\u00eb larjes s\u00eb dh\u00ebmb\u00ebve, larjes s\u00eb duarve apo edhe ndihm\u00ebs n\u00eb kuzhin\u00eb, St\u00ebp \u00ebsht\u00eb nj\u00eb produkt i dobish\u00ebm n\u00eb p\u00ebrditshm\u00ebri, q\u00eb gjithashtu mund t\u00eb paloset dhe t\u00eb ruhet midis p\u00ebrdorimeve.<\/p>\n<ul>\n<li>Praktik dhe i leht\u00eb p\u00ebr t&#8217;u transportuar<\/li>\n<li>Dizajn i q\u00ebndruesh\u00ebm p\u00ebr mb\u00ebshtetje t\u00eb fort\u00eb dhe t\u00eb sigurt (deri 113 kg)<\/li>\n<li>I palossh\u00ebm dhe kompakt<\/li>\n<li>Dizajn arg\u00ebtues<\/li>\n<li>P\u00ebrmasat: 23.9 cm x 19 cm x 18.5 cm<\/li>\n<\/ul>","protected":false},"excerpt":{"rendered":"<h2>St\u00ebp<\/h2>\n<p>Ndihmojeni vog\u00eblushin tuaj t\u00eb ndihet si nj\u00eb f\u00ebmij\u00eb i madh! St\u00ebp p\u00ebrdoret gjat\u00eb larjes s\u00eb dh\u00ebmb\u00ebve, larjes s\u00eb duarve apo edhe ndihm\u00ebs n\u00eb kuzhin\u00eb.<\/p>","protected":false},"featured_media":4145,"template":"","meta":{"_acf_changed":false,"inline_featured_image":false},"product_brand":[],"product_cat":[34],"product_tag":[535],"class_list":{"0":"post-2834","1":"product","2":"type-product","3":"status-publish","4":"has-post-thumbnail","6":"product_cat-bbluv","7":"product_tag-bbluv","8":"wpisset-post","9":"wpisset-post-featured","10":"wpisset-woo-has-gallery","12":"first","13":"instock","14":"shipping-taxable","15":"purchasable","16":"product-type-variable"},"acf":[],"_links":{"self":[{"href":"https:\/\/prime-distributor.al\/en\/wp-json\/wp\/v2\/product\/2834","targetHints":{"allow":["GET"]}}],"collection":[{"href":"https:\/\/prime-distributor.al\/en\/wp-json\/wp\/v2\/product"}],"about":[{"href":"https:\/\/prime-distributor.al\/en\/wp-json\/wp\/v2\/types\/product"}],"wp:featuredmedia":[{"embeddable":true,"href":"https:\/\/prime-distributor.al\/en\/wp-json\/wp\/v2\/media\/4145"}],"wp:attachment":[{"href":"https:\/\/prime-distributor.al\/en\/wp-json\/wp\/v2\/media?parent=2834"}],"wp:term":[{"taxonomy":"product_brand","embeddable":true,"href":"https:\/\/prime-distributor.al\/en\/wp-json\/wp\/v2\/product_brand?post=2834"},{"taxonomy":"product_cat","embeddable":true,"href":"https:\/\/prime-distributor.al\/en\/wp-json\/wp\/v2\/product_cat?post=2834"},{"taxonomy":"product_tag","embeddable":true,"href":"https:\/\/prime-distributor.al\/en\/wp-json\/wp\/v2\/product_tag?post=2834"}],"curies":[{"name":"wp","href":"https:\/\/api.w.org\/{rel}","templated":true}]}}