{"id":2833,"date":"2022-03-29T09:48:34","date_gmt":"2022-03-29T09:48:34","guid":{"rendered":"https:\/\/prime-distributor.al\/?post_type=product&#038;p=2833"},"modified":"2026-04-27T14:16:08","modified_gmt":"2026-04-27T14:16:08","slug":"potty-training-seat","status":"publish","type":"product","link":"https:\/\/prime-distributor.al\/en\/product\/potty-training-seat\/","title":{"rendered":"Potty Training Seat"},"content":{"rendered":"<h2>bbl\u00fcv &#8211; Potty Training Seat<\/h2>\n<p>I leht\u00eb p\u00ebr t&#8217;u pastruar, p\u00ebrshtatet n\u00eb shumic\u00ebn e tualeteve dhe \u00ebsht\u00eb i dizajnuar p\u00ebr t&#8217;a mbajtur f\u00ebmij\u00ebn tuaj n\u00eb m\u00ebnyr\u00eb t\u00eb sigurt, duke i dh\u00ebn\u00eb m\u00eb shum\u00eb besim vog\u00eblushit tuaj p\u00ebr t\u00eb kaluar k\u00ebt\u00eb moment historik t\u00eb ri t\u00eb r\u00ebnd\u00ebsish\u00ebm.<\/p>\n<ul>\n<li>Jast\u00ebk i rehatsh\u00ebm, i l\u00ebvizsh\u00ebm dhe i leht\u00eb p\u00ebr t&#8217;u pastruar<\/li>\n<li>Madh\u00ebsia universale q\u00eb i p\u00ebrshtatet shumic\u00ebs s\u00eb tualeteve<\/li>\n<li>Mb\u00ebshtjell\u00ebsit pa rr\u00ebshqitje mbajn\u00eb ul\u00ebsen e leht\u00eb n\u00eb vend<\/li>\n<li>Dorezat e lehta sigurojn\u00eb stabilitet shtes\u00eb p\u00ebr f\u00ebmij\u00ebn tuaj<\/li>\n<li>Dizajn arg\u00ebtues<\/li>\n<li>Jo toksike, e b\u00ebr\u00eb nga material pa BPA<\/li>\n<li>P\u00ebrmasat: 38.1 cm x 40.6 cm x 6.1 cm<\/li>\n<\/ul>","protected":false},"excerpt":{"rendered":"<h2>P\u00f6ti<\/h2>\n<p>Siguroni nj\u00eb p\u00ebrvoj\u00eb t\u00eb q\u00ebndrueshme dhe t\u00eb rehatshme p\u00ebr kalimin nga oturak n\u00eb WC p\u00ebr f\u00ebmij\u00ebn tuaj. Nj\u00eb gj\u00eb e domosdoshme!<\/p>","protected":false},"featured_media":22368,"template":"","meta":{"_acf_changed":false,"inline_featured_image":false},"product_brand":[],"product_cat":[34],"product_tag":[535],"class_list":{"0":"post-2833","1":"product","2":"type-product","3":"status-publish","4":"has-post-thumbnail","6":"product_cat-bbluv","7":"product_tag-bbluv","8":"wpisset-post","9":"wpisset-post-featured","10":"wpisset-woo-has-gallery","12":"first","13":"instock","14":"shipping-taxable","15":"purchasable","16":"product-type-variable"},"acf":[],"_links":{"self":[{"href":"https:\/\/prime-distributor.al\/en\/wp-json\/wp\/v2\/product\/2833","targetHints":{"allow":["GET"]}}],"collection":[{"href":"https:\/\/prime-distributor.al\/en\/wp-json\/wp\/v2\/product"}],"about":[{"href":"https:\/\/prime-distributor.al\/en\/wp-json\/wp\/v2\/types\/product"}],"wp:featuredmedia":[{"embeddable":true,"href":"https:\/\/prime-distributor.al\/en\/wp-json\/wp\/v2\/media\/22368"}],"wp:attachment":[{"href":"https:\/\/prime-distributor.al\/en\/wp-json\/wp\/v2\/media?parent=2833"}],"wp:term":[{"taxonomy":"product_brand","embeddable":true,"href":"https:\/\/prime-distributor.al\/en\/wp-json\/wp\/v2\/product_brand?post=2833"},{"taxonomy":"product_cat","embeddable":true,"href":"https:\/\/prime-distributor.al\/en\/wp-json\/wp\/v2\/product_cat?post=2833"},{"taxonomy":"product_tag","embeddable":true,"href":"https:\/\/prime-distributor.al\/en\/wp-json\/wp\/v2\/product_tag?post=2833"}],"curies":[{"name":"wp","href":"https:\/\/api.w.org\/{rel}","templated":true}]}}