{"id":2831,"date":"2022-03-29T09:48:34","date_gmt":"2022-03-29T09:48:34","guid":{"rendered":"https:\/\/prime-distributor.al\/?post_type=product&#038;p=2831"},"modified":"2026-04-30T09:23:42","modified_gmt":"2026-04-30T09:23:42","slug":"digital-thermometer-and-hygrometer","status":"publish","type":"product","link":"https:\/\/prime-distributor.al\/en\/product\/digital-thermometer-and-hygrometer\/","title":{"rendered":"Digital Thermometer and Hygrometer"},"content":{"rendered":"<h2>bbl\u00fcv &#8211; Digital Thermometer and Hygrometer<\/h2>\n<ul>\n<li>Lexim i shpejt\u00eb dhe i sakt\u00eb<\/li>\n<li>Monitor p\u00ebr komoditet n\u00eb dhom\u00eb<\/li>\n<li>Ora dhe alarmi (format 12h ose 24h)<\/li>\n<li>Ekran LCD me kontrast t\u00eb lart\u00eb<\/li>\n<li>Nj\u00ebsit\u00eb mat\u00ebse: Fahrenheit ose Celsius<\/li>\n<li>K\u00ebrkon 2 bateri AAA (nuk p\u00ebrfshihen)<\/li>\n<li>P\u00ebrmasat: 6.4 cm x 11.4 cm x 2.3 cm<\/li>\n<\/ul>","protected":false},"excerpt":{"rendered":"<h2>Igr\u00f6<\/h2>\n<p>Matni me sakt\u00ebsi nivelin e temperatur\u00ebs dhe lag\u00ebshtis\u00eb n\u00eb dhom\u00eb, me nj\u00eb tregues unik komoditeti q\u00eb \u00ebsht\u00eb i leht\u00eb p\u00ebr t&#8217;u lexuar.<\/p>","protected":false},"featured_media":4246,"template":"","meta":{"_acf_changed":false,"inline_featured_image":false},"product_brand":[],"product_cat":[34],"product_tag":[535],"class_list":{"0":"post-2831","1":"product","2":"type-product","3":"status-publish","4":"has-post-thumbnail","6":"product_cat-bbluv","7":"product_tag-bbluv","8":"wpisset-post","9":"wpisset-post-featured","10":"wpisset-woo-has-gallery","12":"first","13":"instock","14":"shipping-taxable","15":"purchasable","16":"product-type-simple"},"acf":[],"_links":{"self":[{"href":"https:\/\/prime-distributor.al\/en\/wp-json\/wp\/v2\/product\/2831","targetHints":{"allow":["GET"]}}],"collection":[{"href":"https:\/\/prime-distributor.al\/en\/wp-json\/wp\/v2\/product"}],"about":[{"href":"https:\/\/prime-distributor.al\/en\/wp-json\/wp\/v2\/types\/product"}],"wp:featuredmedia":[{"embeddable":true,"href":"https:\/\/prime-distributor.al\/en\/wp-json\/wp\/v2\/media\/4246"}],"wp:attachment":[{"href":"https:\/\/prime-distributor.al\/en\/wp-json\/wp\/v2\/media?parent=2831"}],"wp:term":[{"taxonomy":"product_brand","embeddable":true,"href":"https:\/\/prime-distributor.al\/en\/wp-json\/wp\/v2\/product_brand?post=2831"},{"taxonomy":"product_cat","embeddable":true,"href":"https:\/\/prime-distributor.al\/en\/wp-json\/wp\/v2\/product_cat?post=2831"},{"taxonomy":"product_tag","embeddable":true,"href":"https:\/\/prime-distributor.al\/en\/wp-json\/wp\/v2\/product_tag?post=2831"}],"curies":[{"name":"wp","href":"https:\/\/api.w.org\/{rel}","templated":true}]}}