{"id":2830,"date":"2022-03-29T09:48:33","date_gmt":"2022-03-29T09:48:33","guid":{"rendered":"https:\/\/prime-distributor.al\/?post_type=product&#038;p=2830"},"modified":"2026-04-02T08:40:20","modified_gmt":"2026-04-02T08:40:20","slug":"the-portable-baby-night-light","status":"publish","type":"product","link":"https:\/\/prime-distributor.al\/en\/product\/the-portable-baby-night-light\/","title":{"rendered":"The Portable Baby Night Light"},"content":{"rendered":"<h2>bbl\u00fcv &#8211; The Portable Baby Night Light<\/h2>\n<p>Kompakt, i q\u00ebndruesh\u00ebm dhe i l\u00ebvizsh\u00ebm, f\u00ebmij\u00ebt mund ta mbajn\u00eb me vete kudo q\u00eb shkojn\u00eb!<\/p>\n<ul>\n<li>Silikoni rezistent ndaj goditjeve<\/li>\n<li>Deri n\u00eb 15 or\u00eb p\u00ebrdorim t\u00eb vazhduesh\u00ebm<\/li>\n<li>3 koh\u00ebmat\u00ebs automatik t\u00eb fikjes<\/li>\n<li>10 nivele ndri\u00e7imi<\/li>\n<li>3 cikle ngjyrash (alternative, kalimtare ose fikse)<\/li>\n<li>9 ngjyra t\u00eb ndryshme LED me kontroll me prekje<\/li>\n<li>Bateri t\u00eb karikueshme<\/li>\n<li>1 telekomand\u00eb<\/li>\n<li>1 kabllo USB p\u00ebr karikim<\/li>\n<li>P\u00ebrmasat: 9.9 x 8.8 x 12 cm<\/li>\n<\/ul>","protected":false},"excerpt":{"rendered":"<h2>Hib\u00fc<\/h2>\n<p>E b\u00ebr\u00eb nga silikoni rezistent ndaj goditjeve, Hib\u00fc \u00ebsht\u00eb shoq\u00ebruesi i p\u00ebrsosur i nat\u00ebs p\u00ebr f\u00ebmij\u00ebn tuaj! Me prekje t\u00eb leht\u00eb p\u00ebr t&#8217;u p\u00ebrdorur ose telekomand\u00eb, f\u00ebmija mund t\u00eb zgjedh\u00eb ngjyr\u00ebn dhe ndri\u00e7imin vet\u00eb.<\/p>","protected":false},"featured_media":4280,"template":"","meta":{"_acf_changed":false,"inline_featured_image":false},"product_brand":[],"product_cat":[34],"product_tag":[535],"class_list":{"0":"post-2830","1":"product","2":"type-product","3":"status-publish","4":"has-post-thumbnail","6":"product_cat-bbluv","7":"product_tag-bbluv","8":"wpisset-post","9":"wpisset-post-featured","10":"wpisset-woo-has-gallery","12":"first","13":"instock","14":"shipping-taxable","15":"purchasable","16":"product-type-simple"},"acf":[],"_links":{"self":[{"href":"https:\/\/prime-distributor.al\/en\/wp-json\/wp\/v2\/product\/2830","targetHints":{"allow":["GET"]}}],"collection":[{"href":"https:\/\/prime-distributor.al\/en\/wp-json\/wp\/v2\/product"}],"about":[{"href":"https:\/\/prime-distributor.al\/en\/wp-json\/wp\/v2\/types\/product"}],"wp:featuredmedia":[{"embeddable":true,"href":"https:\/\/prime-distributor.al\/en\/wp-json\/wp\/v2\/media\/4280"}],"wp:attachment":[{"href":"https:\/\/prime-distributor.al\/en\/wp-json\/wp\/v2\/media?parent=2830"}],"wp:term":[{"taxonomy":"product_brand","embeddable":true,"href":"https:\/\/prime-distributor.al\/en\/wp-json\/wp\/v2\/product_brand?post=2830"},{"taxonomy":"product_cat","embeddable":true,"href":"https:\/\/prime-distributor.al\/en\/wp-json\/wp\/v2\/product_cat?post=2830"},{"taxonomy":"product_tag","embeddable":true,"href":"https:\/\/prime-distributor.al\/en\/wp-json\/wp\/v2\/product_tag?post=2830"}],"curies":[{"name":"wp","href":"https:\/\/api.w.org\/{rel}","templated":true}]}}